{"id":506,"date":"2018-03-15T16:05:48","date_gmt":"2018-03-15T14:05:48","guid":{"rendered":"https:\/\/www.tot-design.ro\/?page_id=506"},"modified":"2018-10-19T11:19:11","modified_gmt":"2018-10-19T08:19:11","slug":"personalizari-textile","status":"publish","type":"page","link":"https:\/\/www.tot-design.ro\/neamt\/portofoliu\/personalizari-textile\/","title":{"rendered":"Personaliz\u0103ri textile"},"content":{"rendered":"<p>Mie personal \u00eemi place c\u00e2nd v\u0103d angaja\u0163ii unei firme \u00eembr\u0103ca\u0163i cu <strong>echipamente inscrip\u0163ionate<\/strong>. Fie c\u0103 este vorba de tricou, \u015fapc\u0103, vest\u0103, salopet\u0103 sau alt tip de echipament de lucru, echipamentele personalizate accentueaz\u0103 ideea de profesionalism.<\/p>\n\n\t\t\t<style type='text\/css'>\n\t\t\t\t#gallery-1 {\n\t\t\t\t\tmargin: auto;\n\t\t\t\t}\n\t\t\t\t#gallery-1 .gallery-item {\n\t\t\t\t\tfloat: left;\n\t\t\t\t\tmargin-top: 10px;\n\t\t\t\t\ttext-align: center;\n\t\t\t\t\twidth: 19.99%;\n\t\t\t\t}\n\t\t\t\t#gallery-1 img {\n\t\t\t\t\tborder: 2px solid #cfcfcf;\n\t\t\t\t}\n\t\t\t\t#gallery-1 .gallery-caption {\n\t\t\t\t\tmargin-left: 0;\n\t\t\t\t}\n\t\t\t\t\/* see gallery_shortcode() in wp-includes\/media.php *\/\n\t\t\t<\/style>\n\t\t<div id='gallery-1' class='gallery galleryid-506 gallery-columns-5 gallery-size-thumbnail file'><dl class='gallery-item'>\n\t\t\t\t<dt class='gallery-icon portrait'>\n\t\t\t\t\t<a href='https:\/\/www.tot-design.ro\/neamt\/wp-content\/uploads\/2018\/03\/Personalizari-textile-1.jpg'><img width=\"150\" height=\"150\" src=\"https:\/\/www.tot-design.ro\/neamt\/wp-content\/uploads\/2018\/03\/Personalizari-textile-1-150x150.jpg\" class=\"attachment-thumbnail size-thumbnail\" alt=\"\" decoding=\"async\" loading=\"lazy\" srcset=\"https:\/\/www.tot-design.ro\/neamt\/wp-content\/uploads\/2018\/03\/Personalizari-textile-1-150x150.jpg 150w, https:\/\/www.tot-design.ro\/neamt\/wp-content\/uploads\/2018\/03\/Personalizari-textile-1-85x85.jpg 85w, https:\/\/www.tot-design.ro\/neamt\/wp-content\/uploads\/2018\/03\/Personalizari-textile-1-80x80.jpg 80w\" sizes=\"(max-width: 150px) 100vw, 150px\" \/><\/a>\n\t\t\t\t<\/dt><\/dl><dl class='gallery-item'>\n\t\t\t\t<dt class='gallery-icon landscape'>\n\t\t\t\t\t<a href='https:\/\/www.tot-design.ro\/neamt\/wp-content\/uploads\/2018\/03\/Personalizari-textile-2.jpg'><img width=\"150\" height=\"150\" src=\"https:\/\/www.tot-design.ro\/neamt\/wp-content\/uploads\/2018\/03\/Personalizari-textile-2-150x150.jpg\" class=\"attachment-thumbnail size-thumbnail\" alt=\"\" decoding=\"async\" loading=\"lazy\" srcset=\"https:\/\/www.tot-design.ro\/neamt\/wp-content\/uploads\/2018\/03\/Personalizari-textile-2-150x150.jpg 150w, https:\/\/www.tot-design.ro\/neamt\/wp-content\/uploads\/2018\/03\/Personalizari-textile-2-85x85.jpg 85w, https:\/\/www.tot-design.ro\/neamt\/wp-content\/uploads\/2018\/03\/Personalizari-textile-2-80x80.jpg 80w\" sizes=\"(max-width: 150px) 100vw, 150px\" \/><\/a>\n\t\t\t\t<\/dt><\/dl><dl class='gallery-item'>\n\t\t\t\t<dt class='gallery-icon portrait'>\n\t\t\t\t\t<a href='https:\/\/www.tot-design.ro\/neamt\/wp-content\/uploads\/2018\/03\/Personalizari-textile-3.jpg'><img width=\"150\" height=\"150\" src=\"https:\/\/www.tot-design.ro\/neamt\/wp-content\/uploads\/2018\/03\/Personalizari-textile-3-150x150.jpg\" class=\"attachment-thumbnail size-thumbnail\" alt=\"\" decoding=\"async\" loading=\"lazy\" srcset=\"https:\/\/www.tot-design.ro\/neamt\/wp-content\/uploads\/2018\/03\/Personalizari-textile-3-150x150.jpg 150w, https:\/\/www.tot-design.ro\/neamt\/wp-content\/uploads\/2018\/03\/Personalizari-textile-3-85x85.jpg 85w, https:\/\/www.tot-design.ro\/neamt\/wp-content\/uploads\/2018\/03\/Personalizari-textile-3-80x80.jpg 80w\" sizes=\"(max-width: 150px) 100vw, 150px\" \/><\/a>\n\t\t\t\t<\/dt><\/dl><dl class='gallery-item'>\n\t\t\t\t<dt class='gallery-icon portrait'>\n\t\t\t\t\t<a href='https:\/\/www.tot-design.ro\/neamt\/wp-content\/uploads\/2018\/03\/Personalizari-textile-4.jpg'><img width=\"150\" height=\"150\" src=\"https:\/\/www.tot-design.ro\/neamt\/wp-content\/uploads\/2018\/03\/Personalizari-textile-4-150x150.jpg\" class=\"attachment-thumbnail size-thumbnail\" alt=\"\" decoding=\"async\" loading=\"lazy\" srcset=\"https:\/\/www.tot-design.ro\/neamt\/wp-content\/uploads\/2018\/03\/Personalizari-textile-4-150x150.jpg 150w, https:\/\/www.tot-design.ro\/neamt\/wp-content\/uploads\/2018\/03\/Personalizari-textile-4-85x85.jpg 85w, https:\/\/www.tot-design.ro\/neamt\/wp-content\/uploads\/2018\/03\/Personalizari-textile-4-80x80.jpg 80w\" sizes=\"(max-width: 150px) 100vw, 150px\" \/><\/a>\n\t\t\t\t<\/dt><\/dl><dl class='gallery-item'>\n\t\t\t\t<dt class='gallery-icon portrait'>\n\t\t\t\t\t<a href='https:\/\/www.tot-design.ro\/neamt\/wp-content\/uploads\/2018\/03\/Personalizari-textile-5.jpg'><img width=\"150\" height=\"150\" src=\"https:\/\/www.tot-design.ro\/neamt\/wp-content\/uploads\/2018\/03\/Personalizari-textile-5-150x150.jpg\" class=\"attachment-thumbnail size-thumbnail\" alt=\"\" decoding=\"async\" loading=\"lazy\" srcset=\"https:\/\/www.tot-design.ro\/neamt\/wp-content\/uploads\/2018\/03\/Personalizari-textile-5-150x150.jpg 150w, https:\/\/www.tot-design.ro\/neamt\/wp-content\/uploads\/2018\/03\/Personalizari-textile-5-85x85.jpg 85w, https:\/\/www.tot-design.ro\/neamt\/wp-content\/uploads\/2018\/03\/Personalizari-textile-5-80x80.jpg 80w\" sizes=\"(max-width: 150px) 100vw, 150px\" \/><\/a>\n\t\t\t\t<\/dt><\/dl><br style=\"clear: both\" \/><dl class='gallery-item'>\n\t\t\t\t<dt class='gallery-icon portrait'>\n\t\t\t\t\t<a href='https:\/\/www.tot-design.ro\/neamt\/wp-content\/uploads\/2018\/03\/Personalizari-textile-6.jpg'><img width=\"150\" height=\"150\" src=\"https:\/\/www.tot-design.ro\/neamt\/wp-content\/uploads\/2018\/03\/Personalizari-textile-6-150x150.jpg\" class=\"attachment-thumbnail size-thumbnail\" alt=\"\" decoding=\"async\" loading=\"lazy\" srcset=\"https:\/\/www.tot-design.ro\/neamt\/wp-content\/uploads\/2018\/03\/Personalizari-textile-6-150x150.jpg 150w, https:\/\/www.tot-design.ro\/neamt\/wp-content\/uploads\/2018\/03\/Personalizari-textile-6-85x85.jpg 85w, https:\/\/www.tot-design.ro\/neamt\/wp-content\/uploads\/2018\/03\/Personalizari-textile-6-80x80.jpg 80w\" sizes=\"(max-width: 150px) 100vw, 150px\" \/><\/a>\n\t\t\t\t<\/dt><\/dl><dl class='gallery-item'>\n\t\t\t\t<dt class='gallery-icon landscape'>\n\t\t\t\t\t<a href='https:\/\/www.tot-design.ro\/neamt\/wp-content\/uploads\/2018\/03\/Personalizari-textile-7.jpg'><img width=\"150\" height=\"150\" src=\"https:\/\/www.tot-design.ro\/neamt\/wp-content\/uploads\/2018\/03\/Personalizari-textile-7-150x150.jpg\" class=\"attachment-thumbnail size-thumbnail\" alt=\"\" decoding=\"async\" loading=\"lazy\" srcset=\"https:\/\/www.tot-design.ro\/neamt\/wp-content\/uploads\/2018\/03\/Personalizari-textile-7-150x150.jpg 150w, https:\/\/www.tot-design.ro\/neamt\/wp-content\/uploads\/2018\/03\/Personalizari-textile-7-85x85.jpg 85w, https:\/\/www.tot-design.ro\/neamt\/wp-content\/uploads\/2018\/03\/Personalizari-textile-7-80x80.jpg 80w\" sizes=\"(max-width: 150px) 100vw, 150px\" \/><\/a>\n\t\t\t\t<\/dt><\/dl><dl class='gallery-item'>\n\t\t\t\t<dt class='gallery-icon landscape'>\n\t\t\t\t\t<a href='https:\/\/www.tot-design.ro\/neamt\/wp-content\/uploads\/2018\/03\/Personalizari-textile-8.jpg'><img width=\"150\" height=\"150\" src=\"https:\/\/www.tot-design.ro\/neamt\/wp-content\/uploads\/2018\/03\/Personalizari-textile-8-150x150.jpg\" class=\"attachment-thumbnail size-thumbnail\" alt=\"\" decoding=\"async\" loading=\"lazy\" srcset=\"https:\/\/www.tot-design.ro\/neamt\/wp-content\/uploads\/2018\/03\/Personalizari-textile-8-150x150.jpg 150w, https:\/\/www.tot-design.ro\/neamt\/wp-content\/uploads\/2018\/03\/Personalizari-textile-8-85x85.jpg 85w, https:\/\/www.tot-design.ro\/neamt\/wp-content\/uploads\/2018\/03\/Personalizari-textile-8-80x80.jpg 80w\" sizes=\"(max-width: 150px) 100vw, 150px\" \/><\/a>\n\t\t\t\t<\/dt><\/dl><dl class='gallery-item'>\n\t\t\t\t<dt class='gallery-icon landscape'>\n\t\t\t\t\t<a href='https:\/\/www.tot-design.ro\/neamt\/wp-content\/uploads\/2018\/03\/Personalizari-textile-9.jpg'><img width=\"150\" height=\"150\" src=\"https:\/\/www.tot-design.ro\/neamt\/wp-content\/uploads\/2018\/03\/Personalizari-textile-9-150x150.jpg\" class=\"attachment-thumbnail size-thumbnail\" alt=\"\" decoding=\"async\" loading=\"lazy\" srcset=\"https:\/\/www.tot-design.ro\/neamt\/wp-content\/uploads\/2018\/03\/Personalizari-textile-9-150x150.jpg 150w, https:\/\/www.tot-design.ro\/neamt\/wp-content\/uploads\/2018\/03\/Personalizari-textile-9-85x85.jpg 85w, https:\/\/www.tot-design.ro\/neamt\/wp-content\/uploads\/2018\/03\/Personalizari-textile-9-80x80.jpg 80w\" sizes=\"(max-width: 150px) 100vw, 150px\" \/><\/a>\n\t\t\t\t<\/dt><\/dl><dl class='gallery-item'>\n\t\t\t\t<dt class='gallery-icon landscape'>\n\t\t\t\t\t<a href='https:\/\/www.tot-design.ro\/neamt\/wp-content\/uploads\/2018\/03\/Personalizari-textile-10.jpg'><img width=\"150\" height=\"150\" src=\"https:\/\/www.tot-design.ro\/neamt\/wp-content\/uploads\/2018\/03\/Personalizari-textile-10-150x150.jpg\" class=\"attachment-thumbnail size-thumbnail\" alt=\"\" decoding=\"async\" loading=\"lazy\" srcset=\"https:\/\/www.tot-design.ro\/neamt\/wp-content\/uploads\/2018\/03\/Personalizari-textile-10-150x150.jpg 150w, https:\/\/www.tot-design.ro\/neamt\/wp-content\/uploads\/2018\/03\/Personalizari-textile-10-85x85.jpg 85w, https:\/\/www.tot-design.ro\/neamt\/wp-content\/uploads\/2018\/03\/Personalizari-textile-10-80x80.jpg 80w\" sizes=\"(max-width: 150px) 100vw, 150px\" \/><\/a>\n\t\t\t\t<\/dt><\/dl><br style=\"clear: both\" \/><dl class='gallery-item'>\n\t\t\t\t<dt class='gallery-icon landscape'>\n\t\t\t\t\t<a href='https:\/\/www.tot-design.ro\/neamt\/wp-content\/uploads\/2018\/03\/Personalizari-textile-11.jpg'><img width=\"150\" height=\"150\" src=\"https:\/\/www.tot-design.ro\/neamt\/wp-content\/uploads\/2018\/03\/Personalizari-textile-11-150x150.jpg\" class=\"attachment-thumbnail size-thumbnail\" alt=\"\" decoding=\"async\" loading=\"lazy\" srcset=\"https:\/\/www.tot-design.ro\/neamt\/wp-content\/uploads\/2018\/03\/Personalizari-textile-11-150x150.jpg 150w, https:\/\/www.tot-design.ro\/neamt\/wp-content\/uploads\/2018\/03\/Personalizari-textile-11-85x85.jpg 85w, https:\/\/www.tot-design.ro\/neamt\/wp-content\/uploads\/2018\/03\/Personalizari-textile-11-80x80.jpg 80w\" sizes=\"(max-width: 150px) 100vw, 150px\" \/><\/a>\n\t\t\t\t<\/dt><\/dl><dl class='gallery-item'>\n\t\t\t\t<dt class='gallery-icon landscape'>\n\t\t\t\t\t<a href='https:\/\/www.tot-design.ro\/neamt\/wp-content\/uploads\/2018\/03\/Personalizari-textile-12.jpg'><img width=\"150\" height=\"150\" src=\"https:\/\/www.tot-design.ro\/neamt\/wp-content\/uploads\/2018\/03\/Personalizari-textile-12-150x150.jpg\" class=\"attachment-thumbnail size-thumbnail\" alt=\"\" decoding=\"async\" loading=\"lazy\" srcset=\"https:\/\/www.tot-design.ro\/neamt\/wp-content\/uploads\/2018\/03\/Personalizari-textile-12-150x150.jpg 150w, https:\/\/www.tot-design.ro\/neamt\/wp-content\/uploads\/2018\/03\/Personalizari-textile-12-85x85.jpg 85w, https:\/\/www.tot-design.ro\/neamt\/wp-content\/uploads\/2018\/03\/Personalizari-textile-12-80x80.jpg 80w\" sizes=\"(max-width: 150px) 100vw, 150px\" \/><\/a>\n\t\t\t\t<\/dt><\/dl><dl class='gallery-item'>\n\t\t\t\t<dt class='gallery-icon landscape'>\n\t\t\t\t\t<a href='https:\/\/www.tot-design.ro\/neamt\/wp-content\/uploads\/2018\/03\/Personalizari-textile-13.jpg'><img width=\"150\" height=\"150\" src=\"https:\/\/www.tot-design.ro\/neamt\/wp-content\/uploads\/2018\/03\/Personalizari-textile-13-150x150.jpg\" class=\"attachment-thumbnail size-thumbnail\" alt=\"\" decoding=\"async\" loading=\"lazy\" srcset=\"https:\/\/www.tot-design.ro\/neamt\/wp-content\/uploads\/2018\/03\/Personalizari-textile-13-150x150.jpg 150w, https:\/\/www.tot-design.ro\/neamt\/wp-content\/uploads\/2018\/03\/Personalizari-textile-13-85x85.jpg 85w, https:\/\/www.tot-design.ro\/neamt\/wp-content\/uploads\/2018\/03\/Personalizari-textile-13-80x80.jpg 80w\" sizes=\"(max-width: 150px) 100vw, 150px\" \/><\/a>\n\t\t\t\t<\/dt><\/dl><dl class='gallery-item'>\n\t\t\t\t<dt class='gallery-icon landscape'>\n\t\t\t\t\t<a href='https:\/\/www.tot-design.ro\/neamt\/wp-content\/uploads\/2018\/03\/Personalizari-textile-14.jpg'><img width=\"150\" height=\"150\" src=\"https:\/\/www.tot-design.ro\/neamt\/wp-content\/uploads\/2018\/03\/Personalizari-textile-14-150x150.jpg\" class=\"attachment-thumbnail size-thumbnail\" alt=\"\" decoding=\"async\" loading=\"lazy\" srcset=\"https:\/\/www.tot-design.ro\/neamt\/wp-content\/uploads\/2018\/03\/Personalizari-textile-14-150x150.jpg 150w, https:\/\/www.tot-design.ro\/neamt\/wp-content\/uploads\/2018\/03\/Personalizari-textile-14-85x85.jpg 85w, https:\/\/www.tot-design.ro\/neamt\/wp-content\/uploads\/2018\/03\/Personalizari-textile-14-80x80.jpg 80w\" sizes=\"(max-width: 150px) 100vw, 150px\" \/><\/a>\n\t\t\t\t<\/dt><\/dl><dl class='gallery-item'>\n\t\t\t\t<dt class='gallery-icon landscape'>\n\t\t\t\t\t<a href='https:\/\/www.tot-design.ro\/neamt\/wp-content\/uploads\/2018\/03\/Personalizari-textile-15.jpg'><img width=\"150\" height=\"150\" src=\"https:\/\/www.tot-design.ro\/neamt\/wp-content\/uploads\/2018\/03\/Personalizari-textile-15-150x150.jpg\" class=\"attachment-thumbnail size-thumbnail\" alt=\"\" decoding=\"async\" loading=\"lazy\" srcset=\"https:\/\/www.tot-design.ro\/neamt\/wp-content\/uploads\/2018\/03\/Personalizari-textile-15-150x150.jpg 150w, https:\/\/www.tot-design.ro\/neamt\/wp-content\/uploads\/2018\/03\/Personalizari-textile-15-85x85.jpg 85w, https:\/\/www.tot-design.ro\/neamt\/wp-content\/uploads\/2018\/03\/Personalizari-textile-15-80x80.jpg 80w\" sizes=\"(max-width: 150px) 100vw, 150px\" \/><\/a>\n\t\t\t\t<\/dt><\/dl><br style=\"clear: both\" \/><dl class='gallery-item'>\n\t\t\t\t<dt class='gallery-icon landscape'>\n\t\t\t\t\t<a href='https:\/\/www.tot-design.ro\/neamt\/wp-content\/uploads\/2018\/03\/Personalizari-textile-16.jpg'><img width=\"150\" height=\"150\" src=\"https:\/\/www.tot-design.ro\/neamt\/wp-content\/uploads\/2018\/03\/Personalizari-textile-16-150x150.jpg\" class=\"attachment-thumbnail size-thumbnail\" alt=\"\" decoding=\"async\" loading=\"lazy\" srcset=\"https:\/\/www.tot-design.ro\/neamt\/wp-content\/uploads\/2018\/03\/Personalizari-textile-16-150x150.jpg 150w, https:\/\/www.tot-design.ro\/neamt\/wp-content\/uploads\/2018\/03\/Personalizari-textile-16-85x85.jpg 85w, https:\/\/www.tot-design.ro\/neamt\/wp-content\/uploads\/2018\/03\/Personalizari-textile-16-80x80.jpg 80w\" sizes=\"(max-width: 150px) 100vw, 150px\" \/><\/a>\n\t\t\t\t<\/dt><\/dl><dl class='gallery-item'>\n\t\t\t\t<dt class='gallery-icon landscape'>\n\t\t\t\t\t<a href='https:\/\/www.tot-design.ro\/neamt\/wp-content\/uploads\/2018\/03\/Personalizari-textile-17.jpg'><img width=\"150\" height=\"150\" src=\"https:\/\/www.tot-design.ro\/neamt\/wp-content\/uploads\/2018\/03\/Personalizari-textile-17-150x150.jpg\" class=\"attachment-thumbnail size-thumbnail\" alt=\"\" decoding=\"async\" loading=\"lazy\" srcset=\"https:\/\/www.tot-design.ro\/neamt\/wp-content\/uploads\/2018\/03\/Personalizari-textile-17-150x150.jpg 150w, https:\/\/www.tot-design.ro\/neamt\/wp-content\/uploads\/2018\/03\/Personalizari-textile-17-85x85.jpg 85w, https:\/\/www.tot-design.ro\/neamt\/wp-content\/uploads\/2018\/03\/Personalizari-textile-17-80x80.jpg 80w\" sizes=\"(max-width: 150px) 100vw, 150px\" \/><\/a>\n\t\t\t\t<\/dt><\/dl><dl class='gallery-item'>\n\t\t\t\t<dt class='gallery-icon portrait'>\n\t\t\t\t\t<a href='https:\/\/www.tot-design.ro\/neamt\/wp-content\/uploads\/2018\/03\/Personalizari-textile-18.jpg'><img width=\"150\" height=\"150\" src=\"https:\/\/www.tot-design.ro\/neamt\/wp-content\/uploads\/2018\/03\/Personalizari-textile-18-150x150.jpg\" class=\"attachment-thumbnail size-thumbnail\" alt=\"\" decoding=\"async\" loading=\"lazy\" srcset=\"https:\/\/www.tot-design.ro\/neamt\/wp-content\/uploads\/2018\/03\/Personalizari-textile-18-150x150.jpg 150w, https:\/\/www.tot-design.ro\/neamt\/wp-content\/uploads\/2018\/03\/Personalizari-textile-18-85x85.jpg 85w, https:\/\/www.tot-design.ro\/neamt\/wp-content\/uploads\/2018\/03\/Personalizari-textile-18-80x80.jpg 80w\" sizes=\"(max-width: 150px) 100vw, 150px\" \/><\/a>\n\t\t\t\t<\/dt><\/dl><dl class='gallery-item'>\n\t\t\t\t<dt class='gallery-icon portrait'>\n\t\t\t\t\t<a href='https:\/\/www.tot-design.ro\/neamt\/wp-content\/uploads\/2018\/03\/Personalizari-textile-19.jpg'><img width=\"150\" height=\"150\" src=\"https:\/\/www.tot-design.ro\/neamt\/wp-content\/uploads\/2018\/03\/Personalizari-textile-19-150x150.jpg\" class=\"attachment-thumbnail size-thumbnail\" alt=\"\" decoding=\"async\" loading=\"lazy\" srcset=\"https:\/\/www.tot-design.ro\/neamt\/wp-content\/uploads\/2018\/03\/Personalizari-textile-19-150x150.jpg 150w, https:\/\/www.tot-design.ro\/neamt\/wp-content\/uploads\/2018\/03\/Personalizari-textile-19-85x85.jpg 85w, https:\/\/www.tot-design.ro\/neamt\/wp-content\/uploads\/2018\/03\/Personalizari-textile-19-80x80.jpg 80w\" sizes=\"(max-width: 150px) 100vw, 150px\" \/><\/a>\n\t\t\t\t<\/dt><\/dl><dl class='gallery-item'>\n\t\t\t\t<dt class='gallery-icon portrait'>\n\t\t\t\t\t<a href='https:\/\/www.tot-design.ro\/neamt\/wp-content\/uploads\/2018\/03\/Personalizari-textile-20.jpg'><img width=\"150\" height=\"150\" src=\"https:\/\/www.tot-design.ro\/neamt\/wp-content\/uploads\/2018\/03\/Personalizari-textile-20-150x150.jpg\" class=\"attachment-thumbnail size-thumbnail\" alt=\"\" decoding=\"async\" loading=\"lazy\" srcset=\"https:\/\/www.tot-design.ro\/neamt\/wp-content\/uploads\/2018\/03\/Personalizari-textile-20-150x150.jpg 150w, https:\/\/www.tot-design.ro\/neamt\/wp-content\/uploads\/2018\/03\/Personalizari-textile-20-85x85.jpg 85w, https:\/\/www.tot-design.ro\/neamt\/wp-content\/uploads\/2018\/03\/Personalizari-textile-20-80x80.jpg 80w\" sizes=\"(max-width: 150px) 100vw, 150px\" \/><\/a>\n\t\t\t\t<\/dt><\/dl><br style=\"clear: both\" \/>\n\t\t\t<\/div>\n\n","protected":false},"excerpt":{"rendered":"<p>Mie personal \u00eemi place c\u00e2nd v\u0103d angaja\u0163ii unei firme \u00eembr\u0103ca\u0163i cu echipamente inscrip\u0163ionate. Fie c\u0103 este vorba de tricou, \u015fapc\u0103, vest\u0103, salopet\u0103 sau alt tip de<span class=\"excerpt-hellip\"> [\u2026]<\/span><\/p>\n","protected":false},"author":1,"featured_media":0,"parent":131,"menu_order":0,"comment_status":"closed","ping_status":"closed","template":"","meta":{"footnotes":""},"aioseo_notices":[],"_links":{"self":[{"href":"https:\/\/www.tot-design.ro\/neamt\/wp-json\/wp\/v2\/pages\/506"}],"collection":[{"href":"https:\/\/www.tot-design.ro\/neamt\/wp-json\/wp\/v2\/pages"}],"about":[{"href":"https:\/\/www.tot-design.ro\/neamt\/wp-json\/wp\/v2\/types\/page"}],"author":[{"embeddable":true,"href":"https:\/\/www.tot-design.ro\/neamt\/wp-json\/wp\/v2\/users\/1"}],"replies":[{"embeddable":true,"href":"https:\/\/www.tot-design.ro\/neamt\/wp-json\/wp\/v2\/comments?post=506"}],"version-history":[{"count":4,"href":"https:\/\/www.tot-design.ro\/neamt\/wp-json\/wp\/v2\/pages\/506\/revisions"}],"predecessor-version":[{"id":767,"href":"https:\/\/www.tot-design.ro\/neamt\/wp-json\/wp\/v2\/pages\/506\/revisions\/767"}],"up":[{"embeddable":true,"href":"https:\/\/www.tot-design.ro\/neamt\/wp-json\/wp\/v2\/pages\/131"}],"wp:attachment":[{"href":"https:\/\/www.tot-design.ro\/neamt\/wp-json\/wp\/v2\/media?parent=506"}],"curies":[{"name":"wp","href":"https:\/\/api.w.org\/{rel}","templated":true}]}}