{"id":428,"date":"2018-03-15T15:46:39","date_gmt":"2018-03-15T13:46:39","guid":{"rendered":"https:\/\/www.tot-design.ro\/?page_id=428"},"modified":"2018-10-19T11:04:02","modified_gmt":"2018-10-19T08:04:02","slug":"imitatii-de-sticla-sablata","status":"publish","type":"page","link":"https:\/\/www.tot-design.ro\/neamt\/portofoliu\/imitatii-de-sticla-sablata\/","title":{"rendered":"Imita\u0163ii de sticl\u0103 sablat\u0103"},"content":{"rendered":"<p>A\u015fa cum o spune \u015fi denumirea, <strong>este varianta cea mai u\u015for de folosit \u00een a imita sticla sablat\u0103<\/strong>. Acest tip de folie are chiar \u015fi textura specific\u0103 sticlei sablate. Se folose\u015fte \u00een general la decorarea suprafe\u0163elor vitrate la: pensiuni, b\u0103nci, separeuri, birouri, etc.<\/p>\n\n\t\t\t<style type='text\/css'>\n\t\t\t\t#gallery-1 {\n\t\t\t\t\tmargin: auto;\n\t\t\t\t}\n\t\t\t\t#gallery-1 .gallery-item {\n\t\t\t\t\tfloat: left;\n\t\t\t\t\tmargin-top: 10px;\n\t\t\t\t\ttext-align: center;\n\t\t\t\t\twidth: 19.99%;\n\t\t\t\t}\n\t\t\t\t#gallery-1 img {\n\t\t\t\t\tborder: 2px solid #cfcfcf;\n\t\t\t\t}\n\t\t\t\t#gallery-1 .gallery-caption {\n\t\t\t\t\tmargin-left: 0;\n\t\t\t\t}\n\t\t\t\t\/* see gallery_shortcode() in wp-includes\/media.php *\/\n\t\t\t<\/style>\n\t\t<div id='gallery-1' class='gallery galleryid-428 gallery-columns-5 gallery-size-thumbnail file'><dl class='gallery-item'>\n\t\t\t\t<dt class='gallery-icon landscape'>\n\t\t\t\t\t<a href='https:\/\/www.tot-design.ro\/neamt\/wp-content\/uploads\/2018\/03\/Imitatii-de-sticla-sablata-1.jpg'><img width=\"150\" height=\"150\" src=\"https:\/\/www.tot-design.ro\/neamt\/wp-content\/uploads\/2018\/03\/Imitatii-de-sticla-sablata-1-150x150.jpg\" class=\"attachment-thumbnail size-thumbnail\" alt=\"\" decoding=\"async\" loading=\"lazy\" srcset=\"https:\/\/www.tot-design.ro\/neamt\/wp-content\/uploads\/2018\/03\/Imitatii-de-sticla-sablata-1-150x150.jpg 150w, https:\/\/www.tot-design.ro\/neamt\/wp-content\/uploads\/2018\/03\/Imitatii-de-sticla-sablata-1-85x85.jpg 85w, https:\/\/www.tot-design.ro\/neamt\/wp-content\/uploads\/2018\/03\/Imitatii-de-sticla-sablata-1-80x80.jpg 80w\" sizes=\"(max-width: 150px) 100vw, 150px\" \/><\/a>\n\t\t\t\t<\/dt><\/dl><dl class='gallery-item'>\n\t\t\t\t<dt class='gallery-icon landscape'>\n\t\t\t\t\t<a href='https:\/\/www.tot-design.ro\/neamt\/wp-content\/uploads\/2018\/03\/Imitatii-de-sticla-sablata-2.jpg'><img width=\"150\" height=\"150\" src=\"https:\/\/www.tot-design.ro\/neamt\/wp-content\/uploads\/2018\/03\/Imitatii-de-sticla-sablata-2-150x150.jpg\" class=\"attachment-thumbnail size-thumbnail\" alt=\"\" decoding=\"async\" loading=\"lazy\" srcset=\"https:\/\/www.tot-design.ro\/neamt\/wp-content\/uploads\/2018\/03\/Imitatii-de-sticla-sablata-2-150x150.jpg 150w, https:\/\/www.tot-design.ro\/neamt\/wp-content\/uploads\/2018\/03\/Imitatii-de-sticla-sablata-2-85x85.jpg 85w, https:\/\/www.tot-design.ro\/neamt\/wp-content\/uploads\/2018\/03\/Imitatii-de-sticla-sablata-2-80x80.jpg 80w\" sizes=\"(max-width: 150px) 100vw, 150px\" \/><\/a>\n\t\t\t\t<\/dt><\/dl><dl class='gallery-item'>\n\t\t\t\t<dt class='gallery-icon landscape'>\n\t\t\t\t\t<a href='https:\/\/www.tot-design.ro\/neamt\/wp-content\/uploads\/2018\/03\/Imitatii-de-sticla-sablata-3.jpg'><img width=\"150\" height=\"150\" src=\"https:\/\/www.tot-design.ro\/neamt\/wp-content\/uploads\/2018\/03\/Imitatii-de-sticla-sablata-3-150x150.jpg\" class=\"attachment-thumbnail size-thumbnail\" alt=\"\" decoding=\"async\" loading=\"lazy\" srcset=\"https:\/\/www.tot-design.ro\/neamt\/wp-content\/uploads\/2018\/03\/Imitatii-de-sticla-sablata-3-150x150.jpg 150w, https:\/\/www.tot-design.ro\/neamt\/wp-content\/uploads\/2018\/03\/Imitatii-de-sticla-sablata-3-85x85.jpg 85w, https:\/\/www.tot-design.ro\/neamt\/wp-content\/uploads\/2018\/03\/Imitatii-de-sticla-sablata-3-80x80.jpg 80w\" sizes=\"(max-width: 150px) 100vw, 150px\" \/><\/a>\n\t\t\t\t<\/dt><\/dl><dl class='gallery-item'>\n\t\t\t\t<dt class='gallery-icon portrait'>\n\t\t\t\t\t<a href='https:\/\/www.tot-design.ro\/neamt\/wp-content\/uploads\/2018\/03\/Imitatii-de-sticla-sablata-4.jpg'><img width=\"150\" height=\"150\" src=\"https:\/\/www.tot-design.ro\/neamt\/wp-content\/uploads\/2018\/03\/Imitatii-de-sticla-sablata-4-150x150.jpg\" class=\"attachment-thumbnail size-thumbnail\" alt=\"\" decoding=\"async\" loading=\"lazy\" srcset=\"https:\/\/www.tot-design.ro\/neamt\/wp-content\/uploads\/2018\/03\/Imitatii-de-sticla-sablata-4-150x150.jpg 150w, https:\/\/www.tot-design.ro\/neamt\/wp-content\/uploads\/2018\/03\/Imitatii-de-sticla-sablata-4-85x85.jpg 85w, https:\/\/www.tot-design.ro\/neamt\/wp-content\/uploads\/2018\/03\/Imitatii-de-sticla-sablata-4-80x80.jpg 80w\" sizes=\"(max-width: 150px) 100vw, 150px\" \/><\/a>\n\t\t\t\t<\/dt><\/dl><dl class='gallery-item'>\n\t\t\t\t<dt class='gallery-icon landscape'>\n\t\t\t\t\t<a href='https:\/\/www.tot-design.ro\/neamt\/wp-content\/uploads\/2018\/03\/Imitatii-de-sticla-sablata-5.jpg'><img width=\"150\" height=\"150\" src=\"https:\/\/www.tot-design.ro\/neamt\/wp-content\/uploads\/2018\/03\/Imitatii-de-sticla-sablata-5-150x150.jpg\" class=\"attachment-thumbnail size-thumbnail\" alt=\"\" decoding=\"async\" loading=\"lazy\" srcset=\"https:\/\/www.tot-design.ro\/neamt\/wp-content\/uploads\/2018\/03\/Imitatii-de-sticla-sablata-5-150x150.jpg 150w, https:\/\/www.tot-design.ro\/neamt\/wp-content\/uploads\/2018\/03\/Imitatii-de-sticla-sablata-5-85x85.jpg 85w, https:\/\/www.tot-design.ro\/neamt\/wp-content\/uploads\/2018\/03\/Imitatii-de-sticla-sablata-5-80x80.jpg 80w\" sizes=\"(max-width: 150px) 100vw, 150px\" \/><\/a>\n\t\t\t\t<\/dt><\/dl><br style=\"clear: both\" \/><dl class='gallery-item'>\n\t\t\t\t<dt class='gallery-icon landscape'>\n\t\t\t\t\t<a href='https:\/\/www.tot-design.ro\/neamt\/wp-content\/uploads\/2018\/03\/Imitatii-de-sticla-sablata-6.jpg'><img width=\"150\" height=\"150\" src=\"https:\/\/www.tot-design.ro\/neamt\/wp-content\/uploads\/2018\/03\/Imitatii-de-sticla-sablata-6-150x150.jpg\" class=\"attachment-thumbnail size-thumbnail\" alt=\"\" decoding=\"async\" loading=\"lazy\" srcset=\"https:\/\/www.tot-design.ro\/neamt\/wp-content\/uploads\/2018\/03\/Imitatii-de-sticla-sablata-6-150x150.jpg 150w, https:\/\/www.tot-design.ro\/neamt\/wp-content\/uploads\/2018\/03\/Imitatii-de-sticla-sablata-6-85x85.jpg 85w, https:\/\/www.tot-design.ro\/neamt\/wp-content\/uploads\/2018\/03\/Imitatii-de-sticla-sablata-6-80x80.jpg 80w\" sizes=\"(max-width: 150px) 100vw, 150px\" \/><\/a>\n\t\t\t\t<\/dt><\/dl><dl class='gallery-item'>\n\t\t\t\t<dt class='gallery-icon landscape'>\n\t\t\t\t\t<a href='https:\/\/www.tot-design.ro\/neamt\/wp-content\/uploads\/2018\/03\/Imitatii-de-sticla-sablata-7.jpg'><img width=\"150\" height=\"150\" src=\"https:\/\/www.tot-design.ro\/neamt\/wp-content\/uploads\/2018\/03\/Imitatii-de-sticla-sablata-7-150x150.jpg\" class=\"attachment-thumbnail size-thumbnail\" alt=\"\" decoding=\"async\" loading=\"lazy\" srcset=\"https:\/\/www.tot-design.ro\/neamt\/wp-content\/uploads\/2018\/03\/Imitatii-de-sticla-sablata-7-150x150.jpg 150w, https:\/\/www.tot-design.ro\/neamt\/wp-content\/uploads\/2018\/03\/Imitatii-de-sticla-sablata-7-85x85.jpg 85w, https:\/\/www.tot-design.ro\/neamt\/wp-content\/uploads\/2018\/03\/Imitatii-de-sticla-sablata-7-80x80.jpg 80w\" sizes=\"(max-width: 150px) 100vw, 150px\" \/><\/a>\n\t\t\t\t<\/dt><\/dl><dl class='gallery-item'>\n\t\t\t\t<dt class='gallery-icon landscape'>\n\t\t\t\t\t<a href='https:\/\/www.tot-design.ro\/neamt\/wp-content\/uploads\/2018\/03\/Imitatii-de-sticla-sablata-8.jpg'><img width=\"150\" height=\"150\" src=\"https:\/\/www.tot-design.ro\/neamt\/wp-content\/uploads\/2018\/03\/Imitatii-de-sticla-sablata-8-150x150.jpg\" class=\"attachment-thumbnail size-thumbnail\" alt=\"\" decoding=\"async\" loading=\"lazy\" srcset=\"https:\/\/www.tot-design.ro\/neamt\/wp-content\/uploads\/2018\/03\/Imitatii-de-sticla-sablata-8-150x150.jpg 150w, https:\/\/www.tot-design.ro\/neamt\/wp-content\/uploads\/2018\/03\/Imitatii-de-sticla-sablata-8-85x85.jpg 85w, https:\/\/www.tot-design.ro\/neamt\/wp-content\/uploads\/2018\/03\/Imitatii-de-sticla-sablata-8-80x80.jpg 80w\" sizes=\"(max-width: 150px) 100vw, 150px\" \/><\/a>\n\t\t\t\t<\/dt><\/dl><dl class='gallery-item'>\n\t\t\t\t<dt class='gallery-icon landscape'>\n\t\t\t\t\t<a href='https:\/\/www.tot-design.ro\/neamt\/wp-content\/uploads\/2018\/03\/Imitatii-de-sticla-sablata-9.jpg'><img width=\"150\" height=\"150\" src=\"https:\/\/www.tot-design.ro\/neamt\/wp-content\/uploads\/2018\/03\/Imitatii-de-sticla-sablata-9-150x150.jpg\" class=\"attachment-thumbnail size-thumbnail\" alt=\"\" decoding=\"async\" loading=\"lazy\" srcset=\"https:\/\/www.tot-design.ro\/neamt\/wp-content\/uploads\/2018\/03\/Imitatii-de-sticla-sablata-9-150x150.jpg 150w, https:\/\/www.tot-design.ro\/neamt\/wp-content\/uploads\/2018\/03\/Imitatii-de-sticla-sablata-9-85x85.jpg 85w, https:\/\/www.tot-design.ro\/neamt\/wp-content\/uploads\/2018\/03\/Imitatii-de-sticla-sablata-9-80x80.jpg 80w\" sizes=\"(max-width: 150px) 100vw, 150px\" \/><\/a>\n\t\t\t\t<\/dt><\/dl><dl class='gallery-item'>\n\t\t\t\t<dt class='gallery-icon landscape'>\n\t\t\t\t\t<a href='https:\/\/www.tot-design.ro\/neamt\/wp-content\/uploads\/2018\/03\/Imitatii-de-sticla-sablata-10.jpg'><img width=\"150\" height=\"150\" src=\"https:\/\/www.tot-design.ro\/neamt\/wp-content\/uploads\/2018\/03\/Imitatii-de-sticla-sablata-10-150x150.jpg\" class=\"attachment-thumbnail size-thumbnail\" alt=\"\" decoding=\"async\" loading=\"lazy\" srcset=\"https:\/\/www.tot-design.ro\/neamt\/wp-content\/uploads\/2018\/03\/Imitatii-de-sticla-sablata-10-150x150.jpg 150w, https:\/\/www.tot-design.ro\/neamt\/wp-content\/uploads\/2018\/03\/Imitatii-de-sticla-sablata-10-85x85.jpg 85w, https:\/\/www.tot-design.ro\/neamt\/wp-content\/uploads\/2018\/03\/Imitatii-de-sticla-sablata-10-80x80.jpg 80w\" sizes=\"(max-width: 150px) 100vw, 150px\" \/><\/a>\n\t\t\t\t<\/dt><\/dl><br style=\"clear: both\" \/><dl class='gallery-item'>\n\t\t\t\t<dt class='gallery-icon landscape'>\n\t\t\t\t\t<a href='https:\/\/www.tot-design.ro\/neamt\/wp-content\/uploads\/2018\/03\/Imitatii-de-sticla-sablata-11.jpg'><img width=\"150\" height=\"150\" src=\"https:\/\/www.tot-design.ro\/neamt\/wp-content\/uploads\/2018\/03\/Imitatii-de-sticla-sablata-11-150x150.jpg\" class=\"attachment-thumbnail size-thumbnail\" alt=\"\" decoding=\"async\" loading=\"lazy\" srcset=\"https:\/\/www.tot-design.ro\/neamt\/wp-content\/uploads\/2018\/03\/Imitatii-de-sticla-sablata-11-150x150.jpg 150w, https:\/\/www.tot-design.ro\/neamt\/wp-content\/uploads\/2018\/03\/Imitatii-de-sticla-sablata-11-85x85.jpg 85w, https:\/\/www.tot-design.ro\/neamt\/wp-content\/uploads\/2018\/03\/Imitatii-de-sticla-sablata-11-80x80.jpg 80w\" sizes=\"(max-width: 150px) 100vw, 150px\" \/><\/a>\n\t\t\t\t<\/dt><\/dl><dl class='gallery-item'>\n\t\t\t\t<dt class='gallery-icon landscape'>\n\t\t\t\t\t<a href='https:\/\/www.tot-design.ro\/neamt\/wp-content\/uploads\/2018\/03\/Imitatii-de-sticla-sablata-12.jpg'><img width=\"150\" height=\"150\" src=\"https:\/\/www.tot-design.ro\/neamt\/wp-content\/uploads\/2018\/03\/Imitatii-de-sticla-sablata-12-150x150.jpg\" class=\"attachment-thumbnail size-thumbnail\" alt=\"\" decoding=\"async\" loading=\"lazy\" srcset=\"https:\/\/www.tot-design.ro\/neamt\/wp-content\/uploads\/2018\/03\/Imitatii-de-sticla-sablata-12-150x150.jpg 150w, https:\/\/www.tot-design.ro\/neamt\/wp-content\/uploads\/2018\/03\/Imitatii-de-sticla-sablata-12-85x85.jpg 85w, https:\/\/www.tot-design.ro\/neamt\/wp-content\/uploads\/2018\/03\/Imitatii-de-sticla-sablata-12-80x80.jpg 80w\" sizes=\"(max-width: 150px) 100vw, 150px\" \/><\/a>\n\t\t\t\t<\/dt><\/dl><dl class='gallery-item'>\n\t\t\t\t<dt class='gallery-icon portrait'>\n\t\t\t\t\t<a href='https:\/\/www.tot-design.ro\/neamt\/wp-content\/uploads\/2018\/03\/Imitatii-de-sticla-sablata-13.jpg'><img width=\"150\" height=\"150\" src=\"https:\/\/www.tot-design.ro\/neamt\/wp-content\/uploads\/2018\/03\/Imitatii-de-sticla-sablata-13-150x150.jpg\" class=\"attachment-thumbnail size-thumbnail\" alt=\"\" decoding=\"async\" loading=\"lazy\" srcset=\"https:\/\/www.tot-design.ro\/neamt\/wp-content\/uploads\/2018\/03\/Imitatii-de-sticla-sablata-13-150x150.jpg 150w, https:\/\/www.tot-design.ro\/neamt\/wp-content\/uploads\/2018\/03\/Imitatii-de-sticla-sablata-13-85x85.jpg 85w, https:\/\/www.tot-design.ro\/neamt\/wp-content\/uploads\/2018\/03\/Imitatii-de-sticla-sablata-13-80x80.jpg 80w\" sizes=\"(max-width: 150px) 100vw, 150px\" \/><\/a>\n\t\t\t\t<\/dt><\/dl><dl class='gallery-item'>\n\t\t\t\t<dt class='gallery-icon portrait'>\n\t\t\t\t\t<a href='https:\/\/www.tot-design.ro\/neamt\/wp-content\/uploads\/2018\/03\/Imitatii-de-sticla-sablata-14.jpg'><img width=\"150\" height=\"150\" src=\"https:\/\/www.tot-design.ro\/neamt\/wp-content\/uploads\/2018\/03\/Imitatii-de-sticla-sablata-14-150x150.jpg\" class=\"attachment-thumbnail size-thumbnail\" alt=\"\" decoding=\"async\" loading=\"lazy\" srcset=\"https:\/\/www.tot-design.ro\/neamt\/wp-content\/uploads\/2018\/03\/Imitatii-de-sticla-sablata-14-150x150.jpg 150w, https:\/\/www.tot-design.ro\/neamt\/wp-content\/uploads\/2018\/03\/Imitatii-de-sticla-sablata-14-85x85.jpg 85w, https:\/\/www.tot-design.ro\/neamt\/wp-content\/uploads\/2018\/03\/Imitatii-de-sticla-sablata-14-80x80.jpg 80w\" sizes=\"(max-width: 150px) 100vw, 150px\" \/><\/a>\n\t\t\t\t<\/dt><\/dl><dl class='gallery-item'>\n\t\t\t\t<dt class='gallery-icon portrait'>\n\t\t\t\t\t<a href='https:\/\/www.tot-design.ro\/neamt\/wp-content\/uploads\/2018\/03\/Imitatii-de-sticla-sablata-15.jpg'><img width=\"150\" height=\"150\" src=\"https:\/\/www.tot-design.ro\/neamt\/wp-content\/uploads\/2018\/03\/Imitatii-de-sticla-sablata-15-150x150.jpg\" class=\"attachment-thumbnail size-thumbnail\" alt=\"\" decoding=\"async\" loading=\"lazy\" srcset=\"https:\/\/www.tot-design.ro\/neamt\/wp-content\/uploads\/2018\/03\/Imitatii-de-sticla-sablata-15-150x150.jpg 150w, https:\/\/www.tot-design.ro\/neamt\/wp-content\/uploads\/2018\/03\/Imitatii-de-sticla-sablata-15-85x85.jpg 85w, https:\/\/www.tot-design.ro\/neamt\/wp-content\/uploads\/2018\/03\/Imitatii-de-sticla-sablata-15-80x80.jpg 80w\" sizes=\"(max-width: 150px) 100vw, 150px\" \/><\/a>\n\t\t\t\t<\/dt><\/dl><br style=\"clear: both\" \/><dl class='gallery-item'>\n\t\t\t\t<dt class='gallery-icon landscape'>\n\t\t\t\t\t<a href='https:\/\/www.tot-design.ro\/neamt\/wp-content\/uploads\/2018\/03\/Imitatii-de-sticla-sablata-16.jpg'><img width=\"150\" height=\"150\" src=\"https:\/\/www.tot-design.ro\/neamt\/wp-content\/uploads\/2018\/03\/Imitatii-de-sticla-sablata-16-150x150.jpg\" class=\"attachment-thumbnail size-thumbnail\" alt=\"\" decoding=\"async\" loading=\"lazy\" srcset=\"https:\/\/www.tot-design.ro\/neamt\/wp-content\/uploads\/2018\/03\/Imitatii-de-sticla-sablata-16-150x150.jpg 150w, https:\/\/www.tot-design.ro\/neamt\/wp-content\/uploads\/2018\/03\/Imitatii-de-sticla-sablata-16-85x85.jpg 85w, https:\/\/www.tot-design.ro\/neamt\/wp-content\/uploads\/2018\/03\/Imitatii-de-sticla-sablata-16-80x80.jpg 80w\" sizes=\"(max-width: 150px) 100vw, 150px\" \/><\/a>\n\t\t\t\t<\/dt><\/dl>\n\t\t\t\t<br style='clear: both' \/>\n\t\t\t<\/div>\n\n","protected":false},"excerpt":{"rendered":"<p>A\u015fa cum o spune \u015fi denumirea, este varianta cea mai u\u015for de folosit \u00een a imita sticla sablat\u0103. Acest tip de folie are chiar \u015fi textura<span class=\"excerpt-hellip\"> [\u2026]<\/span><\/p>\n","protected":false},"author":1,"featured_media":0,"parent":131,"menu_order":0,"comment_status":"closed","ping_status":"closed","template":"","meta":{"footnotes":""},"aioseo_notices":[],"_links":{"self":[{"href":"https:\/\/www.tot-design.ro\/neamt\/wp-json\/wp\/v2\/pages\/428"}],"collection":[{"href":"https:\/\/www.tot-design.ro\/neamt\/wp-json\/wp\/v2\/pages"}],"about":[{"href":"https:\/\/www.tot-design.ro\/neamt\/wp-json\/wp\/v2\/types\/page"}],"author":[{"embeddable":true,"href":"https:\/\/www.tot-design.ro\/neamt\/wp-json\/wp\/v2\/users\/1"}],"replies":[{"embeddable":true,"href":"https:\/\/www.tot-design.ro\/neamt\/wp-json\/wp\/v2\/comments?post=428"}],"version-history":[{"count":3,"href":"https:\/\/www.tot-design.ro\/neamt\/wp-json\/wp\/v2\/pages\/428\/revisions"}],"predecessor-version":[{"id":760,"href":"https:\/\/www.tot-design.ro\/neamt\/wp-json\/wp\/v2\/pages\/428\/revisions\/760"}],"up":[{"embeddable":true,"href":"https:\/\/www.tot-design.ro\/neamt\/wp-json\/wp\/v2\/pages\/131"}],"wp:attachment":[{"href":"https:\/\/www.tot-design.ro\/neamt\/wp-json\/wp\/v2\/media?parent=428"}],"curies":[{"name":"wp","href":"https:\/\/api.w.org\/{rel}","templated":true}]}}