{"id":253,"date":"2018-03-15T11:24:39","date_gmt":"2018-03-15T09:24:39","guid":{"rendered":"https:\/\/www.tot-design.ro\/?page_id=253"},"modified":"2018-10-19T10:59:29","modified_gmt":"2018-10-19T07:59:29","slug":"colantari-cu-reflectorizant","status":"publish","type":"page","link":"https:\/\/www.tot-design.ro\/neamt\/portofoliu\/colantari-cu-reflectorizant\/","title":{"rendered":"Colant\u0103ri cu reflectorizant"},"content":{"rendered":"<p>A\u015fa cum am mai spus \u015fi \u00eentr-un capitol precedent, anul acesta (2018) am trecut de cifra de 700 de vehicule inscrip\u0163ionate sau \u00eenfoliate, par\u0163ial sau total. \u00cen afar\u0103 de inscrip\u0163ion\u0103rile clasice pe autoturisme, utilitare, autobuze, camioane, TIR-uri, etc, am avut parte \u015fi de proiecte speciale: ambulan\u0163e, ma\u015fini de pompieri, locomotive, ma\u015fini mortuare, scutere distributie pizza, etc.<\/p>\n<p><strong>Materialele reflectorizante<\/strong> sunt special concepute pentru ca obiectele decorate s\u0103 fie vizibile la lumin\u0103 puternic\u0103, cum ar fi lumina farurilor auto.<\/p>\n\n\t\t\t<style type='text\/css'>\n\t\t\t\t#gallery-1 {\n\t\t\t\t\tmargin: auto;\n\t\t\t\t}\n\t\t\t\t#gallery-1 .gallery-item {\n\t\t\t\t\tfloat: left;\n\t\t\t\t\tmargin-top: 10px;\n\t\t\t\t\ttext-align: center;\n\t\t\t\t\twidth: 19.99%;\n\t\t\t\t}\n\t\t\t\t#gallery-1 img {\n\t\t\t\t\tborder: 2px solid #cfcfcf;\n\t\t\t\t}\n\t\t\t\t#gallery-1 .gallery-caption {\n\t\t\t\t\tmargin-left: 0;\n\t\t\t\t}\n\t\t\t\t\/* see gallery_shortcode() in wp-includes\/media.php *\/\n\t\t\t<\/style>\n\t\t<div id='gallery-1' class='gallery galleryid-253 gallery-columns-5 gallery-size-thumbnail file'><dl class='gallery-item'>\n\t\t\t\t<dt class='gallery-icon landscape'>\n\t\t\t\t\t<a href='https:\/\/www.tot-design.ro\/neamt\/wp-content\/uploads\/2018\/03\/Colantari-cu-reflectorizant-1.jpg'><img width=\"150\" height=\"150\" src=\"https:\/\/www.tot-design.ro\/neamt\/wp-content\/uploads\/2018\/03\/Colantari-cu-reflectorizant-1-150x150.jpg\" class=\"attachment-thumbnail size-thumbnail\" alt=\"\" decoding=\"async\" loading=\"lazy\" srcset=\"https:\/\/www.tot-design.ro\/neamt\/wp-content\/uploads\/2018\/03\/Colantari-cu-reflectorizant-1-150x150.jpg 150w, https:\/\/www.tot-design.ro\/neamt\/wp-content\/uploads\/2018\/03\/Colantari-cu-reflectorizant-1-85x85.jpg 85w, https:\/\/www.tot-design.ro\/neamt\/wp-content\/uploads\/2018\/03\/Colantari-cu-reflectorizant-1-80x80.jpg 80w\" sizes=\"(max-width: 150px) 100vw, 150px\" \/><\/a>\n\t\t\t\t<\/dt><\/dl><dl class='gallery-item'>\n\t\t\t\t<dt class='gallery-icon portrait'>\n\t\t\t\t\t<a href='https:\/\/www.tot-design.ro\/neamt\/wp-content\/uploads\/2018\/03\/Colantari-cu-reflectorizant-2.jpg'><img width=\"150\" height=\"150\" src=\"https:\/\/www.tot-design.ro\/neamt\/wp-content\/uploads\/2018\/03\/Colantari-cu-reflectorizant-2-150x150.jpg\" class=\"attachment-thumbnail size-thumbnail\" alt=\"\" decoding=\"async\" loading=\"lazy\" srcset=\"https:\/\/www.tot-design.ro\/neamt\/wp-content\/uploads\/2018\/03\/Colantari-cu-reflectorizant-2-150x150.jpg 150w, https:\/\/www.tot-design.ro\/neamt\/wp-content\/uploads\/2018\/03\/Colantari-cu-reflectorizant-2-85x85.jpg 85w, https:\/\/www.tot-design.ro\/neamt\/wp-content\/uploads\/2018\/03\/Colantari-cu-reflectorizant-2-80x80.jpg 80w\" sizes=\"(max-width: 150px) 100vw, 150px\" \/><\/a>\n\t\t\t\t<\/dt><\/dl><dl class='gallery-item'>\n\t\t\t\t<dt class='gallery-icon portrait'>\n\t\t\t\t\t<a href='https:\/\/www.tot-design.ro\/neamt\/wp-content\/uploads\/2018\/03\/Colantari-cu-reflectorizant-3.jpg'><img width=\"150\" height=\"150\" src=\"https:\/\/www.tot-design.ro\/neamt\/wp-content\/uploads\/2018\/03\/Colantari-cu-reflectorizant-3-150x150.jpg\" class=\"attachment-thumbnail size-thumbnail\" alt=\"\" decoding=\"async\" loading=\"lazy\" srcset=\"https:\/\/www.tot-design.ro\/neamt\/wp-content\/uploads\/2018\/03\/Colantari-cu-reflectorizant-3-150x150.jpg 150w, https:\/\/www.tot-design.ro\/neamt\/wp-content\/uploads\/2018\/03\/Colantari-cu-reflectorizant-3-85x85.jpg 85w, https:\/\/www.tot-design.ro\/neamt\/wp-content\/uploads\/2018\/03\/Colantari-cu-reflectorizant-3-80x80.jpg 80w\" sizes=\"(max-width: 150px) 100vw, 150px\" \/><\/a>\n\t\t\t\t<\/dt><\/dl><dl class='gallery-item'>\n\t\t\t\t<dt class='gallery-icon landscape'>\n\t\t\t\t\t<a href='https:\/\/www.tot-design.ro\/neamt\/wp-content\/uploads\/2018\/03\/Colantari-cu-reflectorizant-4.jpg'><img width=\"150\" height=\"150\" src=\"https:\/\/www.tot-design.ro\/neamt\/wp-content\/uploads\/2018\/03\/Colantari-cu-reflectorizant-4-150x150.jpg\" class=\"attachment-thumbnail size-thumbnail\" alt=\"\" decoding=\"async\" loading=\"lazy\" srcset=\"https:\/\/www.tot-design.ro\/neamt\/wp-content\/uploads\/2018\/03\/Colantari-cu-reflectorizant-4-150x150.jpg 150w, https:\/\/www.tot-design.ro\/neamt\/wp-content\/uploads\/2018\/03\/Colantari-cu-reflectorizant-4-85x85.jpg 85w, https:\/\/www.tot-design.ro\/neamt\/wp-content\/uploads\/2018\/03\/Colantari-cu-reflectorizant-4-80x80.jpg 80w\" sizes=\"(max-width: 150px) 100vw, 150px\" \/><\/a>\n\t\t\t\t<\/dt><\/dl><dl class='gallery-item'>\n\t\t\t\t<dt class='gallery-icon portrait'>\n\t\t\t\t\t<a href='https:\/\/www.tot-design.ro\/neamt\/wp-content\/uploads\/2018\/03\/Colantari-cu-reflectorizant-5.jpg'><img width=\"150\" height=\"150\" src=\"https:\/\/www.tot-design.ro\/neamt\/wp-content\/uploads\/2018\/03\/Colantari-cu-reflectorizant-5-150x150.jpg\" class=\"attachment-thumbnail size-thumbnail\" alt=\"\" decoding=\"async\" loading=\"lazy\" srcset=\"https:\/\/www.tot-design.ro\/neamt\/wp-content\/uploads\/2018\/03\/Colantari-cu-reflectorizant-5-150x150.jpg 150w, https:\/\/www.tot-design.ro\/neamt\/wp-content\/uploads\/2018\/03\/Colantari-cu-reflectorizant-5-85x85.jpg 85w, https:\/\/www.tot-design.ro\/neamt\/wp-content\/uploads\/2018\/03\/Colantari-cu-reflectorizant-5-80x80.jpg 80w\" sizes=\"(max-width: 150px) 100vw, 150px\" \/><\/a>\n\t\t\t\t<\/dt><\/dl><br style=\"clear: both\" \/><dl class='gallery-item'>\n\t\t\t\t<dt class='gallery-icon landscape'>\n\t\t\t\t\t<a href='https:\/\/www.tot-design.ro\/neamt\/wp-content\/uploads\/2018\/03\/Colantari-cu-reflectorizant-6.jpg'><img width=\"150\" height=\"150\" src=\"https:\/\/www.tot-design.ro\/neamt\/wp-content\/uploads\/2018\/03\/Colantari-cu-reflectorizant-6-150x150.jpg\" class=\"attachment-thumbnail size-thumbnail\" alt=\"\" decoding=\"async\" loading=\"lazy\" srcset=\"https:\/\/www.tot-design.ro\/neamt\/wp-content\/uploads\/2018\/03\/Colantari-cu-reflectorizant-6-150x150.jpg 150w, https:\/\/www.tot-design.ro\/neamt\/wp-content\/uploads\/2018\/03\/Colantari-cu-reflectorizant-6-85x85.jpg 85w, https:\/\/www.tot-design.ro\/neamt\/wp-content\/uploads\/2018\/03\/Colantari-cu-reflectorizant-6-80x80.jpg 80w\" sizes=\"(max-width: 150px) 100vw, 150px\" \/><\/a>\n\t\t\t\t<\/dt><\/dl><dl class='gallery-item'>\n\t\t\t\t<dt class='gallery-icon landscape'>\n\t\t\t\t\t<a href='https:\/\/www.tot-design.ro\/neamt\/wp-content\/uploads\/2018\/03\/Colantari-cu-reflectorizant-7.jpg'><img width=\"150\" height=\"150\" src=\"https:\/\/www.tot-design.ro\/neamt\/wp-content\/uploads\/2018\/03\/Colantari-cu-reflectorizant-7-150x150.jpg\" class=\"attachment-thumbnail size-thumbnail\" alt=\"\" decoding=\"async\" loading=\"lazy\" srcset=\"https:\/\/www.tot-design.ro\/neamt\/wp-content\/uploads\/2018\/03\/Colantari-cu-reflectorizant-7-150x150.jpg 150w, https:\/\/www.tot-design.ro\/neamt\/wp-content\/uploads\/2018\/03\/Colantari-cu-reflectorizant-7-85x85.jpg 85w, https:\/\/www.tot-design.ro\/neamt\/wp-content\/uploads\/2018\/03\/Colantari-cu-reflectorizant-7-80x80.jpg 80w\" sizes=\"(max-width: 150px) 100vw, 150px\" \/><\/a>\n\t\t\t\t<\/dt><\/dl><dl class='gallery-item'>\n\t\t\t\t<dt class='gallery-icon landscape'>\n\t\t\t\t\t<a href='https:\/\/www.tot-design.ro\/neamt\/wp-content\/uploads\/2018\/03\/Colantari-cu-reflectorizant-8.jpg'><img width=\"150\" height=\"150\" src=\"https:\/\/www.tot-design.ro\/neamt\/wp-content\/uploads\/2018\/03\/Colantari-cu-reflectorizant-8-150x150.jpg\" class=\"attachment-thumbnail size-thumbnail\" alt=\"\" decoding=\"async\" loading=\"lazy\" srcset=\"https:\/\/www.tot-design.ro\/neamt\/wp-content\/uploads\/2018\/03\/Colantari-cu-reflectorizant-8-150x150.jpg 150w, https:\/\/www.tot-design.ro\/neamt\/wp-content\/uploads\/2018\/03\/Colantari-cu-reflectorizant-8-85x85.jpg 85w, https:\/\/www.tot-design.ro\/neamt\/wp-content\/uploads\/2018\/03\/Colantari-cu-reflectorizant-8-80x80.jpg 80w\" sizes=\"(max-width: 150px) 100vw, 150px\" \/><\/a>\n\t\t\t\t<\/dt><\/dl><dl class='gallery-item'>\n\t\t\t\t<dt class='gallery-icon landscape'>\n\t\t\t\t\t<a href='https:\/\/www.tot-design.ro\/neamt\/wp-content\/uploads\/2018\/03\/Colantari-cu-reflectorizant-9.jpg'><img width=\"150\" height=\"150\" src=\"https:\/\/www.tot-design.ro\/neamt\/wp-content\/uploads\/2018\/03\/Colantari-cu-reflectorizant-9-150x150.jpg\" class=\"attachment-thumbnail size-thumbnail\" alt=\"\" decoding=\"async\" loading=\"lazy\" srcset=\"https:\/\/www.tot-design.ro\/neamt\/wp-content\/uploads\/2018\/03\/Colantari-cu-reflectorizant-9-150x150.jpg 150w, https:\/\/www.tot-design.ro\/neamt\/wp-content\/uploads\/2018\/03\/Colantari-cu-reflectorizant-9-85x85.jpg 85w, https:\/\/www.tot-design.ro\/neamt\/wp-content\/uploads\/2018\/03\/Colantari-cu-reflectorizant-9-80x80.jpg 80w\" sizes=\"(max-width: 150px) 100vw, 150px\" \/><\/a>\n\t\t\t\t<\/dt><\/dl><dl class='gallery-item'>\n\t\t\t\t<dt class='gallery-icon portrait'>\n\t\t\t\t\t<a href='https:\/\/www.tot-design.ro\/neamt\/wp-content\/uploads\/2018\/03\/Colantari-cu-reflectorizant-10.jpg'><img width=\"150\" height=\"150\" src=\"https:\/\/www.tot-design.ro\/neamt\/wp-content\/uploads\/2018\/03\/Colantari-cu-reflectorizant-10-150x150.jpg\" class=\"attachment-thumbnail size-thumbnail\" alt=\"\" decoding=\"async\" loading=\"lazy\" srcset=\"https:\/\/www.tot-design.ro\/neamt\/wp-content\/uploads\/2018\/03\/Colantari-cu-reflectorizant-10-150x150.jpg 150w, https:\/\/www.tot-design.ro\/neamt\/wp-content\/uploads\/2018\/03\/Colantari-cu-reflectorizant-10-85x85.jpg 85w, https:\/\/www.tot-design.ro\/neamt\/wp-content\/uploads\/2018\/03\/Colantari-cu-reflectorizant-10-80x80.jpg 80w\" sizes=\"(max-width: 150px) 100vw, 150px\" \/><\/a>\n\t\t\t\t<\/dt><\/dl><br style=\"clear: both\" \/><dl class='gallery-item'>\n\t\t\t\t<dt class='gallery-icon landscape'>\n\t\t\t\t\t<a href='https:\/\/www.tot-design.ro\/neamt\/wp-content\/uploads\/2018\/03\/Colantari-cu-reflectorizant-11.jpg'><img width=\"150\" height=\"150\" src=\"https:\/\/www.tot-design.ro\/neamt\/wp-content\/uploads\/2018\/03\/Colantari-cu-reflectorizant-11-150x150.jpg\" class=\"attachment-thumbnail size-thumbnail\" alt=\"\" decoding=\"async\" loading=\"lazy\" srcset=\"https:\/\/www.tot-design.ro\/neamt\/wp-content\/uploads\/2018\/03\/Colantari-cu-reflectorizant-11-150x150.jpg 150w, https:\/\/www.tot-design.ro\/neamt\/wp-content\/uploads\/2018\/03\/Colantari-cu-reflectorizant-11-85x85.jpg 85w, https:\/\/www.tot-design.ro\/neamt\/wp-content\/uploads\/2018\/03\/Colantari-cu-reflectorizant-11-80x80.jpg 80w\" sizes=\"(max-width: 150px) 100vw, 150px\" \/><\/a>\n\t\t\t\t<\/dt><\/dl><dl class='gallery-item'>\n\t\t\t\t<dt class='gallery-icon landscape'>\n\t\t\t\t\t<a href='https:\/\/www.tot-design.ro\/neamt\/wp-content\/uploads\/2018\/03\/Colantari-cu-reflectorizant-12.jpg'><img width=\"150\" height=\"150\" src=\"https:\/\/www.tot-design.ro\/neamt\/wp-content\/uploads\/2018\/03\/Colantari-cu-reflectorizant-12-150x150.jpg\" class=\"attachment-thumbnail size-thumbnail\" alt=\"\" decoding=\"async\" loading=\"lazy\" srcset=\"https:\/\/www.tot-design.ro\/neamt\/wp-content\/uploads\/2018\/03\/Colantari-cu-reflectorizant-12-150x150.jpg 150w, https:\/\/www.tot-design.ro\/neamt\/wp-content\/uploads\/2018\/03\/Colantari-cu-reflectorizant-12-85x85.jpg 85w, https:\/\/www.tot-design.ro\/neamt\/wp-content\/uploads\/2018\/03\/Colantari-cu-reflectorizant-12-80x80.jpg 80w\" sizes=\"(max-width: 150px) 100vw, 150px\" \/><\/a>\n\t\t\t\t<\/dt><\/dl><dl class='gallery-item'>\n\t\t\t\t<dt class='gallery-icon portrait'>\n\t\t\t\t\t<a href='https:\/\/www.tot-design.ro\/neamt\/wp-content\/uploads\/2018\/03\/Colantari-cu-reflectorizant-13.jpg'><img width=\"150\" height=\"150\" src=\"https:\/\/www.tot-design.ro\/neamt\/wp-content\/uploads\/2018\/03\/Colantari-cu-reflectorizant-13-150x150.jpg\" class=\"attachment-thumbnail size-thumbnail\" alt=\"\" decoding=\"async\" loading=\"lazy\" srcset=\"https:\/\/www.tot-design.ro\/neamt\/wp-content\/uploads\/2018\/03\/Colantari-cu-reflectorizant-13-150x150.jpg 150w, https:\/\/www.tot-design.ro\/neamt\/wp-content\/uploads\/2018\/03\/Colantari-cu-reflectorizant-13-85x85.jpg 85w, https:\/\/www.tot-design.ro\/neamt\/wp-content\/uploads\/2018\/03\/Colantari-cu-reflectorizant-13-80x80.jpg 80w\" sizes=\"(max-width: 150px) 100vw, 150px\" \/><\/a>\n\t\t\t\t<\/dt><\/dl>\n\t\t\t\t<br style='clear: both' \/>\n\t\t\t<\/div>\n\n","protected":false},"excerpt":{"rendered":"<p>A\u015fa cum am mai spus \u015fi \u00eentr-un capitol precedent, anul acesta (2018) am trecut de cifra de 700 de vehicule inscrip\u0163ionate sau \u00eenfoliate, par\u0163ial sau total.<span class=\"excerpt-hellip\"> [\u2026]<\/span><\/p>\n","protected":false},"author":1,"featured_media":0,"parent":131,"menu_order":0,"comment_status":"closed","ping_status":"closed","template":"","meta":{"footnotes":""},"aioseo_notices":[],"_links":{"self":[{"href":"https:\/\/www.tot-design.ro\/neamt\/wp-json\/wp\/v2\/pages\/253"}],"collection":[{"href":"https:\/\/www.tot-design.ro\/neamt\/wp-json\/wp\/v2\/pages"}],"about":[{"href":"https:\/\/www.tot-design.ro\/neamt\/wp-json\/wp\/v2\/types\/page"}],"author":[{"embeddable":true,"href":"https:\/\/www.tot-design.ro\/neamt\/wp-json\/wp\/v2\/users\/1"}],"replies":[{"embeddable":true,"href":"https:\/\/www.tot-design.ro\/neamt\/wp-json\/wp\/v2\/comments?post=253"}],"version-history":[{"count":5,"href":"https:\/\/www.tot-design.ro\/neamt\/wp-json\/wp\/v2\/pages\/253\/revisions"}],"predecessor-version":[{"id":780,"href":"https:\/\/www.tot-design.ro\/neamt\/wp-json\/wp\/v2\/pages\/253\/revisions\/780"}],"up":[{"embeddable":true,"href":"https:\/\/www.tot-design.ro\/neamt\/wp-json\/wp\/v2\/pages\/131"}],"wp:attachment":[{"href":"https:\/\/www.tot-design.ro\/neamt\/wp-json\/wp\/v2\/media?parent=253"}],"curies":[{"name":"wp","href":"https:\/\/api.w.org\/{rel}","templated":true}]}}