{"id":183,"date":"2018-03-15T11:18:21","date_gmt":"2018-03-15T09:18:21","guid":{"rendered":"https:\/\/www.tot-design.ro\/?page_id=183"},"modified":"2018-10-19T11:07:35","modified_gmt":"2018-10-19T08:07:35","slug":"caprite-stradale","status":"publish","type":"page","link":"https:\/\/www.tot-design.ro\/neamt\/portofoliu\/caprite-stradale\/","title":{"rendered":"C\u0103pri\u0163e stradale"},"content":{"rendered":"<p>Din punctul meu de vedere o astfel de c\u0103pri\u0163\u0103 stradal\u0103 poate fi cheia succesului unei afaceri. De ce? Fiindc\u0103 este modul de a te apropia cel mai tare de poten\u0163ialul client. \u00cel pui pe trotuar sau \u00een fa\u0163a magazinului \u00een a\u015fa fel \u00eenc\u00e2t omul s\u0103 \u0163i-l vad\u0103 vrea nu vrea.<\/p>\n\n\t\t\t<style type='text\/css'>\n\t\t\t\t#gallery-1 {\n\t\t\t\t\tmargin: auto;\n\t\t\t\t}\n\t\t\t\t#gallery-1 .gallery-item {\n\t\t\t\t\tfloat: left;\n\t\t\t\t\tmargin-top: 10px;\n\t\t\t\t\ttext-align: center;\n\t\t\t\t\twidth: 19.99%;\n\t\t\t\t}\n\t\t\t\t#gallery-1 img {\n\t\t\t\t\tborder: 2px solid #cfcfcf;\n\t\t\t\t}\n\t\t\t\t#gallery-1 .gallery-caption {\n\t\t\t\t\tmargin-left: 0;\n\t\t\t\t}\n\t\t\t\t\/* see gallery_shortcode() in wp-includes\/media.php *\/\n\t\t\t<\/style>\n\t\t<div id='gallery-1' class='gallery galleryid-183 gallery-columns-5 gallery-size-thumbnail file'><dl class='gallery-item'>\n\t\t\t\t<dt class='gallery-icon portrait'>\n\t\t\t\t\t<a href='https:\/\/www.tot-design.ro\/neamt\/wp-content\/uploads\/2018\/03\/Caprite-Stradale-1.jpg'><img width=\"150\" height=\"150\" src=\"https:\/\/www.tot-design.ro\/neamt\/wp-content\/uploads\/2018\/03\/Caprite-Stradale-1-150x150.jpg\" class=\"attachment-thumbnail size-thumbnail\" alt=\"\" decoding=\"async\" loading=\"lazy\" srcset=\"https:\/\/www.tot-design.ro\/neamt\/wp-content\/uploads\/2018\/03\/Caprite-Stradale-1-150x150.jpg 150w, https:\/\/www.tot-design.ro\/neamt\/wp-content\/uploads\/2018\/03\/Caprite-Stradale-1-85x85.jpg 85w, https:\/\/www.tot-design.ro\/neamt\/wp-content\/uploads\/2018\/03\/Caprite-Stradale-1-80x80.jpg 80w\" sizes=\"(max-width: 150px) 100vw, 150px\" \/><\/a>\n\t\t\t\t<\/dt><\/dl><dl class='gallery-item'>\n\t\t\t\t<dt class='gallery-icon portrait'>\n\t\t\t\t\t<a href='https:\/\/www.tot-design.ro\/neamt\/wp-content\/uploads\/2018\/03\/Caprite-Stradale-2.jpg'><img width=\"150\" height=\"150\" src=\"https:\/\/www.tot-design.ro\/neamt\/wp-content\/uploads\/2018\/03\/Caprite-Stradale-2-150x150.jpg\" class=\"attachment-thumbnail size-thumbnail\" alt=\"\" decoding=\"async\" loading=\"lazy\" srcset=\"https:\/\/www.tot-design.ro\/neamt\/wp-content\/uploads\/2018\/03\/Caprite-Stradale-2-150x150.jpg 150w, https:\/\/www.tot-design.ro\/neamt\/wp-content\/uploads\/2018\/03\/Caprite-Stradale-2-85x85.jpg 85w, https:\/\/www.tot-design.ro\/neamt\/wp-content\/uploads\/2018\/03\/Caprite-Stradale-2-80x80.jpg 80w\" sizes=\"(max-width: 150px) 100vw, 150px\" \/><\/a>\n\t\t\t\t<\/dt><\/dl><dl class='gallery-item'>\n\t\t\t\t<dt class='gallery-icon landscape'>\n\t\t\t\t\t<a href='https:\/\/www.tot-design.ro\/neamt\/wp-content\/uploads\/2018\/03\/Caprite-Stradale-3.jpg'><img width=\"150\" height=\"150\" src=\"https:\/\/www.tot-design.ro\/neamt\/wp-content\/uploads\/2018\/03\/Caprite-Stradale-3-150x150.jpg\" class=\"attachment-thumbnail size-thumbnail\" alt=\"\" decoding=\"async\" loading=\"lazy\" srcset=\"https:\/\/www.tot-design.ro\/neamt\/wp-content\/uploads\/2018\/03\/Caprite-Stradale-3-150x150.jpg 150w, https:\/\/www.tot-design.ro\/neamt\/wp-content\/uploads\/2018\/03\/Caprite-Stradale-3-85x85.jpg 85w, https:\/\/www.tot-design.ro\/neamt\/wp-content\/uploads\/2018\/03\/Caprite-Stradale-3-80x80.jpg 80w\" sizes=\"(max-width: 150px) 100vw, 150px\" \/><\/a>\n\t\t\t\t<\/dt><\/dl><dl class='gallery-item'>\n\t\t\t\t<dt class='gallery-icon landscape'>\n\t\t\t\t\t<a href='https:\/\/www.tot-design.ro\/neamt\/wp-content\/uploads\/2018\/03\/Caprite-Stradale-4.jpg'><img width=\"150\" height=\"150\" src=\"https:\/\/www.tot-design.ro\/neamt\/wp-content\/uploads\/2018\/03\/Caprite-Stradale-4-150x150.jpg\" class=\"attachment-thumbnail size-thumbnail\" alt=\"\" decoding=\"async\" loading=\"lazy\" srcset=\"https:\/\/www.tot-design.ro\/neamt\/wp-content\/uploads\/2018\/03\/Caprite-Stradale-4-150x150.jpg 150w, https:\/\/www.tot-design.ro\/neamt\/wp-content\/uploads\/2018\/03\/Caprite-Stradale-4-85x85.jpg 85w, https:\/\/www.tot-design.ro\/neamt\/wp-content\/uploads\/2018\/03\/Caprite-Stradale-4-80x80.jpg 80w\" sizes=\"(max-width: 150px) 100vw, 150px\" \/><\/a>\n\t\t\t\t<\/dt><\/dl><dl class='gallery-item'>\n\t\t\t\t<dt class='gallery-icon portrait'>\n\t\t\t\t\t<a href='https:\/\/www.tot-design.ro\/neamt\/wp-content\/uploads\/2018\/03\/Caprite-Stradale-5.jpg'><img width=\"150\" height=\"150\" src=\"https:\/\/www.tot-design.ro\/neamt\/wp-content\/uploads\/2018\/03\/Caprite-Stradale-5-150x150.jpg\" class=\"attachment-thumbnail size-thumbnail\" alt=\"\" decoding=\"async\" loading=\"lazy\" srcset=\"https:\/\/www.tot-design.ro\/neamt\/wp-content\/uploads\/2018\/03\/Caprite-Stradale-5-150x150.jpg 150w, https:\/\/www.tot-design.ro\/neamt\/wp-content\/uploads\/2018\/03\/Caprite-Stradale-5-85x85.jpg 85w, https:\/\/www.tot-design.ro\/neamt\/wp-content\/uploads\/2018\/03\/Caprite-Stradale-5-80x80.jpg 80w\" sizes=\"(max-width: 150px) 100vw, 150px\" \/><\/a>\n\t\t\t\t<\/dt><\/dl><br style=\"clear: both\" \/><dl class='gallery-item'>\n\t\t\t\t<dt class='gallery-icon landscape'>\n\t\t\t\t\t<a href='https:\/\/www.tot-design.ro\/neamt\/wp-content\/uploads\/2018\/03\/Caprite-Stradale-6.jpg'><img width=\"150\" height=\"150\" src=\"https:\/\/www.tot-design.ro\/neamt\/wp-content\/uploads\/2018\/03\/Caprite-Stradale-6-150x150.jpg\" class=\"attachment-thumbnail size-thumbnail\" alt=\"\" decoding=\"async\" loading=\"lazy\" srcset=\"https:\/\/www.tot-design.ro\/neamt\/wp-content\/uploads\/2018\/03\/Caprite-Stradale-6-150x150.jpg 150w, https:\/\/www.tot-design.ro\/neamt\/wp-content\/uploads\/2018\/03\/Caprite-Stradale-6-85x85.jpg 85w, https:\/\/www.tot-design.ro\/neamt\/wp-content\/uploads\/2018\/03\/Caprite-Stradale-6-80x80.jpg 80w\" sizes=\"(max-width: 150px) 100vw, 150px\" \/><\/a>\n\t\t\t\t<\/dt><\/dl><dl class='gallery-item'>\n\t\t\t\t<dt class='gallery-icon portrait'>\n\t\t\t\t\t<a href='https:\/\/www.tot-design.ro\/neamt\/wp-content\/uploads\/2018\/03\/Caprite-Stradale-7.jpg'><img width=\"150\" height=\"150\" src=\"https:\/\/www.tot-design.ro\/neamt\/wp-content\/uploads\/2018\/03\/Caprite-Stradale-7-150x150.jpg\" class=\"attachment-thumbnail size-thumbnail\" alt=\"\" decoding=\"async\" loading=\"lazy\" srcset=\"https:\/\/www.tot-design.ro\/neamt\/wp-content\/uploads\/2018\/03\/Caprite-Stradale-7-150x150.jpg 150w, https:\/\/www.tot-design.ro\/neamt\/wp-content\/uploads\/2018\/03\/Caprite-Stradale-7-85x85.jpg 85w, https:\/\/www.tot-design.ro\/neamt\/wp-content\/uploads\/2018\/03\/Caprite-Stradale-7-80x80.jpg 80w\" sizes=\"(max-width: 150px) 100vw, 150px\" \/><\/a>\n\t\t\t\t<\/dt><\/dl><dl class='gallery-item'>\n\t\t\t\t<dt class='gallery-icon portrait'>\n\t\t\t\t\t<a href='https:\/\/www.tot-design.ro\/neamt\/wp-content\/uploads\/2018\/03\/Caprite-Stradale-8.jpg'><img width=\"150\" height=\"150\" src=\"https:\/\/www.tot-design.ro\/neamt\/wp-content\/uploads\/2018\/03\/Caprite-Stradale-8-150x150.jpg\" class=\"attachment-thumbnail size-thumbnail\" alt=\"\" decoding=\"async\" loading=\"lazy\" srcset=\"https:\/\/www.tot-design.ro\/neamt\/wp-content\/uploads\/2018\/03\/Caprite-Stradale-8-150x150.jpg 150w, https:\/\/www.tot-design.ro\/neamt\/wp-content\/uploads\/2018\/03\/Caprite-Stradale-8-85x85.jpg 85w, https:\/\/www.tot-design.ro\/neamt\/wp-content\/uploads\/2018\/03\/Caprite-Stradale-8-80x80.jpg 80w\" sizes=\"(max-width: 150px) 100vw, 150px\" \/><\/a>\n\t\t\t\t<\/dt><\/dl><dl class='gallery-item'>\n\t\t\t\t<dt class='gallery-icon portrait'>\n\t\t\t\t\t<a href='https:\/\/www.tot-design.ro\/neamt\/wp-content\/uploads\/2018\/03\/Caprite-Stradale-9.jpg'><img width=\"150\" height=\"150\" src=\"https:\/\/www.tot-design.ro\/neamt\/wp-content\/uploads\/2018\/03\/Caprite-Stradale-9-150x150.jpg\" class=\"attachment-thumbnail size-thumbnail\" alt=\"\" decoding=\"async\" loading=\"lazy\" srcset=\"https:\/\/www.tot-design.ro\/neamt\/wp-content\/uploads\/2018\/03\/Caprite-Stradale-9-150x150.jpg 150w, https:\/\/www.tot-design.ro\/neamt\/wp-content\/uploads\/2018\/03\/Caprite-Stradale-9-85x85.jpg 85w, https:\/\/www.tot-design.ro\/neamt\/wp-content\/uploads\/2018\/03\/Caprite-Stradale-9-80x80.jpg 80w\" sizes=\"(max-width: 150px) 100vw, 150px\" \/><\/a>\n\t\t\t\t<\/dt><\/dl><dl class='gallery-item'>\n\t\t\t\t<dt class='gallery-icon portrait'>\n\t\t\t\t\t<a href='https:\/\/www.tot-design.ro\/neamt\/wp-content\/uploads\/2018\/03\/Caprite-Stradale-10.jpg'><img width=\"150\" height=\"150\" src=\"https:\/\/www.tot-design.ro\/neamt\/wp-content\/uploads\/2018\/03\/Caprite-Stradale-10-150x150.jpg\" class=\"attachment-thumbnail size-thumbnail\" alt=\"\" decoding=\"async\" loading=\"lazy\" srcset=\"https:\/\/www.tot-design.ro\/neamt\/wp-content\/uploads\/2018\/03\/Caprite-Stradale-10-150x150.jpg 150w, https:\/\/www.tot-design.ro\/neamt\/wp-content\/uploads\/2018\/03\/Caprite-Stradale-10-85x85.jpg 85w, https:\/\/www.tot-design.ro\/neamt\/wp-content\/uploads\/2018\/03\/Caprite-Stradale-10-80x80.jpg 80w\" sizes=\"(max-width: 150px) 100vw, 150px\" \/><\/a>\n\t\t\t\t<\/dt><\/dl><br style=\"clear: both\" \/><dl class='gallery-item'>\n\t\t\t\t<dt class='gallery-icon portrait'>\n\t\t\t\t\t<a href='https:\/\/www.tot-design.ro\/neamt\/wp-content\/uploads\/2018\/03\/Caprite-Stradale-11.jpg'><img width=\"150\" height=\"150\" src=\"https:\/\/www.tot-design.ro\/neamt\/wp-content\/uploads\/2018\/03\/Caprite-Stradale-11-150x150.jpg\" class=\"attachment-thumbnail size-thumbnail\" alt=\"\" decoding=\"async\" loading=\"lazy\" srcset=\"https:\/\/www.tot-design.ro\/neamt\/wp-content\/uploads\/2018\/03\/Caprite-Stradale-11-150x150.jpg 150w, https:\/\/www.tot-design.ro\/neamt\/wp-content\/uploads\/2018\/03\/Caprite-Stradale-11-85x85.jpg 85w, https:\/\/www.tot-design.ro\/neamt\/wp-content\/uploads\/2018\/03\/Caprite-Stradale-11-80x80.jpg 80w\" sizes=\"(max-width: 150px) 100vw, 150px\" \/><\/a>\n\t\t\t\t<\/dt><\/dl><dl class='gallery-item'>\n\t\t\t\t<dt class='gallery-icon portrait'>\n\t\t\t\t\t<a href='https:\/\/www.tot-design.ro\/neamt\/wp-content\/uploads\/2018\/03\/Caprite-Stradale-12.jpg'><img width=\"150\" height=\"150\" src=\"https:\/\/www.tot-design.ro\/neamt\/wp-content\/uploads\/2018\/03\/Caprite-Stradale-12-150x150.jpg\" class=\"attachment-thumbnail size-thumbnail\" alt=\"\" decoding=\"async\" loading=\"lazy\" srcset=\"https:\/\/www.tot-design.ro\/neamt\/wp-content\/uploads\/2018\/03\/Caprite-Stradale-12-150x150.jpg 150w, https:\/\/www.tot-design.ro\/neamt\/wp-content\/uploads\/2018\/03\/Caprite-Stradale-12-85x85.jpg 85w, https:\/\/www.tot-design.ro\/neamt\/wp-content\/uploads\/2018\/03\/Caprite-Stradale-12-80x80.jpg 80w\" sizes=\"(max-width: 150px) 100vw, 150px\" \/><\/a>\n\t\t\t\t<\/dt><\/dl><dl class='gallery-item'>\n\t\t\t\t<dt class='gallery-icon portrait'>\n\t\t\t\t\t<a href='https:\/\/www.tot-design.ro\/neamt\/wp-content\/uploads\/2018\/03\/Caprite-Stradale-13.jpg'><img width=\"150\" height=\"150\" src=\"https:\/\/www.tot-design.ro\/neamt\/wp-content\/uploads\/2018\/03\/Caprite-Stradale-13-150x150.jpg\" class=\"attachment-thumbnail size-thumbnail\" alt=\"\" decoding=\"async\" loading=\"lazy\" srcset=\"https:\/\/www.tot-design.ro\/neamt\/wp-content\/uploads\/2018\/03\/Caprite-Stradale-13-150x150.jpg 150w, https:\/\/www.tot-design.ro\/neamt\/wp-content\/uploads\/2018\/03\/Caprite-Stradale-13-85x85.jpg 85w, https:\/\/www.tot-design.ro\/neamt\/wp-content\/uploads\/2018\/03\/Caprite-Stradale-13-80x80.jpg 80w\" sizes=\"(max-width: 150px) 100vw, 150px\" \/><\/a>\n\t\t\t\t<\/dt><\/dl><dl class='gallery-item'>\n\t\t\t\t<dt class='gallery-icon portrait'>\n\t\t\t\t\t<a href='https:\/\/www.tot-design.ro\/neamt\/wp-content\/uploads\/2018\/03\/Caprite-Stradale-14.jpg'><img width=\"150\" height=\"150\" src=\"https:\/\/www.tot-design.ro\/neamt\/wp-content\/uploads\/2018\/03\/Caprite-Stradale-14-150x150.jpg\" class=\"attachment-thumbnail size-thumbnail\" alt=\"\" decoding=\"async\" loading=\"lazy\" srcset=\"https:\/\/www.tot-design.ro\/neamt\/wp-content\/uploads\/2018\/03\/Caprite-Stradale-14-150x150.jpg 150w, https:\/\/www.tot-design.ro\/neamt\/wp-content\/uploads\/2018\/03\/Caprite-Stradale-14-85x85.jpg 85w, https:\/\/www.tot-design.ro\/neamt\/wp-content\/uploads\/2018\/03\/Caprite-Stradale-14-80x80.jpg 80w\" sizes=\"(max-width: 150px) 100vw, 150px\" \/><\/a>\n\t\t\t\t<\/dt><\/dl><dl class='gallery-item'>\n\t\t\t\t<dt class='gallery-icon landscape'>\n\t\t\t\t\t<a href='https:\/\/www.tot-design.ro\/neamt\/wp-content\/uploads\/2018\/03\/Caprite-Stradale-15.jpg'><img width=\"150\" height=\"150\" src=\"https:\/\/www.tot-design.ro\/neamt\/wp-content\/uploads\/2018\/03\/Caprite-Stradale-15-150x150.jpg\" class=\"attachment-thumbnail size-thumbnail\" alt=\"\" decoding=\"async\" loading=\"lazy\" srcset=\"https:\/\/www.tot-design.ro\/neamt\/wp-content\/uploads\/2018\/03\/Caprite-Stradale-15-150x150.jpg 150w, https:\/\/www.tot-design.ro\/neamt\/wp-content\/uploads\/2018\/03\/Caprite-Stradale-15-85x85.jpg 85w, https:\/\/www.tot-design.ro\/neamt\/wp-content\/uploads\/2018\/03\/Caprite-Stradale-15-80x80.jpg 80w\" sizes=\"(max-width: 150px) 100vw, 150px\" \/><\/a>\n\t\t\t\t<\/dt><\/dl><br style=\"clear: both\" \/><dl class='gallery-item'>\n\t\t\t\t<dt class='gallery-icon portrait'>\n\t\t\t\t\t<a href='https:\/\/www.tot-design.ro\/neamt\/wp-content\/uploads\/2018\/03\/Caprite-Stradale-16.jpg'><img width=\"150\" height=\"150\" src=\"https:\/\/www.tot-design.ro\/neamt\/wp-content\/uploads\/2018\/03\/Caprite-Stradale-16-150x150.jpg\" class=\"attachment-thumbnail size-thumbnail\" alt=\"\" decoding=\"async\" loading=\"lazy\" srcset=\"https:\/\/www.tot-design.ro\/neamt\/wp-content\/uploads\/2018\/03\/Caprite-Stradale-16-150x150.jpg 150w, https:\/\/www.tot-design.ro\/neamt\/wp-content\/uploads\/2018\/03\/Caprite-Stradale-16-85x85.jpg 85w, https:\/\/www.tot-design.ro\/neamt\/wp-content\/uploads\/2018\/03\/Caprite-Stradale-16-80x80.jpg 80w\" sizes=\"(max-width: 150px) 100vw, 150px\" \/><\/a>\n\t\t\t\t<\/dt><\/dl><dl class='gallery-item'>\n\t\t\t\t<dt class='gallery-icon portrait'>\n\t\t\t\t\t<a href='https:\/\/www.tot-design.ro\/neamt\/wp-content\/uploads\/2018\/03\/Caprite-Stradale-17.jpg'><img width=\"150\" height=\"150\" src=\"https:\/\/www.tot-design.ro\/neamt\/wp-content\/uploads\/2018\/03\/Caprite-Stradale-17-150x150.jpg\" class=\"attachment-thumbnail size-thumbnail\" alt=\"\" decoding=\"async\" loading=\"lazy\" srcset=\"https:\/\/www.tot-design.ro\/neamt\/wp-content\/uploads\/2018\/03\/Caprite-Stradale-17-150x150.jpg 150w, https:\/\/www.tot-design.ro\/neamt\/wp-content\/uploads\/2018\/03\/Caprite-Stradale-17-85x85.jpg 85w, https:\/\/www.tot-design.ro\/neamt\/wp-content\/uploads\/2018\/03\/Caprite-Stradale-17-80x80.jpg 80w\" sizes=\"(max-width: 150px) 100vw, 150px\" \/><\/a>\n\t\t\t\t<\/dt><\/dl><dl class='gallery-item'>\n\t\t\t\t<dt class='gallery-icon portrait'>\n\t\t\t\t\t<a href='https:\/\/www.tot-design.ro\/neamt\/wp-content\/uploads\/2018\/03\/Caprite-Stradale-18.jpg'><img width=\"150\" height=\"150\" src=\"https:\/\/www.tot-design.ro\/neamt\/wp-content\/uploads\/2018\/03\/Caprite-Stradale-18-150x150.jpg\" class=\"attachment-thumbnail size-thumbnail\" alt=\"\" decoding=\"async\" loading=\"lazy\" srcset=\"https:\/\/www.tot-design.ro\/neamt\/wp-content\/uploads\/2018\/03\/Caprite-Stradale-18-150x150.jpg 150w, https:\/\/www.tot-design.ro\/neamt\/wp-content\/uploads\/2018\/03\/Caprite-Stradale-18-85x85.jpg 85w, https:\/\/www.tot-design.ro\/neamt\/wp-content\/uploads\/2018\/03\/Caprite-Stradale-18-80x80.jpg 80w\" sizes=\"(max-width: 150px) 100vw, 150px\" \/><\/a>\n\t\t\t\t<\/dt><\/dl><dl class='gallery-item'>\n\t\t\t\t<dt class='gallery-icon portrait'>\n\t\t\t\t\t<a href='https:\/\/www.tot-design.ro\/neamt\/wp-content\/uploads\/2018\/03\/Caprite-Stradale-19.jpg'><img width=\"150\" height=\"150\" src=\"https:\/\/www.tot-design.ro\/neamt\/wp-content\/uploads\/2018\/03\/Caprite-Stradale-19-150x150.jpg\" class=\"attachment-thumbnail size-thumbnail\" alt=\"\" decoding=\"async\" loading=\"lazy\" srcset=\"https:\/\/www.tot-design.ro\/neamt\/wp-content\/uploads\/2018\/03\/Caprite-Stradale-19-150x150.jpg 150w, https:\/\/www.tot-design.ro\/neamt\/wp-content\/uploads\/2018\/03\/Caprite-Stradale-19-85x85.jpg 85w, https:\/\/www.tot-design.ro\/neamt\/wp-content\/uploads\/2018\/03\/Caprite-Stradale-19-80x80.jpg 80w\" sizes=\"(max-width: 150px) 100vw, 150px\" \/><\/a>\n\t\t\t\t<\/dt><\/dl><dl class='gallery-item'>\n\t\t\t\t<dt class='gallery-icon portrait'>\n\t\t\t\t\t<a href='https:\/\/www.tot-design.ro\/neamt\/wp-content\/uploads\/2018\/03\/Caprite-Stradale-20.jpg'><img width=\"150\" height=\"150\" src=\"https:\/\/www.tot-design.ro\/neamt\/wp-content\/uploads\/2018\/03\/Caprite-Stradale-20-150x150.jpg\" class=\"attachment-thumbnail size-thumbnail\" alt=\"\" decoding=\"async\" loading=\"lazy\" srcset=\"https:\/\/www.tot-design.ro\/neamt\/wp-content\/uploads\/2018\/03\/Caprite-Stradale-20-150x150.jpg 150w, https:\/\/www.tot-design.ro\/neamt\/wp-content\/uploads\/2018\/03\/Caprite-Stradale-20-85x85.jpg 85w, https:\/\/www.tot-design.ro\/neamt\/wp-content\/uploads\/2018\/03\/Caprite-Stradale-20-80x80.jpg 80w\" sizes=\"(max-width: 150px) 100vw, 150px\" \/><\/a>\n\t\t\t\t<\/dt><\/dl><br style=\"clear: both\" \/><dl class='gallery-item'>\n\t\t\t\t<dt class='gallery-icon portrait'>\n\t\t\t\t\t<a href='https:\/\/www.tot-design.ro\/neamt\/wp-content\/uploads\/2018\/03\/Caprite-Stradale-21.jpg'><img width=\"150\" height=\"150\" src=\"https:\/\/www.tot-design.ro\/neamt\/wp-content\/uploads\/2018\/03\/Caprite-Stradale-21-150x150.jpg\" class=\"attachment-thumbnail size-thumbnail\" alt=\"\" decoding=\"async\" loading=\"lazy\" srcset=\"https:\/\/www.tot-design.ro\/neamt\/wp-content\/uploads\/2018\/03\/Caprite-Stradale-21-150x150.jpg 150w, https:\/\/www.tot-design.ro\/neamt\/wp-content\/uploads\/2018\/03\/Caprite-Stradale-21-85x85.jpg 85w, https:\/\/www.tot-design.ro\/neamt\/wp-content\/uploads\/2018\/03\/Caprite-Stradale-21-80x80.jpg 80w\" sizes=\"(max-width: 150px) 100vw, 150px\" \/><\/a>\n\t\t\t\t<\/dt><\/dl><dl class='gallery-item'>\n\t\t\t\t<dt class='gallery-icon landscape'>\n\t\t\t\t\t<a href='https:\/\/www.tot-design.ro\/neamt\/wp-content\/uploads\/2018\/03\/Caprite-Stradale-22.jpg'><img width=\"150\" height=\"150\" src=\"https:\/\/www.tot-design.ro\/neamt\/wp-content\/uploads\/2018\/03\/Caprite-Stradale-22-150x150.jpg\" class=\"attachment-thumbnail size-thumbnail\" alt=\"\" decoding=\"async\" loading=\"lazy\" srcset=\"https:\/\/www.tot-design.ro\/neamt\/wp-content\/uploads\/2018\/03\/Caprite-Stradale-22-150x150.jpg 150w, https:\/\/www.tot-design.ro\/neamt\/wp-content\/uploads\/2018\/03\/Caprite-Stradale-22-85x85.jpg 85w, https:\/\/www.tot-design.ro\/neamt\/wp-content\/uploads\/2018\/03\/Caprite-Stradale-22-80x80.jpg 80w\" sizes=\"(max-width: 150px) 100vw, 150px\" \/><\/a>\n\t\t\t\t<\/dt><\/dl><dl class='gallery-item'>\n\t\t\t\t<dt class='gallery-icon portrait'>\n\t\t\t\t\t<a href='https:\/\/www.tot-design.ro\/neamt\/wp-content\/uploads\/2018\/03\/Caprite-Stradale-23.jpg'><img width=\"150\" height=\"150\" src=\"https:\/\/www.tot-design.ro\/neamt\/wp-content\/uploads\/2018\/03\/Caprite-Stradale-23-150x150.jpg\" class=\"attachment-thumbnail size-thumbnail\" alt=\"\" decoding=\"async\" loading=\"lazy\" srcset=\"https:\/\/www.tot-design.ro\/neamt\/wp-content\/uploads\/2018\/03\/Caprite-Stradale-23-150x150.jpg 150w, https:\/\/www.tot-design.ro\/neamt\/wp-content\/uploads\/2018\/03\/Caprite-Stradale-23-85x85.jpg 85w, https:\/\/www.tot-design.ro\/neamt\/wp-content\/uploads\/2018\/03\/Caprite-Stradale-23-80x80.jpg 80w\" sizes=\"(max-width: 150px) 100vw, 150px\" \/><\/a>\n\t\t\t\t<\/dt><\/dl><dl class='gallery-item'>\n\t\t\t\t<dt class='gallery-icon portrait'>\n\t\t\t\t\t<a href='https:\/\/www.tot-design.ro\/neamt\/wp-content\/uploads\/2018\/03\/Caprite-Stradale-24.jpg'><img width=\"150\" height=\"150\" src=\"https:\/\/www.tot-design.ro\/neamt\/wp-content\/uploads\/2018\/03\/Caprite-Stradale-24-150x150.jpg\" class=\"attachment-thumbnail size-thumbnail\" alt=\"\" decoding=\"async\" loading=\"lazy\" srcset=\"https:\/\/www.tot-design.ro\/neamt\/wp-content\/uploads\/2018\/03\/Caprite-Stradale-24-150x150.jpg 150w, https:\/\/www.tot-design.ro\/neamt\/wp-content\/uploads\/2018\/03\/Caprite-Stradale-24-85x85.jpg 85w, https:\/\/www.tot-design.ro\/neamt\/wp-content\/uploads\/2018\/03\/Caprite-Stradale-24-80x80.jpg 80w\" sizes=\"(max-width: 150px) 100vw, 150px\" \/><\/a>\n\t\t\t\t<\/dt><\/dl><dl class='gallery-item'>\n\t\t\t\t<dt class='gallery-icon landscape'>\n\t\t\t\t\t<a href='https:\/\/www.tot-design.ro\/neamt\/wp-content\/uploads\/2018\/03\/Caprite-Stradale-25.jpg'><img width=\"150\" height=\"150\" src=\"https:\/\/www.tot-design.ro\/neamt\/wp-content\/uploads\/2018\/03\/Caprite-Stradale-25-150x150.jpg\" class=\"attachment-thumbnail size-thumbnail\" alt=\"\" decoding=\"async\" loading=\"lazy\" srcset=\"https:\/\/www.tot-design.ro\/neamt\/wp-content\/uploads\/2018\/03\/Caprite-Stradale-25-150x150.jpg 150w, https:\/\/www.tot-design.ro\/neamt\/wp-content\/uploads\/2018\/03\/Caprite-Stradale-25-85x85.jpg 85w, https:\/\/www.tot-design.ro\/neamt\/wp-content\/uploads\/2018\/03\/Caprite-Stradale-25-80x80.jpg 80w\" sizes=\"(max-width: 150px) 100vw, 150px\" \/><\/a>\n\t\t\t\t<\/dt><\/dl><br style=\"clear: both\" \/>\n\t\t\t<\/div>\n\n","protected":false},"excerpt":{"rendered":"<p>Din punctul meu de vedere o astfel de c\u0103pri\u0163\u0103 stradal\u0103 poate fi cheia succesului unei afaceri. De ce? Fiindc\u0103 este modul de a te apropia cel<span class=\"excerpt-hellip\"> [\u2026]<\/span><\/p>\n","protected":false},"author":1,"featured_media":0,"parent":131,"menu_order":0,"comment_status":"closed","ping_status":"closed","template":"","meta":{"footnotes":""},"aioseo_notices":[],"_links":{"self":[{"href":"https:\/\/www.tot-design.ro\/neamt\/wp-json\/wp\/v2\/pages\/183"}],"collection":[{"href":"https:\/\/www.tot-design.ro\/neamt\/wp-json\/wp\/v2\/pages"}],"about":[{"href":"https:\/\/www.tot-design.ro\/neamt\/wp-json\/wp\/v2\/types\/page"}],"author":[{"embeddable":true,"href":"https:\/\/www.tot-design.ro\/neamt\/wp-json\/wp\/v2\/users\/1"}],"replies":[{"embeddable":true,"href":"https:\/\/www.tot-design.ro\/neamt\/wp-json\/wp\/v2\/comments?post=183"}],"version-history":[{"count":6,"href":"https:\/\/www.tot-design.ro\/neamt\/wp-json\/wp\/v2\/pages\/183\/revisions"}],"predecessor-version":[{"id":667,"href":"https:\/\/www.tot-design.ro\/neamt\/wp-json\/wp\/v2\/pages\/183\/revisions\/667"}],"up":[{"embeddable":true,"href":"https:\/\/www.tot-design.ro\/neamt\/wp-json\/wp\/v2\/pages\/131"}],"wp:attachment":[{"href":"https:\/\/www.tot-design.ro\/neamt\/wp-json\/wp\/v2\/media?parent=183"}],"curies":[{"name":"wp","href":"https:\/\/api.w.org\/{rel}","templated":true}]}}