{"id":133,"date":"2018-03-15T10:47:13","date_gmt":"2018-03-15T08:47:13","guid":{"rendered":"https:\/\/www.tot-design.ro\/?page_id=133"},"modified":"2018-10-19T11:14:49","modified_gmt":"2018-10-19T08:14:49","slug":"amenajari-complete","status":"publish","type":"page","link":"https:\/\/www.tot-design.ro\/neamt\/portofoliu\/amenajari-complete\/","title":{"rendered":"Amenaj\u0103ri complete"},"content":{"rendered":"<p>Venim \u00een sprijinul clien\u0163ilor no\u015ftri cu <strong>idei \u015fi consiliere \u00een vederea amenaj\u0103rii complete a spa\u0163iilor<\/strong>. A\u015fa am ajuns s\u0103 oferim amenaj\u0103ri complete at\u00e2t la exterior, c\u00e2t \u015fi la interior.<\/p>\n\n\t\t\t<style type='text\/css'>\n\t\t\t\t#gallery-1 {\n\t\t\t\t\tmargin: auto;\n\t\t\t\t}\n\t\t\t\t#gallery-1 .gallery-item {\n\t\t\t\t\tfloat: left;\n\t\t\t\t\tmargin-top: 10px;\n\t\t\t\t\ttext-align: center;\n\t\t\t\t\twidth: 33.33%;\n\t\t\t\t}\n\t\t\t\t#gallery-1 img {\n\t\t\t\t\tborder: 2px solid #cfcfcf;\n\t\t\t\t}\n\t\t\t\t#gallery-1 .gallery-caption {\n\t\t\t\t\tmargin-left: 0;\n\t\t\t\t}\n\t\t\t\t\/* see gallery_shortcode() in wp-includes\/media.php *\/\n\t\t\t<\/style>\n\t\t<div id='gallery-1' class='gallery galleryid-133 gallery-columns-3 gallery-size-large file'><dl class='gallery-item'>\n\t\t\t\t<dt class='gallery-icon landscape'>\n\t\t\t\t\t<a href='https:\/\/www.tot-design.ro\/neamt\/wp-content\/uploads\/2018\/03\/Amenajari-Complete-Tot-Design-1.jpg'><img width=\"800\" height=\"600\" src=\"https:\/\/www.tot-design.ro\/neamt\/wp-content\/uploads\/2018\/03\/Amenajari-Complete-Tot-Design-1.jpg\" class=\"attachment-large size-large\" alt=\"\" decoding=\"async\" loading=\"lazy\" srcset=\"https:\/\/www.tot-design.ro\/neamt\/wp-content\/uploads\/2018\/03\/Amenajari-Complete-Tot-Design-1.jpg 800w, https:\/\/www.tot-design.ro\/neamt\/wp-content\/uploads\/2018\/03\/Amenajari-Complete-Tot-Design-1-300x225.jpg 300w, https:\/\/www.tot-design.ro\/neamt\/wp-content\/uploads\/2018\/03\/Amenajari-Complete-Tot-Design-1-768x576.jpg 768w, https:\/\/www.tot-design.ro\/neamt\/wp-content\/uploads\/2018\/03\/Amenajari-Complete-Tot-Design-1-195x146.jpg 195w, https:\/\/www.tot-design.ro\/neamt\/wp-content\/uploads\/2018\/03\/Amenajari-Complete-Tot-Design-1-50x38.jpg 50w, https:\/\/www.tot-design.ro\/neamt\/wp-content\/uploads\/2018\/03\/Amenajari-Complete-Tot-Design-1-100x75.jpg 100w\" sizes=\"(max-width: 800px) 100vw, 800px\" \/><\/a>\n\t\t\t\t<\/dt><\/dl><dl class='gallery-item'>\n\t\t\t\t<dt class='gallery-icon landscape'>\n\t\t\t\t\t<a href='https:\/\/www.tot-design.ro\/neamt\/wp-content\/uploads\/2018\/03\/Amenajari-Complete-Tot-Design-2.jpg'><img width=\"800\" height=\"600\" src=\"https:\/\/www.tot-design.ro\/neamt\/wp-content\/uploads\/2018\/03\/Amenajari-Complete-Tot-Design-2.jpg\" class=\"attachment-large size-large\" alt=\"\" decoding=\"async\" loading=\"lazy\" srcset=\"https:\/\/www.tot-design.ro\/neamt\/wp-content\/uploads\/2018\/03\/Amenajari-Complete-Tot-Design-2.jpg 800w, https:\/\/www.tot-design.ro\/neamt\/wp-content\/uploads\/2018\/03\/Amenajari-Complete-Tot-Design-2-300x225.jpg 300w, https:\/\/www.tot-design.ro\/neamt\/wp-content\/uploads\/2018\/03\/Amenajari-Complete-Tot-Design-2-768x576.jpg 768w, https:\/\/www.tot-design.ro\/neamt\/wp-content\/uploads\/2018\/03\/Amenajari-Complete-Tot-Design-2-195x146.jpg 195w, https:\/\/www.tot-design.ro\/neamt\/wp-content\/uploads\/2018\/03\/Amenajari-Complete-Tot-Design-2-50x38.jpg 50w, https:\/\/www.tot-design.ro\/neamt\/wp-content\/uploads\/2018\/03\/Amenajari-Complete-Tot-Design-2-100x75.jpg 100w\" sizes=\"(max-width: 800px) 100vw, 800px\" \/><\/a>\n\t\t\t\t<\/dt><\/dl><dl class='gallery-item'>\n\t\t\t\t<dt class='gallery-icon landscape'>\n\t\t\t\t\t<a href='https:\/\/www.tot-design.ro\/neamt\/wp-content\/uploads\/2018\/03\/Amenajari-Complete-Tot-Design-3.jpg'><img width=\"800\" height=\"600\" src=\"https:\/\/www.tot-design.ro\/neamt\/wp-content\/uploads\/2018\/03\/Amenajari-Complete-Tot-Design-3.jpg\" class=\"attachment-large size-large\" alt=\"\" decoding=\"async\" loading=\"lazy\" srcset=\"https:\/\/www.tot-design.ro\/neamt\/wp-content\/uploads\/2018\/03\/Amenajari-Complete-Tot-Design-3.jpg 800w, https:\/\/www.tot-design.ro\/neamt\/wp-content\/uploads\/2018\/03\/Amenajari-Complete-Tot-Design-3-300x225.jpg 300w, https:\/\/www.tot-design.ro\/neamt\/wp-content\/uploads\/2018\/03\/Amenajari-Complete-Tot-Design-3-768x576.jpg 768w, https:\/\/www.tot-design.ro\/neamt\/wp-content\/uploads\/2018\/03\/Amenajari-Complete-Tot-Design-3-195x146.jpg 195w, https:\/\/www.tot-design.ro\/neamt\/wp-content\/uploads\/2018\/03\/Amenajari-Complete-Tot-Design-3-50x38.jpg 50w, https:\/\/www.tot-design.ro\/neamt\/wp-content\/uploads\/2018\/03\/Amenajari-Complete-Tot-Design-3-100x75.jpg 100w\" sizes=\"(max-width: 800px) 100vw, 800px\" \/><\/a>\n\t\t\t\t<\/dt><\/dl><br style=\"clear: both\" \/><dl class='gallery-item'>\n\t\t\t\t<dt class='gallery-icon landscape'>\n\t\t\t\t\t<a href='https:\/\/www.tot-design.ro\/neamt\/wp-content\/uploads\/2018\/03\/Amenajari-Complete-Tot-Design-4.jpg'><img width=\"800\" height=\"600\" src=\"https:\/\/www.tot-design.ro\/neamt\/wp-content\/uploads\/2018\/03\/Amenajari-Complete-Tot-Design-4.jpg\" class=\"attachment-large size-large\" alt=\"\" decoding=\"async\" loading=\"lazy\" srcset=\"https:\/\/www.tot-design.ro\/neamt\/wp-content\/uploads\/2018\/03\/Amenajari-Complete-Tot-Design-4.jpg 800w, https:\/\/www.tot-design.ro\/neamt\/wp-content\/uploads\/2018\/03\/Amenajari-Complete-Tot-Design-4-300x225.jpg 300w, https:\/\/www.tot-design.ro\/neamt\/wp-content\/uploads\/2018\/03\/Amenajari-Complete-Tot-Design-4-768x576.jpg 768w, https:\/\/www.tot-design.ro\/neamt\/wp-content\/uploads\/2018\/03\/Amenajari-Complete-Tot-Design-4-195x146.jpg 195w, https:\/\/www.tot-design.ro\/neamt\/wp-content\/uploads\/2018\/03\/Amenajari-Complete-Tot-Design-4-50x38.jpg 50w, https:\/\/www.tot-design.ro\/neamt\/wp-content\/uploads\/2018\/03\/Amenajari-Complete-Tot-Design-4-100x75.jpg 100w\" sizes=\"(max-width: 800px) 100vw, 800px\" \/><\/a>\n\t\t\t\t<\/dt><\/dl><dl class='gallery-item'>\n\t\t\t\t<dt class='gallery-icon landscape'>\n\t\t\t\t\t<a href='https:\/\/www.tot-design.ro\/neamt\/wp-content\/uploads\/2018\/03\/Amenajari-Complete-Tot-Design-5.jpg'><img width=\"800\" height=\"600\" src=\"https:\/\/www.tot-design.ro\/neamt\/wp-content\/uploads\/2018\/03\/Amenajari-Complete-Tot-Design-5.jpg\" class=\"attachment-large size-large\" alt=\"\" decoding=\"async\" loading=\"lazy\" srcset=\"https:\/\/www.tot-design.ro\/neamt\/wp-content\/uploads\/2018\/03\/Amenajari-Complete-Tot-Design-5.jpg 800w, https:\/\/www.tot-design.ro\/neamt\/wp-content\/uploads\/2018\/03\/Amenajari-Complete-Tot-Design-5-300x225.jpg 300w, https:\/\/www.tot-design.ro\/neamt\/wp-content\/uploads\/2018\/03\/Amenajari-Complete-Tot-Design-5-768x576.jpg 768w, https:\/\/www.tot-design.ro\/neamt\/wp-content\/uploads\/2018\/03\/Amenajari-Complete-Tot-Design-5-195x146.jpg 195w, https:\/\/www.tot-design.ro\/neamt\/wp-content\/uploads\/2018\/03\/Amenajari-Complete-Tot-Design-5-50x38.jpg 50w, https:\/\/www.tot-design.ro\/neamt\/wp-content\/uploads\/2018\/03\/Amenajari-Complete-Tot-Design-5-100x75.jpg 100w\" sizes=\"(max-width: 800px) 100vw, 800px\" \/><\/a>\n\t\t\t\t<\/dt><\/dl>\n\t\t\t\t<br style='clear: both' \/>\n\t\t\t<\/div>\n\n<p>&nbsp;<\/p>\n","protected":false},"excerpt":{"rendered":"<p>Venim \u00een sprijinul clien\u0163ilor no\u015ftri cu idei \u015fi consiliere \u00een vederea amenaj\u0103rii complete a spa\u0163iilor. A\u015fa am ajuns s\u0103 oferim amenaj\u0103ri complete at\u00e2t la exterior, c\u00e2t<span class=\"excerpt-hellip\"> [\u2026]<\/span><\/p>\n","protected":false},"author":1,"featured_media":0,"parent":131,"menu_order":0,"comment_status":"closed","ping_status":"closed","template":"","meta":{"footnotes":""},"aioseo_notices":[],"_links":{"self":[{"href":"https:\/\/www.tot-design.ro\/neamt\/wp-json\/wp\/v2\/pages\/133"}],"collection":[{"href":"https:\/\/www.tot-design.ro\/neamt\/wp-json\/wp\/v2\/pages"}],"about":[{"href":"https:\/\/www.tot-design.ro\/neamt\/wp-json\/wp\/v2\/types\/page"}],"author":[{"embeddable":true,"href":"https:\/\/www.tot-design.ro\/neamt\/wp-json\/wp\/v2\/users\/1"}],"replies":[{"embeddable":true,"href":"https:\/\/www.tot-design.ro\/neamt\/wp-json\/wp\/v2\/comments?post=133"}],"version-history":[{"count":9,"href":"https:\/\/www.tot-design.ro\/neamt\/wp-json\/wp\/v2\/pages\/133\/revisions"}],"predecessor-version":[{"id":772,"href":"https:\/\/www.tot-design.ro\/neamt\/wp-json\/wp\/v2\/pages\/133\/revisions\/772"}],"up":[{"embeddable":true,"href":"https:\/\/www.tot-design.ro\/neamt\/wp-json\/wp\/v2\/pages\/131"}],"wp:attachment":[{"href":"https:\/\/www.tot-design.ro\/neamt\/wp-json\/wp\/v2\/media?parent=133"}],"curies":[{"name":"wp","href":"https:\/\/api.w.org\/{rel}","templated":true}]}}