{"id":585,"date":"2018-03-26T10:02:25","date_gmt":"2018-03-26T07:02:25","guid":{"rendered":"https:\/\/www.tot-design.ro\/?page_id=585"},"modified":"2018-10-23T14:44:39","modified_gmt":"2018-10-23T11:44:39","slug":"signalectica","status":"publish","type":"page","link":"https:\/\/www.tot-design.ro\/bacau\/portofoliu\/signalectica\/","title":{"rendered":"Signalectic\u0103"},"content":{"rendered":"<p><strong>Pl\u0103cu\u0163e indicatoare, s\u0103ge\u0163i indicatoare, plachete<\/strong>, etc., ajut\u0103 la orientarea \u00een interiorul sau exteriorul unei cl\u0103diri sau propriet\u0103\u0163i. Foarte importante ca poten\u0163ialul client s\u0103 g\u0103seasc\u0103 mai u\u015for loca\u0163ia \u00een care v\u0103 afla\u0163i.<\/p>\n\n\t\t\t<style type='text\/css'>\n\t\t\t\t#gallery-1 {\n\t\t\t\t\tmargin: auto;\n\t\t\t\t}\n\t\t\t\t#gallery-1 .gallery-item {\n\t\t\t\t\tfloat: left;\n\t\t\t\t\tmargin-top: 10px;\n\t\t\t\t\ttext-align: center;\n\t\t\t\t\twidth: 19.99%;\n\t\t\t\t}\n\t\t\t\t#gallery-1 img {\n\t\t\t\t\tborder: 2px solid #cfcfcf;\n\t\t\t\t}\n\t\t\t\t#gallery-1 .gallery-caption {\n\t\t\t\t\tmargin-left: 0;\n\t\t\t\t}\n\t\t\t\t\/* see gallery_shortcode() in wp-includes\/media.php *\/\n\t\t\t<\/style>\n\t\t<div id='gallery-1' class='gallery galleryid-585 gallery-columns-5 gallery-size-thumbnail file'><dl class='gallery-item'>\n\t\t\t\t<dt class='gallery-icon landscape'>\n\t\t\t\t\t<a href='https:\/\/www.tot-design.ro\/bacau\/wp-content\/uploads\/2018\/03\/Signaletica-1.jpg'><img width=\"150\" height=\"150\" src=\"https:\/\/www.tot-design.ro\/bacau\/wp-content\/uploads\/2018\/03\/Signaletica-1-150x150.jpg\" class=\"attachment-thumbnail size-thumbnail\" alt=\"\" decoding=\"async\" loading=\"lazy\" srcset=\"https:\/\/www.tot-design.ro\/bacau\/wp-content\/uploads\/2018\/03\/Signaletica-1-150x150.jpg 150w, https:\/\/www.tot-design.ro\/bacau\/wp-content\/uploads\/2018\/03\/Signaletica-1-85x85.jpg 85w, https:\/\/www.tot-design.ro\/bacau\/wp-content\/uploads\/2018\/03\/Signaletica-1-80x80.jpg 80w\" sizes=\"(max-width: 150px) 100vw, 150px\" \/><\/a>\n\t\t\t\t<\/dt><\/dl><dl class='gallery-item'>\n\t\t\t\t<dt class='gallery-icon landscape'>\n\t\t\t\t\t<a href='https:\/\/www.tot-design.ro\/bacau\/wp-content\/uploads\/2018\/03\/Signaletica-2.jpg'><img width=\"150\" height=\"150\" src=\"https:\/\/www.tot-design.ro\/bacau\/wp-content\/uploads\/2018\/03\/Signaletica-2-150x150.jpg\" class=\"attachment-thumbnail size-thumbnail\" alt=\"\" decoding=\"async\" loading=\"lazy\" srcset=\"https:\/\/www.tot-design.ro\/bacau\/wp-content\/uploads\/2018\/03\/Signaletica-2-150x150.jpg 150w, https:\/\/www.tot-design.ro\/bacau\/wp-content\/uploads\/2018\/03\/Signaletica-2-85x85.jpg 85w, https:\/\/www.tot-design.ro\/bacau\/wp-content\/uploads\/2018\/03\/Signaletica-2-80x80.jpg 80w\" sizes=\"(max-width: 150px) 100vw, 150px\" \/><\/a>\n\t\t\t\t<\/dt><\/dl><dl class='gallery-item'>\n\t\t\t\t<dt class='gallery-icon landscape'>\n\t\t\t\t\t<a href='https:\/\/www.tot-design.ro\/bacau\/wp-content\/uploads\/2018\/03\/Signaletica-3.jpg'><img width=\"150\" height=\"150\" src=\"https:\/\/www.tot-design.ro\/bacau\/wp-content\/uploads\/2018\/03\/Signaletica-3-150x150.jpg\" class=\"attachment-thumbnail size-thumbnail\" alt=\"\" decoding=\"async\" loading=\"lazy\" srcset=\"https:\/\/www.tot-design.ro\/bacau\/wp-content\/uploads\/2018\/03\/Signaletica-3-150x150.jpg 150w, https:\/\/www.tot-design.ro\/bacau\/wp-content\/uploads\/2018\/03\/Signaletica-3-85x85.jpg 85w, https:\/\/www.tot-design.ro\/bacau\/wp-content\/uploads\/2018\/03\/Signaletica-3-80x80.jpg 80w\" sizes=\"(max-width: 150px) 100vw, 150px\" \/><\/a>\n\t\t\t\t<\/dt><\/dl><dl class='gallery-item'>\n\t\t\t\t<dt class='gallery-icon landscape'>\n\t\t\t\t\t<a href='https:\/\/www.tot-design.ro\/bacau\/wp-content\/uploads\/2018\/03\/Signaletica-4.jpg'><img width=\"150\" height=\"150\" src=\"https:\/\/www.tot-design.ro\/bacau\/wp-content\/uploads\/2018\/03\/Signaletica-4-150x150.jpg\" class=\"attachment-thumbnail size-thumbnail\" alt=\"\" decoding=\"async\" loading=\"lazy\" srcset=\"https:\/\/www.tot-design.ro\/bacau\/wp-content\/uploads\/2018\/03\/Signaletica-4-150x150.jpg 150w, https:\/\/www.tot-design.ro\/bacau\/wp-content\/uploads\/2018\/03\/Signaletica-4-85x85.jpg 85w, https:\/\/www.tot-design.ro\/bacau\/wp-content\/uploads\/2018\/03\/Signaletica-4-80x80.jpg 80w\" sizes=\"(max-width: 150px) 100vw, 150px\" \/><\/a>\n\t\t\t\t<\/dt><\/dl><dl class='gallery-item'>\n\t\t\t\t<dt class='gallery-icon landscape'>\n\t\t\t\t\t<a href='https:\/\/www.tot-design.ro\/bacau\/wp-content\/uploads\/2018\/03\/Signaletica-5.jpg'><img width=\"150\" height=\"150\" src=\"https:\/\/www.tot-design.ro\/bacau\/wp-content\/uploads\/2018\/03\/Signaletica-5-150x150.jpg\" class=\"attachment-thumbnail size-thumbnail\" alt=\"\" decoding=\"async\" loading=\"lazy\" srcset=\"https:\/\/www.tot-design.ro\/bacau\/wp-content\/uploads\/2018\/03\/Signaletica-5-150x150.jpg 150w, https:\/\/www.tot-design.ro\/bacau\/wp-content\/uploads\/2018\/03\/Signaletica-5-85x85.jpg 85w, https:\/\/www.tot-design.ro\/bacau\/wp-content\/uploads\/2018\/03\/Signaletica-5-80x80.jpg 80w\" sizes=\"(max-width: 150px) 100vw, 150px\" \/><\/a>\n\t\t\t\t<\/dt><\/dl><br style=\"clear: both\" \/><dl class='gallery-item'>\n\t\t\t\t<dt class='gallery-icon landscape'>\n\t\t\t\t\t<a href='https:\/\/www.tot-design.ro\/bacau\/wp-content\/uploads\/2018\/03\/Signaletica-6.jpg'><img width=\"150\" height=\"150\" src=\"https:\/\/www.tot-design.ro\/bacau\/wp-content\/uploads\/2018\/03\/Signaletica-6-150x150.jpg\" class=\"attachment-thumbnail size-thumbnail\" alt=\"\" decoding=\"async\" loading=\"lazy\" srcset=\"https:\/\/www.tot-design.ro\/bacau\/wp-content\/uploads\/2018\/03\/Signaletica-6-150x150.jpg 150w, https:\/\/www.tot-design.ro\/bacau\/wp-content\/uploads\/2018\/03\/Signaletica-6-85x85.jpg 85w, https:\/\/www.tot-design.ro\/bacau\/wp-content\/uploads\/2018\/03\/Signaletica-6-80x80.jpg 80w\" sizes=\"(max-width: 150px) 100vw, 150px\" \/><\/a>\n\t\t\t\t<\/dt><\/dl><dl class='gallery-item'>\n\t\t\t\t<dt class='gallery-icon landscape'>\n\t\t\t\t\t<a href='https:\/\/www.tot-design.ro\/bacau\/wp-content\/uploads\/2018\/03\/Signaletica-7.jpg'><img width=\"150\" height=\"150\" src=\"https:\/\/www.tot-design.ro\/bacau\/wp-content\/uploads\/2018\/03\/Signaletica-7-150x150.jpg\" class=\"attachment-thumbnail size-thumbnail\" alt=\"\" decoding=\"async\" loading=\"lazy\" srcset=\"https:\/\/www.tot-design.ro\/bacau\/wp-content\/uploads\/2018\/03\/Signaletica-7-150x150.jpg 150w, https:\/\/www.tot-design.ro\/bacau\/wp-content\/uploads\/2018\/03\/Signaletica-7-85x85.jpg 85w, https:\/\/www.tot-design.ro\/bacau\/wp-content\/uploads\/2018\/03\/Signaletica-7-80x80.jpg 80w\" sizes=\"(max-width: 150px) 100vw, 150px\" \/><\/a>\n\t\t\t\t<\/dt><\/dl><dl class='gallery-item'>\n\t\t\t\t<dt class='gallery-icon landscape'>\n\t\t\t\t\t<a href='https:\/\/www.tot-design.ro\/bacau\/wp-content\/uploads\/2018\/03\/Signaletica-8.jpg'><img width=\"150\" height=\"150\" src=\"https:\/\/www.tot-design.ro\/bacau\/wp-content\/uploads\/2018\/03\/Signaletica-8-150x150.jpg\" class=\"attachment-thumbnail size-thumbnail\" alt=\"\" decoding=\"async\" loading=\"lazy\" srcset=\"https:\/\/www.tot-design.ro\/bacau\/wp-content\/uploads\/2018\/03\/Signaletica-8-150x150.jpg 150w, https:\/\/www.tot-design.ro\/bacau\/wp-content\/uploads\/2018\/03\/Signaletica-8-85x85.jpg 85w, https:\/\/www.tot-design.ro\/bacau\/wp-content\/uploads\/2018\/03\/Signaletica-8-80x80.jpg 80w\" sizes=\"(max-width: 150px) 100vw, 150px\" \/><\/a>\n\t\t\t\t<\/dt><\/dl><dl class='gallery-item'>\n\t\t\t\t<dt class='gallery-icon landscape'>\n\t\t\t\t\t<a href='https:\/\/www.tot-design.ro\/bacau\/wp-content\/uploads\/2018\/03\/Signaletica-9.jpg'><img width=\"150\" height=\"150\" src=\"https:\/\/www.tot-design.ro\/bacau\/wp-content\/uploads\/2018\/03\/Signaletica-9-150x150.jpg\" class=\"attachment-thumbnail size-thumbnail\" alt=\"\" decoding=\"async\" loading=\"lazy\" srcset=\"https:\/\/www.tot-design.ro\/bacau\/wp-content\/uploads\/2018\/03\/Signaletica-9-150x150.jpg 150w, https:\/\/www.tot-design.ro\/bacau\/wp-content\/uploads\/2018\/03\/Signaletica-9-85x85.jpg 85w, https:\/\/www.tot-design.ro\/bacau\/wp-content\/uploads\/2018\/03\/Signaletica-9-80x80.jpg 80w\" sizes=\"(max-width: 150px) 100vw, 150px\" \/><\/a>\n\t\t\t\t<\/dt><\/dl><dl class='gallery-item'>\n\t\t\t\t<dt class='gallery-icon landscape'>\n\t\t\t\t\t<a href='https:\/\/www.tot-design.ro\/bacau\/wp-content\/uploads\/2018\/03\/Signaletica-10.jpg'><img width=\"150\" height=\"150\" src=\"https:\/\/www.tot-design.ro\/bacau\/wp-content\/uploads\/2018\/03\/Signaletica-10-150x150.jpg\" class=\"attachment-thumbnail size-thumbnail\" alt=\"\" decoding=\"async\" loading=\"lazy\" srcset=\"https:\/\/www.tot-design.ro\/bacau\/wp-content\/uploads\/2018\/03\/Signaletica-10-150x150.jpg 150w, https:\/\/www.tot-design.ro\/bacau\/wp-content\/uploads\/2018\/03\/Signaletica-10-85x85.jpg 85w, https:\/\/www.tot-design.ro\/bacau\/wp-content\/uploads\/2018\/03\/Signaletica-10-80x80.jpg 80w\" sizes=\"(max-width: 150px) 100vw, 150px\" \/><\/a>\n\t\t\t\t<\/dt><\/dl><br style=\"clear: both\" \/><dl class='gallery-item'>\n\t\t\t\t<dt class='gallery-icon landscape'>\n\t\t\t\t\t<a href='https:\/\/www.tot-design.ro\/bacau\/wp-content\/uploads\/2018\/03\/Signaletica-11.jpg'><img width=\"150\" height=\"150\" src=\"https:\/\/www.tot-design.ro\/bacau\/wp-content\/uploads\/2018\/03\/Signaletica-11-150x150.jpg\" class=\"attachment-thumbnail size-thumbnail\" alt=\"\" decoding=\"async\" loading=\"lazy\" srcset=\"https:\/\/www.tot-design.ro\/bacau\/wp-content\/uploads\/2018\/03\/Signaletica-11-150x150.jpg 150w, https:\/\/www.tot-design.ro\/bacau\/wp-content\/uploads\/2018\/03\/Signaletica-11-85x85.jpg 85w, https:\/\/www.tot-design.ro\/bacau\/wp-content\/uploads\/2018\/03\/Signaletica-11-80x80.jpg 80w\" sizes=\"(max-width: 150px) 100vw, 150px\" \/><\/a>\n\t\t\t\t<\/dt><\/dl><dl class='gallery-item'>\n\t\t\t\t<dt class='gallery-icon portrait'>\n\t\t\t\t\t<a href='https:\/\/www.tot-design.ro\/bacau\/wp-content\/uploads\/2018\/03\/Signaletica-12.jpg'><img width=\"150\" height=\"150\" src=\"https:\/\/www.tot-design.ro\/bacau\/wp-content\/uploads\/2018\/03\/Signaletica-12-150x150.jpg\" class=\"attachment-thumbnail size-thumbnail\" alt=\"\" decoding=\"async\" loading=\"lazy\" srcset=\"https:\/\/www.tot-design.ro\/bacau\/wp-content\/uploads\/2018\/03\/Signaletica-12-150x150.jpg 150w, https:\/\/www.tot-design.ro\/bacau\/wp-content\/uploads\/2018\/03\/Signaletica-12-85x85.jpg 85w, https:\/\/www.tot-design.ro\/bacau\/wp-content\/uploads\/2018\/03\/Signaletica-12-80x80.jpg 80w\" sizes=\"(max-width: 150px) 100vw, 150px\" \/><\/a>\n\t\t\t\t<\/dt><\/dl><dl class='gallery-item'>\n\t\t\t\t<dt class='gallery-icon landscape'>\n\t\t\t\t\t<a href='https:\/\/www.tot-design.ro\/bacau\/wp-content\/uploads\/2018\/03\/Signaletica-13.jpg'><img width=\"150\" height=\"150\" src=\"https:\/\/www.tot-design.ro\/bacau\/wp-content\/uploads\/2018\/03\/Signaletica-13-150x150.jpg\" class=\"attachment-thumbnail size-thumbnail\" alt=\"\" decoding=\"async\" loading=\"lazy\" srcset=\"https:\/\/www.tot-design.ro\/bacau\/wp-content\/uploads\/2018\/03\/Signaletica-13-150x150.jpg 150w, https:\/\/www.tot-design.ro\/bacau\/wp-content\/uploads\/2018\/03\/Signaletica-13-85x85.jpg 85w, https:\/\/www.tot-design.ro\/bacau\/wp-content\/uploads\/2018\/03\/Signaletica-13-80x80.jpg 80w\" sizes=\"(max-width: 150px) 100vw, 150px\" \/><\/a>\n\t\t\t\t<\/dt><\/dl><dl class='gallery-item'>\n\t\t\t\t<dt class='gallery-icon portrait'>\n\t\t\t\t\t<a href='https:\/\/www.tot-design.ro\/bacau\/wp-content\/uploads\/2018\/03\/Signaletica-14.jpg'><img width=\"150\" height=\"150\" src=\"https:\/\/www.tot-design.ro\/bacau\/wp-content\/uploads\/2018\/03\/Signaletica-14-150x150.jpg\" class=\"attachment-thumbnail size-thumbnail\" alt=\"\" decoding=\"async\" loading=\"lazy\" srcset=\"https:\/\/www.tot-design.ro\/bacau\/wp-content\/uploads\/2018\/03\/Signaletica-14-150x150.jpg 150w, https:\/\/www.tot-design.ro\/bacau\/wp-content\/uploads\/2018\/03\/Signaletica-14-85x85.jpg 85w, https:\/\/www.tot-design.ro\/bacau\/wp-content\/uploads\/2018\/03\/Signaletica-14-80x80.jpg 80w\" sizes=\"(max-width: 150px) 100vw, 150px\" \/><\/a>\n\t\t\t\t<\/dt><\/dl><dl class='gallery-item'>\n\t\t\t\t<dt class='gallery-icon landscape'>\n\t\t\t\t\t<a href='https:\/\/www.tot-design.ro\/bacau\/wp-content\/uploads\/2018\/03\/Signaletica-15.jpg'><img width=\"150\" height=\"150\" src=\"https:\/\/www.tot-design.ro\/bacau\/wp-content\/uploads\/2018\/03\/Signaletica-15-150x150.jpg\" class=\"attachment-thumbnail size-thumbnail\" alt=\"\" decoding=\"async\" loading=\"lazy\" srcset=\"https:\/\/www.tot-design.ro\/bacau\/wp-content\/uploads\/2018\/03\/Signaletica-15-150x150.jpg 150w, https:\/\/www.tot-design.ro\/bacau\/wp-content\/uploads\/2018\/03\/Signaletica-15-85x85.jpg 85w, https:\/\/www.tot-design.ro\/bacau\/wp-content\/uploads\/2018\/03\/Signaletica-15-80x80.jpg 80w\" sizes=\"(max-width: 150px) 100vw, 150px\" \/><\/a>\n\t\t\t\t<\/dt><\/dl><br style=\"clear: both\" \/><dl class='gallery-item'>\n\t\t\t\t<dt class='gallery-icon portrait'>\n\t\t\t\t\t<a href='https:\/\/www.tot-design.ro\/bacau\/wp-content\/uploads\/2018\/03\/Signaletica-16.jpg'><img width=\"150\" height=\"150\" src=\"https:\/\/www.tot-design.ro\/bacau\/wp-content\/uploads\/2018\/03\/Signaletica-16-150x150.jpg\" class=\"attachment-thumbnail size-thumbnail\" alt=\"\" decoding=\"async\" loading=\"lazy\" srcset=\"https:\/\/www.tot-design.ro\/bacau\/wp-content\/uploads\/2018\/03\/Signaletica-16-150x150.jpg 150w, https:\/\/www.tot-design.ro\/bacau\/wp-content\/uploads\/2018\/03\/Signaletica-16-85x85.jpg 85w, https:\/\/www.tot-design.ro\/bacau\/wp-content\/uploads\/2018\/03\/Signaletica-16-80x80.jpg 80w\" sizes=\"(max-width: 150px) 100vw, 150px\" \/><\/a>\n\t\t\t\t<\/dt><\/dl><dl class='gallery-item'>\n\t\t\t\t<dt class='gallery-icon landscape'>\n\t\t\t\t\t<a href='https:\/\/www.tot-design.ro\/bacau\/wp-content\/uploads\/2018\/03\/Signaletica-17.jpg'><img width=\"150\" height=\"150\" src=\"https:\/\/www.tot-design.ro\/bacau\/wp-content\/uploads\/2018\/03\/Signaletica-17-150x150.jpg\" class=\"attachment-thumbnail size-thumbnail\" alt=\"\" decoding=\"async\" loading=\"lazy\" srcset=\"https:\/\/www.tot-design.ro\/bacau\/wp-content\/uploads\/2018\/03\/Signaletica-17-150x150.jpg 150w, https:\/\/www.tot-design.ro\/bacau\/wp-content\/uploads\/2018\/03\/Signaletica-17-85x85.jpg 85w, https:\/\/www.tot-design.ro\/bacau\/wp-content\/uploads\/2018\/03\/Signaletica-17-80x80.jpg 80w\" sizes=\"(max-width: 150px) 100vw, 150px\" \/><\/a>\n\t\t\t\t<\/dt><\/dl>\n\t\t\t\t<br style='clear: both' \/>\n\t\t\t<\/div>\n\n","protected":false},"excerpt":{"rendered":"<p>Pl\u0103cu\u0163e indicatoare, s\u0103ge\u0163i indicatoare, plachete, etc., ajut\u0103 la orientarea \u00een interiorul sau exteriorul unei cl\u0103diri sau propriet\u0103\u0163i. Foarte importante ca poten\u0163ialul client s\u0103 g\u0103seasc\u0103 mai u\u015for<span class=\"excerpt-hellip\"> [\u2026]<\/span><\/p>\n","protected":false},"author":1,"featured_media":0,"parent":131,"menu_order":0,"comment_status":"closed","ping_status":"closed","template":"","meta":{"footnotes":""},"aioseo_notices":[],"_links":{"self":[{"href":"https:\/\/www.tot-design.ro\/bacau\/wp-json\/wp\/v2\/pages\/585"}],"collection":[{"href":"https:\/\/www.tot-design.ro\/bacau\/wp-json\/wp\/v2\/pages"}],"about":[{"href":"https:\/\/www.tot-design.ro\/bacau\/wp-json\/wp\/v2\/types\/page"}],"author":[{"embeddable":true,"href":"https:\/\/www.tot-design.ro\/bacau\/wp-json\/wp\/v2\/users\/1"}],"replies":[{"embeddable":true,"href":"https:\/\/www.tot-design.ro\/bacau\/wp-json\/wp\/v2\/comments?post=585"}],"version-history":[{"count":4,"href":"https:\/\/www.tot-design.ro\/bacau\/wp-json\/wp\/v2\/pages\/585\/revisions"}],"predecessor-version":[{"id":766,"href":"https:\/\/www.tot-design.ro\/bacau\/wp-json\/wp\/v2\/pages\/585\/revisions\/766"}],"up":[{"embeddable":true,"href":"https:\/\/www.tot-design.ro\/bacau\/wp-json\/wp\/v2\/pages\/131"}],"wp:attachment":[{"href":"https:\/\/www.tot-design.ro\/bacau\/wp-json\/wp\/v2\/media?parent=585"}],"curies":[{"name":"wp","href":"https:\/\/api.w.org\/{rel}","templated":true}]}}