{"id":564,"date":"2018-03-26T09:51:31","date_gmt":"2018-03-26T06:51:31","guid":{"rendered":"https:\/\/www.tot-design.ro\/?page_id=564"},"modified":"2018-10-23T14:26:17","modified_gmt":"2018-10-23T11:26:17","slug":"stickere-si-afise-de-perete","status":"publish","type":"page","link":"https:\/\/www.tot-design.ro\/bacau\/portofoliu\/stickere-si-afise-de-perete\/","title":{"rendered":"Stickere \u015fi afi\u015fe de perete"},"content":{"rendered":"<p>Au \u00eenceput s\u0103 c\u00e2\u015ftige din ce \u00een ce mai mult teren <strong>stickerele autocolante<\/strong> care, datorit\u0103 variet\u0103\u0163ii de culori \u015fi texturi, <strong>dau un efect incredibil unei \u00eenc\u0103peri<\/strong>. Fie c\u0103 este un mesaj de genul &#8222;<em>\u00cen aceast\u0103 cas\u0103 nu ne cert\u0103m, nu ne ur\u00e2m, doar ne iubim<\/em>&#8222;, un copac sau orice altceva, stickerele aproape c\u0103 au eliminat clasicele tablouri de pe pere\u0163i. Tapetul are \u015fi el un rol important \u00een decora\u0163iunile interioare. Poate fi clasic sau modern, peisaj, fotografie, etc.<\/p>\n\n\t\t\t<style type='text\/css'>\n\t\t\t\t#gallery-1 {\n\t\t\t\t\tmargin: auto;\n\t\t\t\t}\n\t\t\t\t#gallery-1 .gallery-item {\n\t\t\t\t\tfloat: left;\n\t\t\t\t\tmargin-top: 10px;\n\t\t\t\t\ttext-align: center;\n\t\t\t\t\twidth: 19.99%;\n\t\t\t\t}\n\t\t\t\t#gallery-1 img {\n\t\t\t\t\tborder: 2px solid #cfcfcf;\n\t\t\t\t}\n\t\t\t\t#gallery-1 .gallery-caption {\n\t\t\t\t\tmargin-left: 0;\n\t\t\t\t}\n\t\t\t\t\/* see gallery_shortcode() in wp-includes\/media.php *\/\n\t\t\t<\/style>\n\t\t<div id='gallery-1' class='gallery galleryid-564 gallery-columns-5 gallery-size-thumbnail file'><dl class='gallery-item'>\n\t\t\t\t<dt class='gallery-icon portrait'>\n\t\t\t\t\t<a href='https:\/\/www.tot-design.ro\/bacau\/wp-content\/uploads\/2018\/03\/Stickere-si-afise-de-perete-1.jpg'><img width=\"150\" height=\"150\" src=\"https:\/\/www.tot-design.ro\/bacau\/wp-content\/uploads\/2018\/03\/Stickere-si-afise-de-perete-1-150x150.jpg\" class=\"attachment-thumbnail size-thumbnail\" alt=\"\" decoding=\"async\" loading=\"lazy\" srcset=\"https:\/\/www.tot-design.ro\/bacau\/wp-content\/uploads\/2018\/03\/Stickere-si-afise-de-perete-1-150x150.jpg 150w, https:\/\/www.tot-design.ro\/bacau\/wp-content\/uploads\/2018\/03\/Stickere-si-afise-de-perete-1-85x85.jpg 85w, https:\/\/www.tot-design.ro\/bacau\/wp-content\/uploads\/2018\/03\/Stickere-si-afise-de-perete-1-80x80.jpg 80w\" sizes=\"(max-width: 150px) 100vw, 150px\" \/><\/a>\n\t\t\t\t<\/dt><\/dl><dl class='gallery-item'>\n\t\t\t\t<dt class='gallery-icon landscape'>\n\t\t\t\t\t<a href='https:\/\/www.tot-design.ro\/bacau\/wp-content\/uploads\/2018\/03\/Stickere-si-afise-de-perete-2.jpg'><img width=\"150\" height=\"150\" src=\"https:\/\/www.tot-design.ro\/bacau\/wp-content\/uploads\/2018\/03\/Stickere-si-afise-de-perete-2-150x150.jpg\" class=\"attachment-thumbnail size-thumbnail\" alt=\"\" decoding=\"async\" loading=\"lazy\" srcset=\"https:\/\/www.tot-design.ro\/bacau\/wp-content\/uploads\/2018\/03\/Stickere-si-afise-de-perete-2-150x150.jpg 150w, https:\/\/www.tot-design.ro\/bacau\/wp-content\/uploads\/2018\/03\/Stickere-si-afise-de-perete-2-85x85.jpg 85w, https:\/\/www.tot-design.ro\/bacau\/wp-content\/uploads\/2018\/03\/Stickere-si-afise-de-perete-2-80x80.jpg 80w\" sizes=\"(max-width: 150px) 100vw, 150px\" \/><\/a>\n\t\t\t\t<\/dt><\/dl><dl class='gallery-item'>\n\t\t\t\t<dt class='gallery-icon landscape'>\n\t\t\t\t\t<a href='https:\/\/www.tot-design.ro\/bacau\/wp-content\/uploads\/2018\/03\/Stickere-si-afise-de-perete-3.jpg'><img width=\"150\" height=\"150\" src=\"https:\/\/www.tot-design.ro\/bacau\/wp-content\/uploads\/2018\/03\/Stickere-si-afise-de-perete-3-150x150.jpg\" class=\"attachment-thumbnail size-thumbnail\" alt=\"\" decoding=\"async\" loading=\"lazy\" srcset=\"https:\/\/www.tot-design.ro\/bacau\/wp-content\/uploads\/2018\/03\/Stickere-si-afise-de-perete-3-150x150.jpg 150w, https:\/\/www.tot-design.ro\/bacau\/wp-content\/uploads\/2018\/03\/Stickere-si-afise-de-perete-3-85x85.jpg 85w, https:\/\/www.tot-design.ro\/bacau\/wp-content\/uploads\/2018\/03\/Stickere-si-afise-de-perete-3-80x80.jpg 80w\" sizes=\"(max-width: 150px) 100vw, 150px\" \/><\/a>\n\t\t\t\t<\/dt><\/dl><dl class='gallery-item'>\n\t\t\t\t<dt class='gallery-icon landscape'>\n\t\t\t\t\t<a href='https:\/\/www.tot-design.ro\/bacau\/wp-content\/uploads\/2018\/03\/Stickere-si-afise-de-perete-4.jpg'><img width=\"150\" height=\"150\" src=\"https:\/\/www.tot-design.ro\/bacau\/wp-content\/uploads\/2018\/03\/Stickere-si-afise-de-perete-4-150x150.jpg\" class=\"attachment-thumbnail size-thumbnail\" alt=\"\" decoding=\"async\" loading=\"lazy\" srcset=\"https:\/\/www.tot-design.ro\/bacau\/wp-content\/uploads\/2018\/03\/Stickere-si-afise-de-perete-4-150x150.jpg 150w, https:\/\/www.tot-design.ro\/bacau\/wp-content\/uploads\/2018\/03\/Stickere-si-afise-de-perete-4-85x85.jpg 85w, https:\/\/www.tot-design.ro\/bacau\/wp-content\/uploads\/2018\/03\/Stickere-si-afise-de-perete-4-80x80.jpg 80w\" sizes=\"(max-width: 150px) 100vw, 150px\" \/><\/a>\n\t\t\t\t<\/dt><\/dl><dl class='gallery-item'>\n\t\t\t\t<dt class='gallery-icon landscape'>\n\t\t\t\t\t<a href='https:\/\/www.tot-design.ro\/bacau\/wp-content\/uploads\/2018\/03\/Stickere-si-afise-de-perete-5.jpg'><img width=\"150\" height=\"150\" src=\"https:\/\/www.tot-design.ro\/bacau\/wp-content\/uploads\/2018\/03\/Stickere-si-afise-de-perete-5-150x150.jpg\" class=\"attachment-thumbnail size-thumbnail\" alt=\"\" decoding=\"async\" loading=\"lazy\" srcset=\"https:\/\/www.tot-design.ro\/bacau\/wp-content\/uploads\/2018\/03\/Stickere-si-afise-de-perete-5-150x150.jpg 150w, https:\/\/www.tot-design.ro\/bacau\/wp-content\/uploads\/2018\/03\/Stickere-si-afise-de-perete-5-85x85.jpg 85w, https:\/\/www.tot-design.ro\/bacau\/wp-content\/uploads\/2018\/03\/Stickere-si-afise-de-perete-5-80x80.jpg 80w\" sizes=\"(max-width: 150px) 100vw, 150px\" \/><\/a>\n\t\t\t\t<\/dt><\/dl><br style=\"clear: both\" \/><dl class='gallery-item'>\n\t\t\t\t<dt class='gallery-icon landscape'>\n\t\t\t\t\t<a href='https:\/\/www.tot-design.ro\/bacau\/wp-content\/uploads\/2018\/03\/Stickere-si-afise-de-perete-6.jpg'><img width=\"150\" height=\"150\" src=\"https:\/\/www.tot-design.ro\/bacau\/wp-content\/uploads\/2018\/03\/Stickere-si-afise-de-perete-6-150x150.jpg\" class=\"attachment-thumbnail size-thumbnail\" alt=\"\" decoding=\"async\" loading=\"lazy\" srcset=\"https:\/\/www.tot-design.ro\/bacau\/wp-content\/uploads\/2018\/03\/Stickere-si-afise-de-perete-6-150x150.jpg 150w, https:\/\/www.tot-design.ro\/bacau\/wp-content\/uploads\/2018\/03\/Stickere-si-afise-de-perete-6-85x85.jpg 85w, https:\/\/www.tot-design.ro\/bacau\/wp-content\/uploads\/2018\/03\/Stickere-si-afise-de-perete-6-80x80.jpg 80w\" sizes=\"(max-width: 150px) 100vw, 150px\" \/><\/a>\n\t\t\t\t<\/dt><\/dl><dl class='gallery-item'>\n\t\t\t\t<dt class='gallery-icon landscape'>\n\t\t\t\t\t<a href='https:\/\/www.tot-design.ro\/bacau\/wp-content\/uploads\/2018\/03\/Stickere-si-afise-de-perete-7.jpg'><img width=\"150\" height=\"150\" src=\"https:\/\/www.tot-design.ro\/bacau\/wp-content\/uploads\/2018\/03\/Stickere-si-afise-de-perete-7-150x150.jpg\" class=\"attachment-thumbnail size-thumbnail\" alt=\"\" decoding=\"async\" loading=\"lazy\" srcset=\"https:\/\/www.tot-design.ro\/bacau\/wp-content\/uploads\/2018\/03\/Stickere-si-afise-de-perete-7-150x150.jpg 150w, https:\/\/www.tot-design.ro\/bacau\/wp-content\/uploads\/2018\/03\/Stickere-si-afise-de-perete-7-85x85.jpg 85w, https:\/\/www.tot-design.ro\/bacau\/wp-content\/uploads\/2018\/03\/Stickere-si-afise-de-perete-7-80x80.jpg 80w\" sizes=\"(max-width: 150px) 100vw, 150px\" \/><\/a>\n\t\t\t\t<\/dt><\/dl><dl class='gallery-item'>\n\t\t\t\t<dt class='gallery-icon portrait'>\n\t\t\t\t\t<a href='https:\/\/www.tot-design.ro\/bacau\/wp-content\/uploads\/2018\/03\/Stickere-si-afise-de-perete-8.jpg'><img width=\"150\" height=\"150\" src=\"https:\/\/www.tot-design.ro\/bacau\/wp-content\/uploads\/2018\/03\/Stickere-si-afise-de-perete-8-150x150.jpg\" class=\"attachment-thumbnail size-thumbnail\" alt=\"\" decoding=\"async\" loading=\"lazy\" srcset=\"https:\/\/www.tot-design.ro\/bacau\/wp-content\/uploads\/2018\/03\/Stickere-si-afise-de-perete-8-150x150.jpg 150w, https:\/\/www.tot-design.ro\/bacau\/wp-content\/uploads\/2018\/03\/Stickere-si-afise-de-perete-8-85x85.jpg 85w, https:\/\/www.tot-design.ro\/bacau\/wp-content\/uploads\/2018\/03\/Stickere-si-afise-de-perete-8-80x80.jpg 80w\" sizes=\"(max-width: 150px) 100vw, 150px\" \/><\/a>\n\t\t\t\t<\/dt><\/dl><dl class='gallery-item'>\n\t\t\t\t<dt class='gallery-icon landscape'>\n\t\t\t\t\t<a href='https:\/\/www.tot-design.ro\/bacau\/wp-content\/uploads\/2018\/03\/Stickere-si-afise-de-perete-9.jpg'><img width=\"150\" height=\"150\" src=\"https:\/\/www.tot-design.ro\/bacau\/wp-content\/uploads\/2018\/03\/Stickere-si-afise-de-perete-9-150x150.jpg\" class=\"attachment-thumbnail size-thumbnail\" alt=\"\" decoding=\"async\" loading=\"lazy\" srcset=\"https:\/\/www.tot-design.ro\/bacau\/wp-content\/uploads\/2018\/03\/Stickere-si-afise-de-perete-9-150x150.jpg 150w, https:\/\/www.tot-design.ro\/bacau\/wp-content\/uploads\/2018\/03\/Stickere-si-afise-de-perete-9-85x85.jpg 85w, https:\/\/www.tot-design.ro\/bacau\/wp-content\/uploads\/2018\/03\/Stickere-si-afise-de-perete-9-80x80.jpg 80w\" sizes=\"(max-width: 150px) 100vw, 150px\" \/><\/a>\n\t\t\t\t<\/dt><\/dl><dl class='gallery-item'>\n\t\t\t\t<dt class='gallery-icon landscape'>\n\t\t\t\t\t<a href='https:\/\/www.tot-design.ro\/bacau\/wp-content\/uploads\/2018\/03\/Stickere-si-afise-de-perete-10.jpg'><img width=\"150\" height=\"150\" src=\"https:\/\/www.tot-design.ro\/bacau\/wp-content\/uploads\/2018\/03\/Stickere-si-afise-de-perete-10-150x150.jpg\" class=\"attachment-thumbnail size-thumbnail\" alt=\"\" decoding=\"async\" loading=\"lazy\" srcset=\"https:\/\/www.tot-design.ro\/bacau\/wp-content\/uploads\/2018\/03\/Stickere-si-afise-de-perete-10-150x150.jpg 150w, https:\/\/www.tot-design.ro\/bacau\/wp-content\/uploads\/2018\/03\/Stickere-si-afise-de-perete-10-85x85.jpg 85w, https:\/\/www.tot-design.ro\/bacau\/wp-content\/uploads\/2018\/03\/Stickere-si-afise-de-perete-10-80x80.jpg 80w\" sizes=\"(max-width: 150px) 100vw, 150px\" \/><\/a>\n\t\t\t\t<\/dt><\/dl><br style=\"clear: both\" \/><dl class='gallery-item'>\n\t\t\t\t<dt class='gallery-icon landscape'>\n\t\t\t\t\t<a href='https:\/\/www.tot-design.ro\/bacau\/wp-content\/uploads\/2018\/03\/Stickere-si-afise-de-perete-11.jpg'><img width=\"150\" height=\"150\" src=\"https:\/\/www.tot-design.ro\/bacau\/wp-content\/uploads\/2018\/03\/Stickere-si-afise-de-perete-11-150x150.jpg\" class=\"attachment-thumbnail size-thumbnail\" alt=\"\" decoding=\"async\" loading=\"lazy\" srcset=\"https:\/\/www.tot-design.ro\/bacau\/wp-content\/uploads\/2018\/03\/Stickere-si-afise-de-perete-11-150x150.jpg 150w, https:\/\/www.tot-design.ro\/bacau\/wp-content\/uploads\/2018\/03\/Stickere-si-afise-de-perete-11-85x85.jpg 85w, https:\/\/www.tot-design.ro\/bacau\/wp-content\/uploads\/2018\/03\/Stickere-si-afise-de-perete-11-80x80.jpg 80w\" sizes=\"(max-width: 150px) 100vw, 150px\" \/><\/a>\n\t\t\t\t<\/dt><\/dl><dl class='gallery-item'>\n\t\t\t\t<dt class='gallery-icon landscape'>\n\t\t\t\t\t<a href='https:\/\/www.tot-design.ro\/bacau\/wp-content\/uploads\/2018\/03\/Stickere-si-afise-de-perete-12.jpg'><img width=\"150\" height=\"150\" src=\"https:\/\/www.tot-design.ro\/bacau\/wp-content\/uploads\/2018\/03\/Stickere-si-afise-de-perete-12-150x150.jpg\" class=\"attachment-thumbnail size-thumbnail\" alt=\"\" decoding=\"async\" loading=\"lazy\" srcset=\"https:\/\/www.tot-design.ro\/bacau\/wp-content\/uploads\/2018\/03\/Stickere-si-afise-de-perete-12-150x150.jpg 150w, https:\/\/www.tot-design.ro\/bacau\/wp-content\/uploads\/2018\/03\/Stickere-si-afise-de-perete-12-85x85.jpg 85w, https:\/\/www.tot-design.ro\/bacau\/wp-content\/uploads\/2018\/03\/Stickere-si-afise-de-perete-12-80x80.jpg 80w\" sizes=\"(max-width: 150px) 100vw, 150px\" \/><\/a>\n\t\t\t\t<\/dt><\/dl><dl class='gallery-item'>\n\t\t\t\t<dt class='gallery-icon portrait'>\n\t\t\t\t\t<a href='https:\/\/www.tot-design.ro\/bacau\/wp-content\/uploads\/2018\/03\/Stickere-si-afise-de-perete-13.jpg'><img width=\"150\" height=\"150\" src=\"https:\/\/www.tot-design.ro\/bacau\/wp-content\/uploads\/2018\/03\/Stickere-si-afise-de-perete-13-150x150.jpg\" class=\"attachment-thumbnail size-thumbnail\" alt=\"\" decoding=\"async\" loading=\"lazy\" srcset=\"https:\/\/www.tot-design.ro\/bacau\/wp-content\/uploads\/2018\/03\/Stickere-si-afise-de-perete-13-150x150.jpg 150w, https:\/\/www.tot-design.ro\/bacau\/wp-content\/uploads\/2018\/03\/Stickere-si-afise-de-perete-13-85x85.jpg 85w, https:\/\/www.tot-design.ro\/bacau\/wp-content\/uploads\/2018\/03\/Stickere-si-afise-de-perete-13-80x80.jpg 80w\" sizes=\"(max-width: 150px) 100vw, 150px\" \/><\/a>\n\t\t\t\t<\/dt><\/dl><dl class='gallery-item'>\n\t\t\t\t<dt class='gallery-icon portrait'>\n\t\t\t\t\t<a href='https:\/\/www.tot-design.ro\/bacau\/wp-content\/uploads\/2018\/03\/Stickere-si-afise-de-perete-14.jpg'><img width=\"150\" height=\"150\" src=\"https:\/\/www.tot-design.ro\/bacau\/wp-content\/uploads\/2018\/03\/Stickere-si-afise-de-perete-14-150x150.jpg\" class=\"attachment-thumbnail size-thumbnail\" alt=\"\" decoding=\"async\" loading=\"lazy\" srcset=\"https:\/\/www.tot-design.ro\/bacau\/wp-content\/uploads\/2018\/03\/Stickere-si-afise-de-perete-14-150x150.jpg 150w, https:\/\/www.tot-design.ro\/bacau\/wp-content\/uploads\/2018\/03\/Stickere-si-afise-de-perete-14-85x85.jpg 85w, https:\/\/www.tot-design.ro\/bacau\/wp-content\/uploads\/2018\/03\/Stickere-si-afise-de-perete-14-80x80.jpg 80w\" sizes=\"(max-width: 150px) 100vw, 150px\" \/><\/a>\n\t\t\t\t<\/dt><\/dl><dl class='gallery-item'>\n\t\t\t\t<dt class='gallery-icon landscape'>\n\t\t\t\t\t<a href='https:\/\/www.tot-design.ro\/bacau\/wp-content\/uploads\/2018\/03\/Stickere-si-afise-de-perete-15.jpg'><img width=\"150\" height=\"150\" src=\"https:\/\/www.tot-design.ro\/bacau\/wp-content\/uploads\/2018\/03\/Stickere-si-afise-de-perete-15-150x150.jpg\" class=\"attachment-thumbnail size-thumbnail\" alt=\"\" decoding=\"async\" loading=\"lazy\" srcset=\"https:\/\/www.tot-design.ro\/bacau\/wp-content\/uploads\/2018\/03\/Stickere-si-afise-de-perete-15-150x150.jpg 150w, https:\/\/www.tot-design.ro\/bacau\/wp-content\/uploads\/2018\/03\/Stickere-si-afise-de-perete-15-85x85.jpg 85w, https:\/\/www.tot-design.ro\/bacau\/wp-content\/uploads\/2018\/03\/Stickere-si-afise-de-perete-15-80x80.jpg 80w\" sizes=\"(max-width: 150px) 100vw, 150px\" \/><\/a>\n\t\t\t\t<\/dt><\/dl><br style=\"clear: both\" \/><dl class='gallery-item'>\n\t\t\t\t<dt class='gallery-icon portrait'>\n\t\t\t\t\t<a href='https:\/\/www.tot-design.ro\/bacau\/wp-content\/uploads\/2018\/03\/Stickere-si-afise-de-perete-16.jpg'><img width=\"150\" height=\"150\" src=\"https:\/\/www.tot-design.ro\/bacau\/wp-content\/uploads\/2018\/03\/Stickere-si-afise-de-perete-16-150x150.jpg\" class=\"attachment-thumbnail size-thumbnail\" alt=\"\" decoding=\"async\" loading=\"lazy\" srcset=\"https:\/\/www.tot-design.ro\/bacau\/wp-content\/uploads\/2018\/03\/Stickere-si-afise-de-perete-16-150x150.jpg 150w, https:\/\/www.tot-design.ro\/bacau\/wp-content\/uploads\/2018\/03\/Stickere-si-afise-de-perete-16-85x85.jpg 85w, https:\/\/www.tot-design.ro\/bacau\/wp-content\/uploads\/2018\/03\/Stickere-si-afise-de-perete-16-80x80.jpg 80w\" sizes=\"(max-width: 150px) 100vw, 150px\" \/><\/a>\n\t\t\t\t<\/dt><\/dl><dl class='gallery-item'>\n\t\t\t\t<dt class='gallery-icon landscape'>\n\t\t\t\t\t<a href='https:\/\/www.tot-design.ro\/bacau\/wp-content\/uploads\/2018\/03\/Stickere-si-afise-de-perete-17.jpg'><img width=\"150\" height=\"150\" src=\"https:\/\/www.tot-design.ro\/bacau\/wp-content\/uploads\/2018\/03\/Stickere-si-afise-de-perete-17-150x150.jpg\" class=\"attachment-thumbnail size-thumbnail\" alt=\"\" decoding=\"async\" loading=\"lazy\" srcset=\"https:\/\/www.tot-design.ro\/bacau\/wp-content\/uploads\/2018\/03\/Stickere-si-afise-de-perete-17-150x150.jpg 150w, https:\/\/www.tot-design.ro\/bacau\/wp-content\/uploads\/2018\/03\/Stickere-si-afise-de-perete-17-85x85.jpg 85w, https:\/\/www.tot-design.ro\/bacau\/wp-content\/uploads\/2018\/03\/Stickere-si-afise-de-perete-17-80x80.jpg 80w\" sizes=\"(max-width: 150px) 100vw, 150px\" \/><\/a>\n\t\t\t\t<\/dt><\/dl><dl class='gallery-item'>\n\t\t\t\t<dt class='gallery-icon landscape'>\n\t\t\t\t\t<a href='https:\/\/www.tot-design.ro\/bacau\/wp-content\/uploads\/2018\/03\/Stickere-si-afise-de-perete-18.jpg'><img width=\"150\" height=\"150\" src=\"https:\/\/www.tot-design.ro\/bacau\/wp-content\/uploads\/2018\/03\/Stickere-si-afise-de-perete-18-150x150.jpg\" class=\"attachment-thumbnail size-thumbnail\" alt=\"\" decoding=\"async\" loading=\"lazy\" srcset=\"https:\/\/www.tot-design.ro\/bacau\/wp-content\/uploads\/2018\/03\/Stickere-si-afise-de-perete-18-150x150.jpg 150w, https:\/\/www.tot-design.ro\/bacau\/wp-content\/uploads\/2018\/03\/Stickere-si-afise-de-perete-18-85x85.jpg 85w, https:\/\/www.tot-design.ro\/bacau\/wp-content\/uploads\/2018\/03\/Stickere-si-afise-de-perete-18-80x80.jpg 80w\" sizes=\"(max-width: 150px) 100vw, 150px\" \/><\/a>\n\t\t\t\t<\/dt><\/dl>\n\t\t\t\t<br style='clear: both' \/>\n\t\t\t<\/div>\n\n","protected":false},"excerpt":{"rendered":"<p>Au \u00eenceput s\u0103 c\u00e2\u015ftige din ce \u00een ce mai mult teren stickerele autocolante care, datorit\u0103 variet\u0103\u0163ii de culori \u015fi texturi, dau un efect incredibil unei \u00eenc\u0103peri.<span class=\"excerpt-hellip\"> [\u2026]<\/span><\/p>\n","protected":false},"author":1,"featured_media":0,"parent":131,"menu_order":0,"comment_status":"closed","ping_status":"closed","template":"","meta":{"footnotes":""},"aioseo_notices":[],"_links":{"self":[{"href":"https:\/\/www.tot-design.ro\/bacau\/wp-json\/wp\/v2\/pages\/564"}],"collection":[{"href":"https:\/\/www.tot-design.ro\/bacau\/wp-json\/wp\/v2\/pages"}],"about":[{"href":"https:\/\/www.tot-design.ro\/bacau\/wp-json\/wp\/v2\/types\/page"}],"author":[{"embeddable":true,"href":"https:\/\/www.tot-design.ro\/bacau\/wp-json\/wp\/v2\/users\/1"}],"replies":[{"embeddable":true,"href":"https:\/\/www.tot-design.ro\/bacau\/wp-json\/wp\/v2\/comments?post=564"}],"version-history":[{"count":3,"href":"https:\/\/www.tot-design.ro\/bacau\/wp-json\/wp\/v2\/pages\/564\/revisions"}],"predecessor-version":[{"id":761,"href":"https:\/\/www.tot-design.ro\/bacau\/wp-json\/wp\/v2\/pages\/564\/revisions\/761"}],"up":[{"embeddable":true,"href":"https:\/\/www.tot-design.ro\/bacau\/wp-json\/wp\/v2\/pages\/131"}],"wp:attachment":[{"href":"https:\/\/www.tot-design.ro\/bacau\/wp-json\/wp\/v2\/media?parent=564"}],"curies":[{"name":"wp","href":"https:\/\/api.w.org\/{rel}","templated":true}]}}