{"id":539,"date":"2018-03-26T09:46:15","date_gmt":"2018-03-26T06:46:15","guid":{"rendered":"https:\/\/www.tot-design.ro\/?page_id=539"},"modified":"2021-09-10T16:41:28","modified_gmt":"2021-09-10T13:41:28","slug":"totemuri","status":"publish","type":"page","link":"https:\/\/www.tot-design.ro\/bacau\/portofoliu\/totemuri\/","title":{"rendered":"Totemuri"},"content":{"rendered":"<p><strong>Totemurile\u00a0se remarc\u0103 prin verticalitate<\/strong>. Un mesaj foarte bine g\u00e2ndit poate atrage cel mai bine privirile atunci c\u00e2nd este postat pe un totem. Avantajul este c\u0103 totemul poate avea 2 sau chiar 3 fe\u0163e, care, dac\u0103 mai sunt \u015fi iluminate, efectul este garantat.<\/p>\n\n\t\t\t<style type='text\/css'>\n\t\t\t\t#gallery-1 {\n\t\t\t\t\tmargin: auto;\n\t\t\t\t}\n\t\t\t\t#gallery-1 .gallery-item {\n\t\t\t\t\tfloat: left;\n\t\t\t\t\tmargin-top: 10px;\n\t\t\t\t\ttext-align: center;\n\t\t\t\t\twidth: 19.99%;\n\t\t\t\t}\n\t\t\t\t#gallery-1 img {\n\t\t\t\t\tborder: 2px solid #cfcfcf;\n\t\t\t\t}\n\t\t\t\t#gallery-1 .gallery-caption {\n\t\t\t\t\tmargin-left: 0;\n\t\t\t\t}\n\t\t\t\t\/* see gallery_shortcode() in wp-includes\/media.php *\/\n\t\t\t<\/style>\n\t\t<div id='gallery-1' class='gallery galleryid-539 gallery-columns-5 gallery-size-thumbnail file'><dl class='gallery-item'>\n\t\t\t\t<dt class='gallery-icon portrait'>\n\t\t\t\t\t<a href='https:\/\/www.tot-design.ro\/bacau\/wp-content\/uploads\/2021\/09\/Totemuri-Bacau-13.jpeg'><img width=\"150\" height=\"150\" src=\"https:\/\/www.tot-design.ro\/bacau\/wp-content\/uploads\/2021\/09\/Totemuri-Bacau-13-150x150.jpeg\" class=\"attachment-thumbnail size-thumbnail\" alt=\"\" decoding=\"async\" loading=\"lazy\" srcset=\"https:\/\/www.tot-design.ro\/bacau\/wp-content\/uploads\/2021\/09\/Totemuri-Bacau-13-150x150.jpeg 150w, https:\/\/www.tot-design.ro\/bacau\/wp-content\/uploads\/2021\/09\/Totemuri-Bacau-13-85x85.jpeg 85w, https:\/\/www.tot-design.ro\/bacau\/wp-content\/uploads\/2021\/09\/Totemuri-Bacau-13-80x80.jpeg 80w\" sizes=\"(max-width: 150px) 100vw, 150px\" \/><\/a>\n\t\t\t\t<\/dt><\/dl><dl class='gallery-item'>\n\t\t\t\t<dt class='gallery-icon portrait'>\n\t\t\t\t\t<a href='https:\/\/www.tot-design.ro\/bacau\/wp-content\/uploads\/2021\/09\/Totemuri-Bacau-12.jpeg'><img width=\"150\" height=\"150\" src=\"https:\/\/www.tot-design.ro\/bacau\/wp-content\/uploads\/2021\/09\/Totemuri-Bacau-12-150x150.jpeg\" class=\"attachment-thumbnail size-thumbnail\" alt=\"\" decoding=\"async\" loading=\"lazy\" srcset=\"https:\/\/www.tot-design.ro\/bacau\/wp-content\/uploads\/2021\/09\/Totemuri-Bacau-12-150x150.jpeg 150w, https:\/\/www.tot-design.ro\/bacau\/wp-content\/uploads\/2021\/09\/Totemuri-Bacau-12-85x85.jpeg 85w, https:\/\/www.tot-design.ro\/bacau\/wp-content\/uploads\/2021\/09\/Totemuri-Bacau-12-80x80.jpeg 80w\" sizes=\"(max-width: 150px) 100vw, 150px\" \/><\/a>\n\t\t\t\t<\/dt><\/dl><dl class='gallery-item'>\n\t\t\t\t<dt class='gallery-icon portrait'>\n\t\t\t\t\t<a href='https:\/\/www.tot-design.ro\/bacau\/wp-content\/uploads\/2021\/09\/Totemuri-Bacau-11.jpeg'><img width=\"150\" height=\"150\" src=\"https:\/\/www.tot-design.ro\/bacau\/wp-content\/uploads\/2021\/09\/Totemuri-Bacau-11-150x150.jpeg\" class=\"attachment-thumbnail size-thumbnail\" alt=\"\" decoding=\"async\" loading=\"lazy\" srcset=\"https:\/\/www.tot-design.ro\/bacau\/wp-content\/uploads\/2021\/09\/Totemuri-Bacau-11-150x150.jpeg 150w, https:\/\/www.tot-design.ro\/bacau\/wp-content\/uploads\/2021\/09\/Totemuri-Bacau-11-85x85.jpeg 85w, https:\/\/www.tot-design.ro\/bacau\/wp-content\/uploads\/2021\/09\/Totemuri-Bacau-11-80x80.jpeg 80w\" sizes=\"(max-width: 150px) 100vw, 150px\" \/><\/a>\n\t\t\t\t<\/dt><\/dl><dl class='gallery-item'>\n\t\t\t\t<dt class='gallery-icon portrait'>\n\t\t\t\t\t<a href='https:\/\/www.tot-design.ro\/bacau\/wp-content\/uploads\/2021\/09\/Totemuri-Bacau-10.jpeg'><img width=\"150\" height=\"150\" src=\"https:\/\/www.tot-design.ro\/bacau\/wp-content\/uploads\/2021\/09\/Totemuri-Bacau-10-150x150.jpeg\" class=\"attachment-thumbnail size-thumbnail\" alt=\"\" decoding=\"async\" loading=\"lazy\" srcset=\"https:\/\/www.tot-design.ro\/bacau\/wp-content\/uploads\/2021\/09\/Totemuri-Bacau-10-150x150.jpeg 150w, https:\/\/www.tot-design.ro\/bacau\/wp-content\/uploads\/2021\/09\/Totemuri-Bacau-10-85x85.jpeg 85w, https:\/\/www.tot-design.ro\/bacau\/wp-content\/uploads\/2021\/09\/Totemuri-Bacau-10-80x80.jpeg 80w\" sizes=\"(max-width: 150px) 100vw, 150px\" \/><\/a>\n\t\t\t\t<\/dt><\/dl><dl class='gallery-item'>\n\t\t\t\t<dt class='gallery-icon portrait'>\n\t\t\t\t\t<a href='https:\/\/www.tot-design.ro\/bacau\/wp-content\/uploads\/2021\/09\/Totemuri-Bacau-9.jpeg'><img width=\"150\" height=\"150\" src=\"https:\/\/www.tot-design.ro\/bacau\/wp-content\/uploads\/2021\/09\/Totemuri-Bacau-9-150x150.jpeg\" class=\"attachment-thumbnail size-thumbnail\" alt=\"\" decoding=\"async\" loading=\"lazy\" srcset=\"https:\/\/www.tot-design.ro\/bacau\/wp-content\/uploads\/2021\/09\/Totemuri-Bacau-9-150x150.jpeg 150w, https:\/\/www.tot-design.ro\/bacau\/wp-content\/uploads\/2021\/09\/Totemuri-Bacau-9-85x85.jpeg 85w, https:\/\/www.tot-design.ro\/bacau\/wp-content\/uploads\/2021\/09\/Totemuri-Bacau-9-80x80.jpeg 80w\" sizes=\"(max-width: 150px) 100vw, 150px\" \/><\/a>\n\t\t\t\t<\/dt><\/dl><br style=\"clear: both\" \/><dl class='gallery-item'>\n\t\t\t\t<dt class='gallery-icon portrait'>\n\t\t\t\t\t<a href='https:\/\/www.tot-design.ro\/bacau\/wp-content\/uploads\/2021\/09\/Totemuri-Bacau-8.jpeg'><img width=\"150\" height=\"150\" src=\"https:\/\/www.tot-design.ro\/bacau\/wp-content\/uploads\/2021\/09\/Totemuri-Bacau-8-150x150.jpeg\" class=\"attachment-thumbnail size-thumbnail\" alt=\"\" decoding=\"async\" loading=\"lazy\" srcset=\"https:\/\/www.tot-design.ro\/bacau\/wp-content\/uploads\/2021\/09\/Totemuri-Bacau-8-150x150.jpeg 150w, https:\/\/www.tot-design.ro\/bacau\/wp-content\/uploads\/2021\/09\/Totemuri-Bacau-8-85x85.jpeg 85w, https:\/\/www.tot-design.ro\/bacau\/wp-content\/uploads\/2021\/09\/Totemuri-Bacau-8-80x80.jpeg 80w\" sizes=\"(max-width: 150px) 100vw, 150px\" \/><\/a>\n\t\t\t\t<\/dt><\/dl><dl class='gallery-item'>\n\t\t\t\t<dt class='gallery-icon portrait'>\n\t\t\t\t\t<a href='https:\/\/www.tot-design.ro\/bacau\/wp-content\/uploads\/2021\/09\/Totemuri-Bacau-7.jpeg'><img width=\"150\" height=\"150\" src=\"https:\/\/www.tot-design.ro\/bacau\/wp-content\/uploads\/2021\/09\/Totemuri-Bacau-7-150x150.jpeg\" class=\"attachment-thumbnail size-thumbnail\" alt=\"\" decoding=\"async\" loading=\"lazy\" srcset=\"https:\/\/www.tot-design.ro\/bacau\/wp-content\/uploads\/2021\/09\/Totemuri-Bacau-7-150x150.jpeg 150w, https:\/\/www.tot-design.ro\/bacau\/wp-content\/uploads\/2021\/09\/Totemuri-Bacau-7-85x85.jpeg 85w, https:\/\/www.tot-design.ro\/bacau\/wp-content\/uploads\/2021\/09\/Totemuri-Bacau-7-80x80.jpeg 80w\" sizes=\"(max-width: 150px) 100vw, 150px\" \/><\/a>\n\t\t\t\t<\/dt><\/dl><dl class='gallery-item'>\n\t\t\t\t<dt class='gallery-icon portrait'>\n\t\t\t\t\t<a href='https:\/\/www.tot-design.ro\/bacau\/wp-content\/uploads\/2018\/03\/Totemuri-23.jpg'><img width=\"150\" height=\"150\" src=\"https:\/\/www.tot-design.ro\/bacau\/wp-content\/uploads\/2018\/03\/Totemuri-23-150x150.jpg\" class=\"attachment-thumbnail size-thumbnail\" alt=\"\" decoding=\"async\" loading=\"lazy\" srcset=\"https:\/\/www.tot-design.ro\/bacau\/wp-content\/uploads\/2018\/03\/Totemuri-23-150x150.jpg 150w, https:\/\/www.tot-design.ro\/bacau\/wp-content\/uploads\/2018\/03\/Totemuri-23-85x85.jpg 85w, https:\/\/www.tot-design.ro\/bacau\/wp-content\/uploads\/2018\/03\/Totemuri-23-80x80.jpg 80w\" sizes=\"(max-width: 150px) 100vw, 150px\" \/><\/a>\n\t\t\t\t<\/dt><\/dl><dl class='gallery-item'>\n\t\t\t\t<dt class='gallery-icon portrait'>\n\t\t\t\t\t<a href='https:\/\/www.tot-design.ro\/bacau\/wp-content\/uploads\/2018\/03\/Totemuri-22.jpg'><img width=\"150\" height=\"150\" src=\"https:\/\/www.tot-design.ro\/bacau\/wp-content\/uploads\/2018\/03\/Totemuri-22-150x150.jpg\" class=\"attachment-thumbnail size-thumbnail\" alt=\"\" decoding=\"async\" loading=\"lazy\" srcset=\"https:\/\/www.tot-design.ro\/bacau\/wp-content\/uploads\/2018\/03\/Totemuri-22-150x150.jpg 150w, https:\/\/www.tot-design.ro\/bacau\/wp-content\/uploads\/2018\/03\/Totemuri-22-85x85.jpg 85w, https:\/\/www.tot-design.ro\/bacau\/wp-content\/uploads\/2018\/03\/Totemuri-22-80x80.jpg 80w\" sizes=\"(max-width: 150px) 100vw, 150px\" \/><\/a>\n\t\t\t\t<\/dt><\/dl><dl class='gallery-item'>\n\t\t\t\t<dt class='gallery-icon portrait'>\n\t\t\t\t\t<a href='https:\/\/www.tot-design.ro\/bacau\/wp-content\/uploads\/2018\/03\/Totemuri-21.jpg'><img width=\"150\" height=\"150\" src=\"https:\/\/www.tot-design.ro\/bacau\/wp-content\/uploads\/2018\/03\/Totemuri-21-150x150.jpg\" class=\"attachment-thumbnail size-thumbnail\" alt=\"\" decoding=\"async\" loading=\"lazy\" srcset=\"https:\/\/www.tot-design.ro\/bacau\/wp-content\/uploads\/2018\/03\/Totemuri-21-150x150.jpg 150w, https:\/\/www.tot-design.ro\/bacau\/wp-content\/uploads\/2018\/03\/Totemuri-21-85x85.jpg 85w, https:\/\/www.tot-design.ro\/bacau\/wp-content\/uploads\/2018\/03\/Totemuri-21-80x80.jpg 80w\" sizes=\"(max-width: 150px) 100vw, 150px\" \/><\/a>\n\t\t\t\t<\/dt><\/dl><br style=\"clear: both\" \/><dl class='gallery-item'>\n\t\t\t\t<dt class='gallery-icon portrait'>\n\t\t\t\t\t<a href='https:\/\/www.tot-design.ro\/bacau\/wp-content\/uploads\/2018\/03\/Totemuri-20.jpg'><img width=\"150\" height=\"150\" src=\"https:\/\/www.tot-design.ro\/bacau\/wp-content\/uploads\/2018\/03\/Totemuri-20-150x150.jpg\" class=\"attachment-thumbnail size-thumbnail\" alt=\"\" decoding=\"async\" loading=\"lazy\" srcset=\"https:\/\/www.tot-design.ro\/bacau\/wp-content\/uploads\/2018\/03\/Totemuri-20-150x150.jpg 150w, https:\/\/www.tot-design.ro\/bacau\/wp-content\/uploads\/2018\/03\/Totemuri-20-85x85.jpg 85w, https:\/\/www.tot-design.ro\/bacau\/wp-content\/uploads\/2018\/03\/Totemuri-20-80x80.jpg 80w\" sizes=\"(max-width: 150px) 100vw, 150px\" \/><\/a>\n\t\t\t\t<\/dt><\/dl><dl class='gallery-item'>\n\t\t\t\t<dt class='gallery-icon portrait'>\n\t\t\t\t\t<a href='https:\/\/www.tot-design.ro\/bacau\/wp-content\/uploads\/2018\/03\/Totemuri-19.jpg'><img width=\"150\" height=\"150\" src=\"https:\/\/www.tot-design.ro\/bacau\/wp-content\/uploads\/2018\/03\/Totemuri-19-150x150.jpg\" class=\"attachment-thumbnail size-thumbnail\" alt=\"\" decoding=\"async\" loading=\"lazy\" srcset=\"https:\/\/www.tot-design.ro\/bacau\/wp-content\/uploads\/2018\/03\/Totemuri-19-150x150.jpg 150w, https:\/\/www.tot-design.ro\/bacau\/wp-content\/uploads\/2018\/03\/Totemuri-19-85x85.jpg 85w, https:\/\/www.tot-design.ro\/bacau\/wp-content\/uploads\/2018\/03\/Totemuri-19-80x80.jpg 80w\" sizes=\"(max-width: 150px) 100vw, 150px\" \/><\/a>\n\t\t\t\t<\/dt><\/dl><dl class='gallery-item'>\n\t\t\t\t<dt class='gallery-icon portrait'>\n\t\t\t\t\t<a href='https:\/\/www.tot-design.ro\/bacau\/wp-content\/uploads\/2018\/03\/Totemuri-18.jpg'><img width=\"150\" height=\"150\" src=\"https:\/\/www.tot-design.ro\/bacau\/wp-content\/uploads\/2018\/03\/Totemuri-18-150x150.jpg\" class=\"attachment-thumbnail size-thumbnail\" alt=\"\" decoding=\"async\" loading=\"lazy\" srcset=\"https:\/\/www.tot-design.ro\/bacau\/wp-content\/uploads\/2018\/03\/Totemuri-18-150x150.jpg 150w, https:\/\/www.tot-design.ro\/bacau\/wp-content\/uploads\/2018\/03\/Totemuri-18-85x85.jpg 85w, https:\/\/www.tot-design.ro\/bacau\/wp-content\/uploads\/2018\/03\/Totemuri-18-80x80.jpg 80w\" sizes=\"(max-width: 150px) 100vw, 150px\" \/><\/a>\n\t\t\t\t<\/dt><\/dl><dl class='gallery-item'>\n\t\t\t\t<dt class='gallery-icon portrait'>\n\t\t\t\t\t<a href='https:\/\/www.tot-design.ro\/bacau\/wp-content\/uploads\/2018\/03\/Totemuri-17.jpg'><img width=\"150\" height=\"150\" src=\"https:\/\/www.tot-design.ro\/bacau\/wp-content\/uploads\/2018\/03\/Totemuri-17-150x150.jpg\" class=\"attachment-thumbnail size-thumbnail\" alt=\"\" decoding=\"async\" loading=\"lazy\" srcset=\"https:\/\/www.tot-design.ro\/bacau\/wp-content\/uploads\/2018\/03\/Totemuri-17-150x150.jpg 150w, https:\/\/www.tot-design.ro\/bacau\/wp-content\/uploads\/2018\/03\/Totemuri-17-85x85.jpg 85w, https:\/\/www.tot-design.ro\/bacau\/wp-content\/uploads\/2018\/03\/Totemuri-17-80x80.jpg 80w\" sizes=\"(max-width: 150px) 100vw, 150px\" \/><\/a>\n\t\t\t\t<\/dt><\/dl><dl class='gallery-item'>\n\t\t\t\t<dt class='gallery-icon portrait'>\n\t\t\t\t\t<a href='https:\/\/www.tot-design.ro\/bacau\/wp-content\/uploads\/2018\/03\/Totemuri-16.jpg'><img width=\"150\" height=\"150\" src=\"https:\/\/www.tot-design.ro\/bacau\/wp-content\/uploads\/2018\/03\/Totemuri-16-150x150.jpg\" class=\"attachment-thumbnail size-thumbnail\" alt=\"\" decoding=\"async\" loading=\"lazy\" srcset=\"https:\/\/www.tot-design.ro\/bacau\/wp-content\/uploads\/2018\/03\/Totemuri-16-150x150.jpg 150w, https:\/\/www.tot-design.ro\/bacau\/wp-content\/uploads\/2018\/03\/Totemuri-16-85x85.jpg 85w, https:\/\/www.tot-design.ro\/bacau\/wp-content\/uploads\/2018\/03\/Totemuri-16-80x80.jpg 80w\" sizes=\"(max-width: 150px) 100vw, 150px\" \/><\/a>\n\t\t\t\t<\/dt><\/dl><br style=\"clear: both\" \/><dl class='gallery-item'>\n\t\t\t\t<dt class='gallery-icon portrait'>\n\t\t\t\t\t<a href='https:\/\/www.tot-design.ro\/bacau\/wp-content\/uploads\/2018\/03\/Totemuri-15.jpg'><img width=\"150\" height=\"150\" src=\"https:\/\/www.tot-design.ro\/bacau\/wp-content\/uploads\/2018\/03\/Totemuri-15-150x150.jpg\" class=\"attachment-thumbnail size-thumbnail\" alt=\"\" decoding=\"async\" loading=\"lazy\" srcset=\"https:\/\/www.tot-design.ro\/bacau\/wp-content\/uploads\/2018\/03\/Totemuri-15-150x150.jpg 150w, https:\/\/www.tot-design.ro\/bacau\/wp-content\/uploads\/2018\/03\/Totemuri-15-85x85.jpg 85w, https:\/\/www.tot-design.ro\/bacau\/wp-content\/uploads\/2018\/03\/Totemuri-15-80x80.jpg 80w\" sizes=\"(max-width: 150px) 100vw, 150px\" \/><\/a>\n\t\t\t\t<\/dt><\/dl><dl class='gallery-item'>\n\t\t\t\t<dt class='gallery-icon portrait'>\n\t\t\t\t\t<a href='https:\/\/www.tot-design.ro\/bacau\/wp-content\/uploads\/2018\/03\/Totemuri-14.jpg'><img width=\"150\" height=\"150\" src=\"https:\/\/www.tot-design.ro\/bacau\/wp-content\/uploads\/2018\/03\/Totemuri-14-150x150.jpg\" class=\"attachment-thumbnail size-thumbnail\" alt=\"\" decoding=\"async\" loading=\"lazy\" srcset=\"https:\/\/www.tot-design.ro\/bacau\/wp-content\/uploads\/2018\/03\/Totemuri-14-150x150.jpg 150w, https:\/\/www.tot-design.ro\/bacau\/wp-content\/uploads\/2018\/03\/Totemuri-14-85x85.jpg 85w, https:\/\/www.tot-design.ro\/bacau\/wp-content\/uploads\/2018\/03\/Totemuri-14-80x80.jpg 80w\" sizes=\"(max-width: 150px) 100vw, 150px\" \/><\/a>\n\t\t\t\t<\/dt><\/dl><dl class='gallery-item'>\n\t\t\t\t<dt class='gallery-icon portrait'>\n\t\t\t\t\t<a href='https:\/\/www.tot-design.ro\/bacau\/wp-content\/uploads\/2018\/03\/Totemuri-13.jpg'><img width=\"150\" height=\"150\" src=\"https:\/\/www.tot-design.ro\/bacau\/wp-content\/uploads\/2018\/03\/Totemuri-13-150x150.jpg\" class=\"attachment-thumbnail size-thumbnail\" alt=\"\" decoding=\"async\" loading=\"lazy\" srcset=\"https:\/\/www.tot-design.ro\/bacau\/wp-content\/uploads\/2018\/03\/Totemuri-13-150x150.jpg 150w, https:\/\/www.tot-design.ro\/bacau\/wp-content\/uploads\/2018\/03\/Totemuri-13-85x85.jpg 85w, https:\/\/www.tot-design.ro\/bacau\/wp-content\/uploads\/2018\/03\/Totemuri-13-80x80.jpg 80w\" sizes=\"(max-width: 150px) 100vw, 150px\" \/><\/a>\n\t\t\t\t<\/dt><\/dl><dl class='gallery-item'>\n\t\t\t\t<dt class='gallery-icon portrait'>\n\t\t\t\t\t<a href='https:\/\/www.tot-design.ro\/bacau\/wp-content\/uploads\/2018\/03\/Totemuri-12.jpg'><img width=\"150\" height=\"150\" src=\"https:\/\/www.tot-design.ro\/bacau\/wp-content\/uploads\/2018\/03\/Totemuri-12-150x150.jpg\" class=\"attachment-thumbnail size-thumbnail\" alt=\"\" decoding=\"async\" loading=\"lazy\" srcset=\"https:\/\/www.tot-design.ro\/bacau\/wp-content\/uploads\/2018\/03\/Totemuri-12-150x150.jpg 150w, https:\/\/www.tot-design.ro\/bacau\/wp-content\/uploads\/2018\/03\/Totemuri-12-85x85.jpg 85w, https:\/\/www.tot-design.ro\/bacau\/wp-content\/uploads\/2018\/03\/Totemuri-12-80x80.jpg 80w\" sizes=\"(max-width: 150px) 100vw, 150px\" \/><\/a>\n\t\t\t\t<\/dt><\/dl><dl class='gallery-item'>\n\t\t\t\t<dt class='gallery-icon portrait'>\n\t\t\t\t\t<a href='https:\/\/www.tot-design.ro\/bacau\/wp-content\/uploads\/2018\/03\/Totemuri-11.jpg'><img width=\"150\" height=\"150\" src=\"https:\/\/www.tot-design.ro\/bacau\/wp-content\/uploads\/2018\/03\/Totemuri-11-150x150.jpg\" class=\"attachment-thumbnail size-thumbnail\" alt=\"\" decoding=\"async\" loading=\"lazy\" srcset=\"https:\/\/www.tot-design.ro\/bacau\/wp-content\/uploads\/2018\/03\/Totemuri-11-150x150.jpg 150w, https:\/\/www.tot-design.ro\/bacau\/wp-content\/uploads\/2018\/03\/Totemuri-11-85x85.jpg 85w, https:\/\/www.tot-design.ro\/bacau\/wp-content\/uploads\/2018\/03\/Totemuri-11-80x80.jpg 80w\" sizes=\"(max-width: 150px) 100vw, 150px\" \/><\/a>\n\t\t\t\t<\/dt><\/dl><br style=\"clear: both\" \/><dl class='gallery-item'>\n\t\t\t\t<dt class='gallery-icon portrait'>\n\t\t\t\t\t<a href='https:\/\/www.tot-design.ro\/bacau\/wp-content\/uploads\/2018\/03\/Totemuri-10.jpg'><img width=\"150\" height=\"150\" src=\"https:\/\/www.tot-design.ro\/bacau\/wp-content\/uploads\/2018\/03\/Totemuri-10-150x150.jpg\" class=\"attachment-thumbnail size-thumbnail\" alt=\"\" decoding=\"async\" loading=\"lazy\" srcset=\"https:\/\/www.tot-design.ro\/bacau\/wp-content\/uploads\/2018\/03\/Totemuri-10-150x150.jpg 150w, https:\/\/www.tot-design.ro\/bacau\/wp-content\/uploads\/2018\/03\/Totemuri-10-85x85.jpg 85w, https:\/\/www.tot-design.ro\/bacau\/wp-content\/uploads\/2018\/03\/Totemuri-10-80x80.jpg 80w\" sizes=\"(max-width: 150px) 100vw, 150px\" \/><\/a>\n\t\t\t\t<\/dt><\/dl><dl class='gallery-item'>\n\t\t\t\t<dt class='gallery-icon portrait'>\n\t\t\t\t\t<a href='https:\/\/www.tot-design.ro\/bacau\/wp-content\/uploads\/2018\/03\/Totemuri-9.jpg'><img width=\"150\" height=\"150\" src=\"https:\/\/www.tot-design.ro\/bacau\/wp-content\/uploads\/2018\/03\/Totemuri-9-150x150.jpg\" class=\"attachment-thumbnail size-thumbnail\" alt=\"\" decoding=\"async\" loading=\"lazy\" srcset=\"https:\/\/www.tot-design.ro\/bacau\/wp-content\/uploads\/2018\/03\/Totemuri-9-150x150.jpg 150w, https:\/\/www.tot-design.ro\/bacau\/wp-content\/uploads\/2018\/03\/Totemuri-9-85x85.jpg 85w, https:\/\/www.tot-design.ro\/bacau\/wp-content\/uploads\/2018\/03\/Totemuri-9-80x80.jpg 80w\" sizes=\"(max-width: 150px) 100vw, 150px\" \/><\/a>\n\t\t\t\t<\/dt><\/dl><dl class='gallery-item'>\n\t\t\t\t<dt class='gallery-icon portrait'>\n\t\t\t\t\t<a href='https:\/\/www.tot-design.ro\/bacau\/wp-content\/uploads\/2018\/03\/Totemuri-8.jpg'><img width=\"150\" height=\"150\" src=\"https:\/\/www.tot-design.ro\/bacau\/wp-content\/uploads\/2018\/03\/Totemuri-8-150x150.jpg\" class=\"attachment-thumbnail size-thumbnail\" alt=\"\" decoding=\"async\" loading=\"lazy\" srcset=\"https:\/\/www.tot-design.ro\/bacau\/wp-content\/uploads\/2018\/03\/Totemuri-8-150x150.jpg 150w, https:\/\/www.tot-design.ro\/bacau\/wp-content\/uploads\/2018\/03\/Totemuri-8-85x85.jpg 85w, https:\/\/www.tot-design.ro\/bacau\/wp-content\/uploads\/2018\/03\/Totemuri-8-80x80.jpg 80w\" sizes=\"(max-width: 150px) 100vw, 150px\" \/><\/a>\n\t\t\t\t<\/dt><\/dl><dl class='gallery-item'>\n\t\t\t\t<dt class='gallery-icon portrait'>\n\t\t\t\t\t<a href='https:\/\/www.tot-design.ro\/bacau\/wp-content\/uploads\/2018\/03\/Totemuri-7.jpg'><img width=\"150\" height=\"150\" src=\"https:\/\/www.tot-design.ro\/bacau\/wp-content\/uploads\/2018\/03\/Totemuri-7-150x150.jpg\" class=\"attachment-thumbnail size-thumbnail\" alt=\"\" decoding=\"async\" loading=\"lazy\" srcset=\"https:\/\/www.tot-design.ro\/bacau\/wp-content\/uploads\/2018\/03\/Totemuri-7-150x150.jpg 150w, https:\/\/www.tot-design.ro\/bacau\/wp-content\/uploads\/2018\/03\/Totemuri-7-85x85.jpg 85w, https:\/\/www.tot-design.ro\/bacau\/wp-content\/uploads\/2018\/03\/Totemuri-7-80x80.jpg 80w\" sizes=\"(max-width: 150px) 100vw, 150px\" \/><\/a>\n\t\t\t\t<\/dt><\/dl><dl class='gallery-item'>\n\t\t\t\t<dt class='gallery-icon portrait'>\n\t\t\t\t\t<a href='https:\/\/www.tot-design.ro\/bacau\/wp-content\/uploads\/2018\/03\/Totemuri-6.jpg'><img width=\"150\" height=\"150\" src=\"https:\/\/www.tot-design.ro\/bacau\/wp-content\/uploads\/2018\/03\/Totemuri-6-150x150.jpg\" class=\"attachment-thumbnail size-thumbnail\" alt=\"\" decoding=\"async\" loading=\"lazy\" srcset=\"https:\/\/www.tot-design.ro\/bacau\/wp-content\/uploads\/2018\/03\/Totemuri-6-150x150.jpg 150w, https:\/\/www.tot-design.ro\/bacau\/wp-content\/uploads\/2018\/03\/Totemuri-6-85x85.jpg 85w, https:\/\/www.tot-design.ro\/bacau\/wp-content\/uploads\/2018\/03\/Totemuri-6-80x80.jpg 80w\" sizes=\"(max-width: 150px) 100vw, 150px\" \/><\/a>\n\t\t\t\t<\/dt><\/dl><br style=\"clear: both\" \/><dl class='gallery-item'>\n\t\t\t\t<dt class='gallery-icon landscape'>\n\t\t\t\t\t<a href='https:\/\/www.tot-design.ro\/bacau\/wp-content\/uploads\/2018\/03\/Totemuri-5.jpg'><img width=\"150\" height=\"150\" src=\"https:\/\/www.tot-design.ro\/bacau\/wp-content\/uploads\/2018\/03\/Totemuri-5-150x150.jpg\" class=\"attachment-thumbnail size-thumbnail\" alt=\"\" decoding=\"async\" loading=\"lazy\" srcset=\"https:\/\/www.tot-design.ro\/bacau\/wp-content\/uploads\/2018\/03\/Totemuri-5-150x150.jpg 150w, https:\/\/www.tot-design.ro\/bacau\/wp-content\/uploads\/2018\/03\/Totemuri-5-85x85.jpg 85w, https:\/\/www.tot-design.ro\/bacau\/wp-content\/uploads\/2018\/03\/Totemuri-5-80x80.jpg 80w\" sizes=\"(max-width: 150px) 100vw, 150px\" \/><\/a>\n\t\t\t\t<\/dt><\/dl><dl class='gallery-item'>\n\t\t\t\t<dt class='gallery-icon portrait'>\n\t\t\t\t\t<a href='https:\/\/www.tot-design.ro\/bacau\/wp-content\/uploads\/2018\/03\/Totemuri-4.jpg'><img width=\"150\" height=\"150\" src=\"https:\/\/www.tot-design.ro\/bacau\/wp-content\/uploads\/2018\/03\/Totemuri-4-150x150.jpg\" class=\"attachment-thumbnail size-thumbnail\" alt=\"\" decoding=\"async\" loading=\"lazy\" srcset=\"https:\/\/www.tot-design.ro\/bacau\/wp-content\/uploads\/2018\/03\/Totemuri-4-150x150.jpg 150w, https:\/\/www.tot-design.ro\/bacau\/wp-content\/uploads\/2018\/03\/Totemuri-4-85x85.jpg 85w, https:\/\/www.tot-design.ro\/bacau\/wp-content\/uploads\/2018\/03\/Totemuri-4-80x80.jpg 80w\" sizes=\"(max-width: 150px) 100vw, 150px\" \/><\/a>\n\t\t\t\t<\/dt><\/dl><dl class='gallery-item'>\n\t\t\t\t<dt class='gallery-icon landscape'>\n\t\t\t\t\t<a href='https:\/\/www.tot-design.ro\/bacau\/wp-content\/uploads\/2018\/03\/Totemuri-3.jpg'><img width=\"150\" height=\"150\" src=\"https:\/\/www.tot-design.ro\/bacau\/wp-content\/uploads\/2018\/03\/Totemuri-3-150x150.jpg\" class=\"attachment-thumbnail size-thumbnail\" alt=\"\" decoding=\"async\" loading=\"lazy\" srcset=\"https:\/\/www.tot-design.ro\/bacau\/wp-content\/uploads\/2018\/03\/Totemuri-3-150x150.jpg 150w, https:\/\/www.tot-design.ro\/bacau\/wp-content\/uploads\/2018\/03\/Totemuri-3-85x85.jpg 85w, https:\/\/www.tot-design.ro\/bacau\/wp-content\/uploads\/2018\/03\/Totemuri-3-80x80.jpg 80w\" sizes=\"(max-width: 150px) 100vw, 150px\" \/><\/a>\n\t\t\t\t<\/dt><\/dl><dl class='gallery-item'>\n\t\t\t\t<dt class='gallery-icon landscape'>\n\t\t\t\t\t<a href='https:\/\/www.tot-design.ro\/bacau\/wp-content\/uploads\/2018\/03\/Totemuri-2.jpg'><img width=\"150\" height=\"150\" src=\"https:\/\/www.tot-design.ro\/bacau\/wp-content\/uploads\/2018\/03\/Totemuri-2-150x150.jpg\" class=\"attachment-thumbnail size-thumbnail\" alt=\"\" decoding=\"async\" loading=\"lazy\" srcset=\"https:\/\/www.tot-design.ro\/bacau\/wp-content\/uploads\/2018\/03\/Totemuri-2-150x150.jpg 150w, https:\/\/www.tot-design.ro\/bacau\/wp-content\/uploads\/2018\/03\/Totemuri-2-85x85.jpg 85w, https:\/\/www.tot-design.ro\/bacau\/wp-content\/uploads\/2018\/03\/Totemuri-2-80x80.jpg 80w\" sizes=\"(max-width: 150px) 100vw, 150px\" \/><\/a>\n\t\t\t\t<\/dt><\/dl><dl class='gallery-item'>\n\t\t\t\t<dt class='gallery-icon portrait'>\n\t\t\t\t\t<a href='https:\/\/www.tot-design.ro\/bacau\/wp-content\/uploads\/2018\/03\/Totemuri-1.jpg'><img width=\"150\" height=\"150\" src=\"https:\/\/www.tot-design.ro\/bacau\/wp-content\/uploads\/2018\/03\/Totemuri-1-150x150.jpg\" class=\"attachment-thumbnail size-thumbnail\" alt=\"\" decoding=\"async\" loading=\"lazy\" srcset=\"https:\/\/www.tot-design.ro\/bacau\/wp-content\/uploads\/2018\/03\/Totemuri-1-150x150.jpg 150w, https:\/\/www.tot-design.ro\/bacau\/wp-content\/uploads\/2018\/03\/Totemuri-1-85x85.jpg 85w, https:\/\/www.tot-design.ro\/bacau\/wp-content\/uploads\/2018\/03\/Totemuri-1-80x80.jpg 80w\" sizes=\"(max-width: 150px) 100vw, 150px\" \/><\/a>\n\t\t\t\t<\/dt><\/dl><br style=\"clear: both\" \/>\n\t\t\t<\/div>\n\n","protected":false},"excerpt":{"rendered":"<p>Totemurile\u00a0se remarc\u0103 prin verticalitate. Un mesaj foarte bine g\u00e2ndit poate atrage cel mai bine privirile atunci c\u00e2nd este postat pe un totem. Avantajul este c\u0103 totemul<span class=\"excerpt-hellip\"> [\u2026]<\/span><\/p>\n","protected":false},"author":1,"featured_media":0,"parent":131,"menu_order":0,"comment_status":"closed","ping_status":"closed","template":"","meta":{"footnotes":""},"aioseo_notices":[],"_links":{"self":[{"href":"https:\/\/www.tot-design.ro\/bacau\/wp-json\/wp\/v2\/pages\/539"}],"collection":[{"href":"https:\/\/www.tot-design.ro\/bacau\/wp-json\/wp\/v2\/pages"}],"about":[{"href":"https:\/\/www.tot-design.ro\/bacau\/wp-json\/wp\/v2\/types\/page"}],"author":[{"embeddable":true,"href":"https:\/\/www.tot-design.ro\/bacau\/wp-json\/wp\/v2\/users\/1"}],"replies":[{"embeddable":true,"href":"https:\/\/www.tot-design.ro\/bacau\/wp-json\/wp\/v2\/comments?post=539"}],"version-history":[{"count":4,"href":"https:\/\/www.tot-design.ro\/bacau\/wp-json\/wp\/v2\/pages\/539\/revisions"}],"predecessor-version":[{"id":932,"href":"https:\/\/www.tot-design.ro\/bacau\/wp-json\/wp\/v2\/pages\/539\/revisions\/932"}],"up":[{"embeddable":true,"href":"https:\/\/www.tot-design.ro\/bacau\/wp-json\/wp\/v2\/pages\/131"}],"wp:attachment":[{"href":"https:\/\/www.tot-design.ro\/bacau\/wp-json\/wp\/v2\/media?parent=539"}],"curies":[{"name":"wp","href":"https:\/\/api.w.org\/{rel}","templated":true}]}}