{"id":422,"date":"2018-03-15T15:41:26","date_gmt":"2018-03-15T13:41:26","guid":{"rendered":"https:\/\/www.tot-design.ro\/?page_id=422"},"modified":"2018-10-23T14:35:03","modified_gmt":"2018-10-23T11:35:03","slug":"corturi-si-standuri-expozitionale","status":"publish","type":"page","link":"https:\/\/www.tot-design.ro\/bacau\/portofoliu\/corturi-si-standuri-expozitionale\/","title":{"rendered":"Corturi \u015fi standuri expozi\u0163ionale"},"content":{"rendered":"<p>Se folosesc la t\u00e2rgurile expozi\u0163ionale sau la campaniile de marketing. <strong>Corturile<\/strong> se fac \u00een general <em>demontabile<\/em>, ca s\u0103 poat\u0103 fi luate \u015fi montate cu o alt\u0103 ocazie. La fel stau lucrurile \u015fi cu <strong>standurile expozi\u0163ionale<\/strong>. Se fac demontabile, fiind realizate dintr-o varietate mare de materiale \u015fi sub diverse forme.<\/p>\n\n\t\t\t<style type='text\/css'>\n\t\t\t\t#gallery-1 {\n\t\t\t\t\tmargin: auto;\n\t\t\t\t}\n\t\t\t\t#gallery-1 .gallery-item {\n\t\t\t\t\tfloat: left;\n\t\t\t\t\tmargin-top: 10px;\n\t\t\t\t\ttext-align: center;\n\t\t\t\t\twidth: 49.99%;\n\t\t\t\t}\n\t\t\t\t#gallery-1 img {\n\t\t\t\t\tborder: 2px solid #cfcfcf;\n\t\t\t\t}\n\t\t\t\t#gallery-1 .gallery-caption {\n\t\t\t\t\tmargin-left: 0;\n\t\t\t\t}\n\t\t\t\t\/* see gallery_shortcode() in wp-includes\/media.php *\/\n\t\t\t<\/style>\n\t\t<div id='gallery-1' class='gallery galleryid-422 gallery-columns-2 gallery-size-large file'><dl class='gallery-item'>\n\t\t\t\t<dt class='gallery-icon landscape'>\n\t\t\t\t\t<a href='https:\/\/www.tot-design.ro\/bacau\/wp-content\/uploads\/2018\/03\/Corturi-si-standuri-exceptionale-1.jpg'><img width=\"795\" height=\"600\" src=\"https:\/\/www.tot-design.ro\/bacau\/wp-content\/uploads\/2018\/03\/Corturi-si-standuri-exceptionale-1-795x600.jpg\" class=\"attachment-large size-large\" alt=\"\" decoding=\"async\" loading=\"lazy\" srcset=\"https:\/\/www.tot-design.ro\/bacau\/wp-content\/uploads\/2018\/03\/Corturi-si-standuri-exceptionale-1-795x600.jpg 795w, https:\/\/www.tot-design.ro\/bacau\/wp-content\/uploads\/2018\/03\/Corturi-si-standuri-exceptionale-1-300x227.jpg 300w, https:\/\/www.tot-design.ro\/bacau\/wp-content\/uploads\/2018\/03\/Corturi-si-standuri-exceptionale-1-768x580.jpg 768w, https:\/\/www.tot-design.ro\/bacau\/wp-content\/uploads\/2018\/03\/Corturi-si-standuri-exceptionale-1-193x146.jpg 193w, https:\/\/www.tot-design.ro\/bacau\/wp-content\/uploads\/2018\/03\/Corturi-si-standuri-exceptionale-1-50x38.jpg 50w, https:\/\/www.tot-design.ro\/bacau\/wp-content\/uploads\/2018\/03\/Corturi-si-standuri-exceptionale-1-99x75.jpg 99w, https:\/\/www.tot-design.ro\/bacau\/wp-content\/uploads\/2018\/03\/Corturi-si-standuri-exceptionale-1.jpg 800w\" sizes=\"(max-width: 795px) 100vw, 795px\" \/><\/a>\n\t\t\t\t<\/dt><\/dl><dl class='gallery-item'>\n\t\t\t\t<dt class='gallery-icon landscape'>\n\t\t\t\t\t<a href='https:\/\/www.tot-design.ro\/bacau\/wp-content\/uploads\/2018\/03\/Corturi-si-standuri-exceptionale-2.jpg'><img width=\"795\" height=\"600\" src=\"https:\/\/www.tot-design.ro\/bacau\/wp-content\/uploads\/2018\/03\/Corturi-si-standuri-exceptionale-2-795x600.jpg\" class=\"attachment-large size-large\" alt=\"\" decoding=\"async\" loading=\"lazy\" srcset=\"https:\/\/www.tot-design.ro\/bacau\/wp-content\/uploads\/2018\/03\/Corturi-si-standuri-exceptionale-2-795x600.jpg 795w, https:\/\/www.tot-design.ro\/bacau\/wp-content\/uploads\/2018\/03\/Corturi-si-standuri-exceptionale-2-300x227.jpg 300w, https:\/\/www.tot-design.ro\/bacau\/wp-content\/uploads\/2018\/03\/Corturi-si-standuri-exceptionale-2-768x580.jpg 768w, https:\/\/www.tot-design.ro\/bacau\/wp-content\/uploads\/2018\/03\/Corturi-si-standuri-exceptionale-2-193x146.jpg 193w, https:\/\/www.tot-design.ro\/bacau\/wp-content\/uploads\/2018\/03\/Corturi-si-standuri-exceptionale-2-50x38.jpg 50w, https:\/\/www.tot-design.ro\/bacau\/wp-content\/uploads\/2018\/03\/Corturi-si-standuri-exceptionale-2-99x75.jpg 99w, https:\/\/www.tot-design.ro\/bacau\/wp-content\/uploads\/2018\/03\/Corturi-si-standuri-exceptionale-2.jpg 800w\" sizes=\"(max-width: 795px) 100vw, 795px\" \/><\/a>\n\t\t\t\t<\/dt><\/dl><br style=\"clear: both\" \/><dl class='gallery-item'>\n\t\t\t\t<dt class='gallery-icon landscape'>\n\t\t\t\t\t<a href='https:\/\/www.tot-design.ro\/bacau\/wp-content\/uploads\/2018\/03\/Corturi-si-standuri-exceptionale-3.jpg'><img width=\"800\" height=\"600\" src=\"https:\/\/www.tot-design.ro\/bacau\/wp-content\/uploads\/2018\/03\/Corturi-si-standuri-exceptionale-3.jpg\" class=\"attachment-large size-large\" alt=\"\" decoding=\"async\" loading=\"lazy\" srcset=\"https:\/\/www.tot-design.ro\/bacau\/wp-content\/uploads\/2018\/03\/Corturi-si-standuri-exceptionale-3.jpg 800w, https:\/\/www.tot-design.ro\/bacau\/wp-content\/uploads\/2018\/03\/Corturi-si-standuri-exceptionale-3-300x225.jpg 300w, https:\/\/www.tot-design.ro\/bacau\/wp-content\/uploads\/2018\/03\/Corturi-si-standuri-exceptionale-3-768x576.jpg 768w, https:\/\/www.tot-design.ro\/bacau\/wp-content\/uploads\/2018\/03\/Corturi-si-standuri-exceptionale-3-195x146.jpg 195w, https:\/\/www.tot-design.ro\/bacau\/wp-content\/uploads\/2018\/03\/Corturi-si-standuri-exceptionale-3-50x38.jpg 50w, https:\/\/www.tot-design.ro\/bacau\/wp-content\/uploads\/2018\/03\/Corturi-si-standuri-exceptionale-3-100x75.jpg 100w\" sizes=\"(max-width: 800px) 100vw, 800px\" \/><\/a>\n\t\t\t\t<\/dt><\/dl><dl class='gallery-item'>\n\t\t\t\t<dt class='gallery-icon landscape'>\n\t\t\t\t\t<a href='https:\/\/www.tot-design.ro\/bacau\/wp-content\/uploads\/2018\/03\/Corturi-si-standuri-exceptionale-4.jpg'><img width=\"800\" height=\"600\" src=\"https:\/\/www.tot-design.ro\/bacau\/wp-content\/uploads\/2018\/03\/Corturi-si-standuri-exceptionale-4.jpg\" class=\"attachment-large size-large\" alt=\"\" decoding=\"async\" loading=\"lazy\" srcset=\"https:\/\/www.tot-design.ro\/bacau\/wp-content\/uploads\/2018\/03\/Corturi-si-standuri-exceptionale-4.jpg 800w, https:\/\/www.tot-design.ro\/bacau\/wp-content\/uploads\/2018\/03\/Corturi-si-standuri-exceptionale-4-300x225.jpg 300w, https:\/\/www.tot-design.ro\/bacau\/wp-content\/uploads\/2018\/03\/Corturi-si-standuri-exceptionale-4-768x576.jpg 768w, https:\/\/www.tot-design.ro\/bacau\/wp-content\/uploads\/2018\/03\/Corturi-si-standuri-exceptionale-4-195x146.jpg 195w, https:\/\/www.tot-design.ro\/bacau\/wp-content\/uploads\/2018\/03\/Corturi-si-standuri-exceptionale-4-50x38.jpg 50w, https:\/\/www.tot-design.ro\/bacau\/wp-content\/uploads\/2018\/03\/Corturi-si-standuri-exceptionale-4-100x75.jpg 100w\" sizes=\"(max-width: 800px) 100vw, 800px\" \/><\/a>\n\t\t\t\t<\/dt><\/dl><br style=\"clear: both\" \/>\n\t\t\t<\/div>\n\n","protected":false},"excerpt":{"rendered":"<p>Se folosesc la t\u00e2rgurile expozi\u0163ionale sau la campaniile de marketing. Corturile se fac \u00een general demontabile, ca s\u0103 poat\u0103 fi luate \u015fi montate cu o alt\u0103<span class=\"excerpt-hellip\"> [\u2026]<\/span><\/p>\n","protected":false},"author":1,"featured_media":0,"parent":131,"menu_order":0,"comment_status":"closed","ping_status":"closed","template":"","meta":{"footnotes":""},"aioseo_notices":[],"_links":{"self":[{"href":"https:\/\/www.tot-design.ro\/bacau\/wp-json\/wp\/v2\/pages\/422"}],"collection":[{"href":"https:\/\/www.tot-design.ro\/bacau\/wp-json\/wp\/v2\/pages"}],"about":[{"href":"https:\/\/www.tot-design.ro\/bacau\/wp-json\/wp\/v2\/types\/page"}],"author":[{"embeddable":true,"href":"https:\/\/www.tot-design.ro\/bacau\/wp-json\/wp\/v2\/users\/1"}],"replies":[{"embeddable":true,"href":"https:\/\/www.tot-design.ro\/bacau\/wp-json\/wp\/v2\/comments?post=422"}],"version-history":[{"count":4,"href":"https:\/\/www.tot-design.ro\/bacau\/wp-json\/wp\/v2\/pages\/422\/revisions"}],"predecessor-version":[{"id":782,"href":"https:\/\/www.tot-design.ro\/bacau\/wp-json\/wp\/v2\/pages\/422\/revisions\/782"}],"up":[{"embeddable":true,"href":"https:\/\/www.tot-design.ro\/bacau\/wp-json\/wp\/v2\/pages\/131"}],"wp:attachment":[{"href":"https:\/\/www.tot-design.ro\/bacau\/wp-json\/wp\/v2\/media?parent=422"}],"curies":[{"name":"wp","href":"https:\/\/api.w.org\/{rel}","templated":true}]}}