{"id":395,"date":"2018-03-15T15:39:15","date_gmt":"2018-03-15T13:39:15","guid":{"rendered":"https:\/\/www.tot-design.ro\/?page_id=395"},"modified":"2018-10-23T14:31:50","modified_gmt":"2018-10-23T11:31:50","slug":"copertine","status":"publish","type":"page","link":"https:\/\/www.tot-design.ro\/bacau\/portofoliu\/copertine\/","title":{"rendered":"Copertine"},"content":{"rendered":"<p><strong>Copertinele<\/strong> se folosesc \u00een general pentru a proteja accesul \u00een interiorul cl\u0103dirilor. Se pot face pe structura metalic\u0103 sau din lemn. Acoperirea sau &#8222;\u00eenvelirea&#8221; structurii se poate face cu <em>policarbonat<\/em> sau <em>poliplan<\/em>.<\/p>\n\n\t\t\t<style type='text\/css'>\n\t\t\t\t#gallery-1 {\n\t\t\t\t\tmargin: auto;\n\t\t\t\t}\n\t\t\t\t#gallery-1 .gallery-item {\n\t\t\t\t\tfloat: left;\n\t\t\t\t\tmargin-top: 10px;\n\t\t\t\t\ttext-align: center;\n\t\t\t\t\twidth: 19.99%;\n\t\t\t\t}\n\t\t\t\t#gallery-1 img {\n\t\t\t\t\tborder: 2px solid #cfcfcf;\n\t\t\t\t}\n\t\t\t\t#gallery-1 .gallery-caption {\n\t\t\t\t\tmargin-left: 0;\n\t\t\t\t}\n\t\t\t\t\/* see gallery_shortcode() in wp-includes\/media.php *\/\n\t\t\t<\/style>\n\t\t<div id='gallery-1' class='gallery galleryid-395 gallery-columns-5 gallery-size-thumbnail file'><dl class='gallery-item'>\n\t\t\t\t<dt class='gallery-icon landscape'>\n\t\t\t\t\t<a href='https:\/\/www.tot-design.ro\/bacau\/wp-content\/uploads\/2018\/03\/Copertine-1.jpg'><img width=\"150\" height=\"150\" src=\"https:\/\/www.tot-design.ro\/bacau\/wp-content\/uploads\/2018\/03\/Copertine-1-150x150.jpg\" class=\"attachment-thumbnail size-thumbnail\" alt=\"\" decoding=\"async\" loading=\"lazy\" srcset=\"https:\/\/www.tot-design.ro\/bacau\/wp-content\/uploads\/2018\/03\/Copertine-1-150x150.jpg 150w, https:\/\/www.tot-design.ro\/bacau\/wp-content\/uploads\/2018\/03\/Copertine-1-85x85.jpg 85w, https:\/\/www.tot-design.ro\/bacau\/wp-content\/uploads\/2018\/03\/Copertine-1-80x80.jpg 80w\" sizes=\"(max-width: 150px) 100vw, 150px\" \/><\/a>\n\t\t\t\t<\/dt><\/dl><dl class='gallery-item'>\n\t\t\t\t<dt class='gallery-icon landscape'>\n\t\t\t\t\t<a href='https:\/\/www.tot-design.ro\/bacau\/wp-content\/uploads\/2018\/03\/Copertine-2.jpg'><img width=\"150\" height=\"150\" src=\"https:\/\/www.tot-design.ro\/bacau\/wp-content\/uploads\/2018\/03\/Copertine-2-150x150.jpg\" class=\"attachment-thumbnail size-thumbnail\" alt=\"\" decoding=\"async\" loading=\"lazy\" srcset=\"https:\/\/www.tot-design.ro\/bacau\/wp-content\/uploads\/2018\/03\/Copertine-2-150x150.jpg 150w, https:\/\/www.tot-design.ro\/bacau\/wp-content\/uploads\/2018\/03\/Copertine-2-85x85.jpg 85w, https:\/\/www.tot-design.ro\/bacau\/wp-content\/uploads\/2018\/03\/Copertine-2-80x80.jpg 80w\" sizes=\"(max-width: 150px) 100vw, 150px\" \/><\/a>\n\t\t\t\t<\/dt><\/dl><dl class='gallery-item'>\n\t\t\t\t<dt class='gallery-icon landscape'>\n\t\t\t\t\t<a href='https:\/\/www.tot-design.ro\/bacau\/wp-content\/uploads\/2018\/03\/Copertine-3.jpg'><img width=\"150\" height=\"150\" src=\"https:\/\/www.tot-design.ro\/bacau\/wp-content\/uploads\/2018\/03\/Copertine-3-150x150.jpg\" class=\"attachment-thumbnail size-thumbnail\" alt=\"\" decoding=\"async\" loading=\"lazy\" srcset=\"https:\/\/www.tot-design.ro\/bacau\/wp-content\/uploads\/2018\/03\/Copertine-3-150x150.jpg 150w, https:\/\/www.tot-design.ro\/bacau\/wp-content\/uploads\/2018\/03\/Copertine-3-85x85.jpg 85w, https:\/\/www.tot-design.ro\/bacau\/wp-content\/uploads\/2018\/03\/Copertine-3-80x80.jpg 80w\" sizes=\"(max-width: 150px) 100vw, 150px\" \/><\/a>\n\t\t\t\t<\/dt><\/dl><dl class='gallery-item'>\n\t\t\t\t<dt class='gallery-icon landscape'>\n\t\t\t\t\t<a href='https:\/\/www.tot-design.ro\/bacau\/wp-content\/uploads\/2018\/03\/Copertine-4.jpg'><img width=\"150\" height=\"150\" src=\"https:\/\/www.tot-design.ro\/bacau\/wp-content\/uploads\/2018\/03\/Copertine-4-150x150.jpg\" class=\"attachment-thumbnail size-thumbnail\" alt=\"\" decoding=\"async\" loading=\"lazy\" srcset=\"https:\/\/www.tot-design.ro\/bacau\/wp-content\/uploads\/2018\/03\/Copertine-4-150x150.jpg 150w, https:\/\/www.tot-design.ro\/bacau\/wp-content\/uploads\/2018\/03\/Copertine-4-85x85.jpg 85w, https:\/\/www.tot-design.ro\/bacau\/wp-content\/uploads\/2018\/03\/Copertine-4-80x80.jpg 80w\" sizes=\"(max-width: 150px) 100vw, 150px\" \/><\/a>\n\t\t\t\t<\/dt><\/dl><dl class='gallery-item'>\n\t\t\t\t<dt class='gallery-icon landscape'>\n\t\t\t\t\t<a href='https:\/\/www.tot-design.ro\/bacau\/wp-content\/uploads\/2018\/03\/Copertine-5.jpg'><img width=\"150\" height=\"150\" src=\"https:\/\/www.tot-design.ro\/bacau\/wp-content\/uploads\/2018\/03\/Copertine-5-150x150.jpg\" class=\"attachment-thumbnail size-thumbnail\" alt=\"\" decoding=\"async\" loading=\"lazy\" srcset=\"https:\/\/www.tot-design.ro\/bacau\/wp-content\/uploads\/2018\/03\/Copertine-5-150x150.jpg 150w, https:\/\/www.tot-design.ro\/bacau\/wp-content\/uploads\/2018\/03\/Copertine-5-85x85.jpg 85w, https:\/\/www.tot-design.ro\/bacau\/wp-content\/uploads\/2018\/03\/Copertine-5-80x80.jpg 80w\" sizes=\"(max-width: 150px) 100vw, 150px\" \/><\/a>\n\t\t\t\t<\/dt><\/dl><br style=\"clear: both\" \/><dl class='gallery-item'>\n\t\t\t\t<dt class='gallery-icon landscape'>\n\t\t\t\t\t<a href='https:\/\/www.tot-design.ro\/bacau\/wp-content\/uploads\/2018\/03\/Copertine-6.jpg'><img width=\"150\" height=\"150\" src=\"https:\/\/www.tot-design.ro\/bacau\/wp-content\/uploads\/2018\/03\/Copertine-6-150x150.jpg\" class=\"attachment-thumbnail size-thumbnail\" alt=\"\" decoding=\"async\" loading=\"lazy\" srcset=\"https:\/\/www.tot-design.ro\/bacau\/wp-content\/uploads\/2018\/03\/Copertine-6-150x150.jpg 150w, https:\/\/www.tot-design.ro\/bacau\/wp-content\/uploads\/2018\/03\/Copertine-6-85x85.jpg 85w, https:\/\/www.tot-design.ro\/bacau\/wp-content\/uploads\/2018\/03\/Copertine-6-80x80.jpg 80w\" sizes=\"(max-width: 150px) 100vw, 150px\" \/><\/a>\n\t\t\t\t<\/dt><\/dl><dl class='gallery-item'>\n\t\t\t\t<dt class='gallery-icon landscape'>\n\t\t\t\t\t<a href='https:\/\/www.tot-design.ro\/bacau\/wp-content\/uploads\/2018\/03\/Copertine-7.jpg'><img width=\"150\" height=\"150\" src=\"https:\/\/www.tot-design.ro\/bacau\/wp-content\/uploads\/2018\/03\/Copertine-7-150x150.jpg\" class=\"attachment-thumbnail size-thumbnail\" alt=\"\" decoding=\"async\" loading=\"lazy\" srcset=\"https:\/\/www.tot-design.ro\/bacau\/wp-content\/uploads\/2018\/03\/Copertine-7-150x150.jpg 150w, https:\/\/www.tot-design.ro\/bacau\/wp-content\/uploads\/2018\/03\/Copertine-7-85x85.jpg 85w, https:\/\/www.tot-design.ro\/bacau\/wp-content\/uploads\/2018\/03\/Copertine-7-80x80.jpg 80w\" sizes=\"(max-width: 150px) 100vw, 150px\" \/><\/a>\n\t\t\t\t<\/dt><\/dl><dl class='gallery-item'>\n\t\t\t\t<dt class='gallery-icon landscape'>\n\t\t\t\t\t<a href='https:\/\/www.tot-design.ro\/bacau\/wp-content\/uploads\/2018\/03\/Copertine-8.jpg'><img width=\"150\" height=\"150\" src=\"https:\/\/www.tot-design.ro\/bacau\/wp-content\/uploads\/2018\/03\/Copertine-8-150x150.jpg\" class=\"attachment-thumbnail size-thumbnail\" alt=\"\" decoding=\"async\" loading=\"lazy\" srcset=\"https:\/\/www.tot-design.ro\/bacau\/wp-content\/uploads\/2018\/03\/Copertine-8-150x150.jpg 150w, https:\/\/www.tot-design.ro\/bacau\/wp-content\/uploads\/2018\/03\/Copertine-8-85x85.jpg 85w, https:\/\/www.tot-design.ro\/bacau\/wp-content\/uploads\/2018\/03\/Copertine-8-80x80.jpg 80w\" sizes=\"(max-width: 150px) 100vw, 150px\" \/><\/a>\n\t\t\t\t<\/dt><\/dl><dl class='gallery-item'>\n\t\t\t\t<dt class='gallery-icon landscape'>\n\t\t\t\t\t<a href='https:\/\/www.tot-design.ro\/bacau\/wp-content\/uploads\/2018\/03\/Copertine-9.jpg'><img width=\"150\" height=\"150\" src=\"https:\/\/www.tot-design.ro\/bacau\/wp-content\/uploads\/2018\/03\/Copertine-9-150x150.jpg\" class=\"attachment-thumbnail size-thumbnail\" alt=\"\" decoding=\"async\" loading=\"lazy\" srcset=\"https:\/\/www.tot-design.ro\/bacau\/wp-content\/uploads\/2018\/03\/Copertine-9-150x150.jpg 150w, https:\/\/www.tot-design.ro\/bacau\/wp-content\/uploads\/2018\/03\/Copertine-9-85x85.jpg 85w, https:\/\/www.tot-design.ro\/bacau\/wp-content\/uploads\/2018\/03\/Copertine-9-80x80.jpg 80w\" sizes=\"(max-width: 150px) 100vw, 150px\" \/><\/a>\n\t\t\t\t<\/dt><\/dl><dl class='gallery-item'>\n\t\t\t\t<dt class='gallery-icon landscape'>\n\t\t\t\t\t<a href='https:\/\/www.tot-design.ro\/bacau\/wp-content\/uploads\/2018\/03\/Copertine-10.jpg'><img width=\"150\" height=\"150\" src=\"https:\/\/www.tot-design.ro\/bacau\/wp-content\/uploads\/2018\/03\/Copertine-10-150x150.jpg\" class=\"attachment-thumbnail size-thumbnail\" alt=\"\" decoding=\"async\" loading=\"lazy\" srcset=\"https:\/\/www.tot-design.ro\/bacau\/wp-content\/uploads\/2018\/03\/Copertine-10-150x150.jpg 150w, https:\/\/www.tot-design.ro\/bacau\/wp-content\/uploads\/2018\/03\/Copertine-10-85x85.jpg 85w, https:\/\/www.tot-design.ro\/bacau\/wp-content\/uploads\/2018\/03\/Copertine-10-80x80.jpg 80w\" sizes=\"(max-width: 150px) 100vw, 150px\" \/><\/a>\n\t\t\t\t<\/dt><\/dl><br style=\"clear: both\" \/><dl class='gallery-item'>\n\t\t\t\t<dt class='gallery-icon landscape'>\n\t\t\t\t\t<a href='https:\/\/www.tot-design.ro\/bacau\/wp-content\/uploads\/2018\/03\/Copertine-11.jpg'><img width=\"150\" height=\"150\" src=\"https:\/\/www.tot-design.ro\/bacau\/wp-content\/uploads\/2018\/03\/Copertine-11-150x150.jpg\" class=\"attachment-thumbnail size-thumbnail\" alt=\"\" decoding=\"async\" loading=\"lazy\" srcset=\"https:\/\/www.tot-design.ro\/bacau\/wp-content\/uploads\/2018\/03\/Copertine-11-150x150.jpg 150w, https:\/\/www.tot-design.ro\/bacau\/wp-content\/uploads\/2018\/03\/Copertine-11-85x85.jpg 85w, https:\/\/www.tot-design.ro\/bacau\/wp-content\/uploads\/2018\/03\/Copertine-11-80x80.jpg 80w\" sizes=\"(max-width: 150px) 100vw, 150px\" \/><\/a>\n\t\t\t\t<\/dt><\/dl><dl class='gallery-item'>\n\t\t\t\t<dt class='gallery-icon landscape'>\n\t\t\t\t\t<a href='https:\/\/www.tot-design.ro\/bacau\/wp-content\/uploads\/2018\/03\/Copertine-12.jpg'><img width=\"150\" height=\"150\" src=\"https:\/\/www.tot-design.ro\/bacau\/wp-content\/uploads\/2018\/03\/Copertine-12-150x150.jpg\" class=\"attachment-thumbnail size-thumbnail\" alt=\"\" decoding=\"async\" loading=\"lazy\" srcset=\"https:\/\/www.tot-design.ro\/bacau\/wp-content\/uploads\/2018\/03\/Copertine-12-150x150.jpg 150w, https:\/\/www.tot-design.ro\/bacau\/wp-content\/uploads\/2018\/03\/Copertine-12-85x85.jpg 85w, https:\/\/www.tot-design.ro\/bacau\/wp-content\/uploads\/2018\/03\/Copertine-12-80x80.jpg 80w\" sizes=\"(max-width: 150px) 100vw, 150px\" \/><\/a>\n\t\t\t\t<\/dt><\/dl><dl class='gallery-item'>\n\t\t\t\t<dt class='gallery-icon landscape'>\n\t\t\t\t\t<a href='https:\/\/www.tot-design.ro\/bacau\/wp-content\/uploads\/2018\/03\/Copertine-13.jpg'><img width=\"150\" height=\"150\" src=\"https:\/\/www.tot-design.ro\/bacau\/wp-content\/uploads\/2018\/03\/Copertine-13-150x150.jpg\" class=\"attachment-thumbnail size-thumbnail\" alt=\"\" decoding=\"async\" loading=\"lazy\" srcset=\"https:\/\/www.tot-design.ro\/bacau\/wp-content\/uploads\/2018\/03\/Copertine-13-150x150.jpg 150w, https:\/\/www.tot-design.ro\/bacau\/wp-content\/uploads\/2018\/03\/Copertine-13-85x85.jpg 85w, https:\/\/www.tot-design.ro\/bacau\/wp-content\/uploads\/2018\/03\/Copertine-13-80x80.jpg 80w\" sizes=\"(max-width: 150px) 100vw, 150px\" \/><\/a>\n\t\t\t\t<\/dt><\/dl><dl class='gallery-item'>\n\t\t\t\t<dt class='gallery-icon landscape'>\n\t\t\t\t\t<a href='https:\/\/www.tot-design.ro\/bacau\/wp-content\/uploads\/2018\/03\/Copertine-14.jpg'><img width=\"150\" height=\"150\" src=\"https:\/\/www.tot-design.ro\/bacau\/wp-content\/uploads\/2018\/03\/Copertine-14-150x150.jpg\" class=\"attachment-thumbnail size-thumbnail\" alt=\"\" decoding=\"async\" loading=\"lazy\" srcset=\"https:\/\/www.tot-design.ro\/bacau\/wp-content\/uploads\/2018\/03\/Copertine-14-150x150.jpg 150w, https:\/\/www.tot-design.ro\/bacau\/wp-content\/uploads\/2018\/03\/Copertine-14-85x85.jpg 85w, https:\/\/www.tot-design.ro\/bacau\/wp-content\/uploads\/2018\/03\/Copertine-14-80x80.jpg 80w\" sizes=\"(max-width: 150px) 100vw, 150px\" \/><\/a>\n\t\t\t\t<\/dt><\/dl><dl class='gallery-item'>\n\t\t\t\t<dt class='gallery-icon landscape'>\n\t\t\t\t\t<a href='https:\/\/www.tot-design.ro\/bacau\/wp-content\/uploads\/2018\/03\/Copertine-15.jpg'><img width=\"150\" height=\"150\" src=\"https:\/\/www.tot-design.ro\/bacau\/wp-content\/uploads\/2018\/03\/Copertine-15-150x150.jpg\" class=\"attachment-thumbnail size-thumbnail\" alt=\"\" decoding=\"async\" loading=\"lazy\" srcset=\"https:\/\/www.tot-design.ro\/bacau\/wp-content\/uploads\/2018\/03\/Copertine-15-150x150.jpg 150w, https:\/\/www.tot-design.ro\/bacau\/wp-content\/uploads\/2018\/03\/Copertine-15-85x85.jpg 85w, https:\/\/www.tot-design.ro\/bacau\/wp-content\/uploads\/2018\/03\/Copertine-15-80x80.jpg 80w\" sizes=\"(max-width: 150px) 100vw, 150px\" \/><\/a>\n\t\t\t\t<\/dt><\/dl><br style=\"clear: both\" \/><dl class='gallery-item'>\n\t\t\t\t<dt class='gallery-icon landscape'>\n\t\t\t\t\t<a href='https:\/\/www.tot-design.ro\/bacau\/wp-content\/uploads\/2018\/03\/Copertine-16.jpg'><img width=\"150\" height=\"150\" src=\"https:\/\/www.tot-design.ro\/bacau\/wp-content\/uploads\/2018\/03\/Copertine-16-150x150.jpg\" class=\"attachment-thumbnail size-thumbnail\" alt=\"\" decoding=\"async\" loading=\"lazy\" srcset=\"https:\/\/www.tot-design.ro\/bacau\/wp-content\/uploads\/2018\/03\/Copertine-16-150x150.jpg 150w, https:\/\/www.tot-design.ro\/bacau\/wp-content\/uploads\/2018\/03\/Copertine-16-85x85.jpg 85w, https:\/\/www.tot-design.ro\/bacau\/wp-content\/uploads\/2018\/03\/Copertine-16-80x80.jpg 80w\" sizes=\"(max-width: 150px) 100vw, 150px\" \/><\/a>\n\t\t\t\t<\/dt><\/dl><dl class='gallery-item'>\n\t\t\t\t<dt class='gallery-icon landscape'>\n\t\t\t\t\t<a href='https:\/\/www.tot-design.ro\/bacau\/wp-content\/uploads\/2018\/03\/Copertine-17.jpg'><img width=\"150\" height=\"150\" src=\"https:\/\/www.tot-design.ro\/bacau\/wp-content\/uploads\/2018\/03\/Copertine-17-150x150.jpg\" class=\"attachment-thumbnail size-thumbnail\" alt=\"\" decoding=\"async\" loading=\"lazy\" srcset=\"https:\/\/www.tot-design.ro\/bacau\/wp-content\/uploads\/2018\/03\/Copertine-17-150x150.jpg 150w, https:\/\/www.tot-design.ro\/bacau\/wp-content\/uploads\/2018\/03\/Copertine-17-85x85.jpg 85w, https:\/\/www.tot-design.ro\/bacau\/wp-content\/uploads\/2018\/03\/Copertine-17-80x80.jpg 80w\" sizes=\"(max-width: 150px) 100vw, 150px\" \/><\/a>\n\t\t\t\t<\/dt><\/dl><dl class='gallery-item'>\n\t\t\t\t<dt class='gallery-icon landscape'>\n\t\t\t\t\t<a href='https:\/\/www.tot-design.ro\/bacau\/wp-content\/uploads\/2018\/03\/Copertine-18.jpg'><img width=\"150\" height=\"150\" src=\"https:\/\/www.tot-design.ro\/bacau\/wp-content\/uploads\/2018\/03\/Copertine-18-150x150.jpg\" class=\"attachment-thumbnail size-thumbnail\" alt=\"\" decoding=\"async\" loading=\"lazy\" srcset=\"https:\/\/www.tot-design.ro\/bacau\/wp-content\/uploads\/2018\/03\/Copertine-18-150x150.jpg 150w, https:\/\/www.tot-design.ro\/bacau\/wp-content\/uploads\/2018\/03\/Copertine-18-85x85.jpg 85w, https:\/\/www.tot-design.ro\/bacau\/wp-content\/uploads\/2018\/03\/Copertine-18-80x80.jpg 80w\" sizes=\"(max-width: 150px) 100vw, 150px\" \/><\/a>\n\t\t\t\t<\/dt><\/dl><dl class='gallery-item'>\n\t\t\t\t<dt class='gallery-icon landscape'>\n\t\t\t\t\t<a href='https:\/\/www.tot-design.ro\/bacau\/wp-content\/uploads\/2018\/03\/Copertine-19.jpg'><img width=\"150\" height=\"150\" src=\"https:\/\/www.tot-design.ro\/bacau\/wp-content\/uploads\/2018\/03\/Copertine-19-150x150.jpg\" class=\"attachment-thumbnail size-thumbnail\" alt=\"\" decoding=\"async\" loading=\"lazy\" srcset=\"https:\/\/www.tot-design.ro\/bacau\/wp-content\/uploads\/2018\/03\/Copertine-19-150x150.jpg 150w, https:\/\/www.tot-design.ro\/bacau\/wp-content\/uploads\/2018\/03\/Copertine-19-85x85.jpg 85w, https:\/\/www.tot-design.ro\/bacau\/wp-content\/uploads\/2018\/03\/Copertine-19-80x80.jpg 80w\" sizes=\"(max-width: 150px) 100vw, 150px\" \/><\/a>\n\t\t\t\t<\/dt><\/dl><dl class='gallery-item'>\n\t\t\t\t<dt class='gallery-icon landscape'>\n\t\t\t\t\t<a href='https:\/\/www.tot-design.ro\/bacau\/wp-content\/uploads\/2018\/03\/Copertine-20.jpg'><img width=\"150\" height=\"150\" src=\"https:\/\/www.tot-design.ro\/bacau\/wp-content\/uploads\/2018\/03\/Copertine-20-150x150.jpg\" class=\"attachment-thumbnail size-thumbnail\" alt=\"\" decoding=\"async\" loading=\"lazy\" srcset=\"https:\/\/www.tot-design.ro\/bacau\/wp-content\/uploads\/2018\/03\/Copertine-20-150x150.jpg 150w, https:\/\/www.tot-design.ro\/bacau\/wp-content\/uploads\/2018\/03\/Copertine-20-85x85.jpg 85w, https:\/\/www.tot-design.ro\/bacau\/wp-content\/uploads\/2018\/03\/Copertine-20-80x80.jpg 80w\" sizes=\"(max-width: 150px) 100vw, 150px\" \/><\/a>\n\t\t\t\t<\/dt><\/dl><br style=\"clear: both\" \/><dl class='gallery-item'>\n\t\t\t\t<dt class='gallery-icon landscape'>\n\t\t\t\t\t<a href='https:\/\/www.tot-design.ro\/bacau\/wp-content\/uploads\/2018\/03\/Copertine-21.jpg'><img width=\"150\" height=\"150\" src=\"https:\/\/www.tot-design.ro\/bacau\/wp-content\/uploads\/2018\/03\/Copertine-21-150x150.jpg\" class=\"attachment-thumbnail size-thumbnail\" alt=\"\" decoding=\"async\" loading=\"lazy\" srcset=\"https:\/\/www.tot-design.ro\/bacau\/wp-content\/uploads\/2018\/03\/Copertine-21-150x150.jpg 150w, https:\/\/www.tot-design.ro\/bacau\/wp-content\/uploads\/2018\/03\/Copertine-21-85x85.jpg 85w, https:\/\/www.tot-design.ro\/bacau\/wp-content\/uploads\/2018\/03\/Copertine-21-80x80.jpg 80w\" sizes=\"(max-width: 150px) 100vw, 150px\" \/><\/a>\n\t\t\t\t<\/dt><\/dl><dl class='gallery-item'>\n\t\t\t\t<dt class='gallery-icon landscape'>\n\t\t\t\t\t<a href='https:\/\/www.tot-design.ro\/bacau\/wp-content\/uploads\/2018\/03\/Copertine-22.jpg'><img width=\"150\" height=\"150\" src=\"https:\/\/www.tot-design.ro\/bacau\/wp-content\/uploads\/2018\/03\/Copertine-22-150x150.jpg\" class=\"attachment-thumbnail size-thumbnail\" alt=\"\" decoding=\"async\" loading=\"lazy\" srcset=\"https:\/\/www.tot-design.ro\/bacau\/wp-content\/uploads\/2018\/03\/Copertine-22-150x150.jpg 150w, https:\/\/www.tot-design.ro\/bacau\/wp-content\/uploads\/2018\/03\/Copertine-22-85x85.jpg 85w, https:\/\/www.tot-design.ro\/bacau\/wp-content\/uploads\/2018\/03\/Copertine-22-80x80.jpg 80w\" sizes=\"(max-width: 150px) 100vw, 150px\" \/><\/a>\n\t\t\t\t<\/dt><\/dl><dl class='gallery-item'>\n\t\t\t\t<dt class='gallery-icon landscape'>\n\t\t\t\t\t<a href='https:\/\/www.tot-design.ro\/bacau\/wp-content\/uploads\/2018\/03\/Copertine-23.jpg'><img width=\"150\" height=\"150\" src=\"https:\/\/www.tot-design.ro\/bacau\/wp-content\/uploads\/2018\/03\/Copertine-23-150x150.jpg\" class=\"attachment-thumbnail size-thumbnail\" alt=\"\" decoding=\"async\" loading=\"lazy\" srcset=\"https:\/\/www.tot-design.ro\/bacau\/wp-content\/uploads\/2018\/03\/Copertine-23-150x150.jpg 150w, https:\/\/www.tot-design.ro\/bacau\/wp-content\/uploads\/2018\/03\/Copertine-23-85x85.jpg 85w, https:\/\/www.tot-design.ro\/bacau\/wp-content\/uploads\/2018\/03\/Copertine-23-80x80.jpg 80w\" sizes=\"(max-width: 150px) 100vw, 150px\" \/><\/a>\n\t\t\t\t<\/dt><\/dl><dl class='gallery-item'>\n\t\t\t\t<dt class='gallery-icon portrait'>\n\t\t\t\t\t<a href='https:\/\/www.tot-design.ro\/bacau\/wp-content\/uploads\/2018\/03\/Copertine-24.jpg'><img width=\"150\" height=\"150\" src=\"https:\/\/www.tot-design.ro\/bacau\/wp-content\/uploads\/2018\/03\/Copertine-24-150x150.jpg\" class=\"attachment-thumbnail size-thumbnail\" alt=\"\" decoding=\"async\" loading=\"lazy\" srcset=\"https:\/\/www.tot-design.ro\/bacau\/wp-content\/uploads\/2018\/03\/Copertine-24-150x150.jpg 150w, https:\/\/www.tot-design.ro\/bacau\/wp-content\/uploads\/2018\/03\/Copertine-24-85x85.jpg 85w, https:\/\/www.tot-design.ro\/bacau\/wp-content\/uploads\/2018\/03\/Copertine-24-80x80.jpg 80w\" sizes=\"(max-width: 150px) 100vw, 150px\" \/><\/a>\n\t\t\t\t<\/dt><\/dl><dl class='gallery-item'>\n\t\t\t\t<dt class='gallery-icon portrait'>\n\t\t\t\t\t<a href='https:\/\/www.tot-design.ro\/bacau\/wp-content\/uploads\/2018\/03\/Copertine-25.jpg'><img width=\"150\" height=\"150\" src=\"https:\/\/www.tot-design.ro\/bacau\/wp-content\/uploads\/2018\/03\/Copertine-25-150x150.jpg\" class=\"attachment-thumbnail size-thumbnail\" alt=\"\" decoding=\"async\" loading=\"lazy\" srcset=\"https:\/\/www.tot-design.ro\/bacau\/wp-content\/uploads\/2018\/03\/Copertine-25-150x150.jpg 150w, https:\/\/www.tot-design.ro\/bacau\/wp-content\/uploads\/2018\/03\/Copertine-25-85x85.jpg 85w, https:\/\/www.tot-design.ro\/bacau\/wp-content\/uploads\/2018\/03\/Copertine-25-80x80.jpg 80w\" sizes=\"(max-width: 150px) 100vw, 150px\" \/><\/a>\n\t\t\t\t<\/dt><\/dl><br style=\"clear: both\" \/>\n\t\t\t<\/div>\n\n","protected":false},"excerpt":{"rendered":"<p>Copertinele se folosesc \u00een general pentru a proteja accesul \u00een interiorul cl\u0103dirilor. Se pot face pe structura metalic\u0103 sau din lemn. Acoperirea sau &#8222;\u00eenvelirea&#8221; structurii se<span class=\"excerpt-hellip\"> [\u2026]<\/span><\/p>\n","protected":false},"author":1,"featured_media":0,"parent":131,"menu_order":0,"comment_status":"closed","ping_status":"closed","template":"","meta":{"footnotes":""},"aioseo_notices":[],"_links":{"self":[{"href":"https:\/\/www.tot-design.ro\/bacau\/wp-json\/wp\/v2\/pages\/395"}],"collection":[{"href":"https:\/\/www.tot-design.ro\/bacau\/wp-json\/wp\/v2\/pages"}],"about":[{"href":"https:\/\/www.tot-design.ro\/bacau\/wp-json\/wp\/v2\/types\/page"}],"author":[{"embeddable":true,"href":"https:\/\/www.tot-design.ro\/bacau\/wp-json\/wp\/v2\/users\/1"}],"replies":[{"embeddable":true,"href":"https:\/\/www.tot-design.ro\/bacau\/wp-json\/wp\/v2\/comments?post=395"}],"version-history":[{"count":3,"href":"https:\/\/www.tot-design.ro\/bacau\/wp-json\/wp\/v2\/pages\/395\/revisions"}],"predecessor-version":[{"id":763,"href":"https:\/\/www.tot-design.ro\/bacau\/wp-json\/wp\/v2\/pages\/395\/revisions\/763"}],"up":[{"embeddable":true,"href":"https:\/\/www.tot-design.ro\/bacau\/wp-json\/wp\/v2\/pages\/131"}],"wp:attachment":[{"href":"https:\/\/www.tot-design.ro\/bacau\/wp-json\/wp\/v2\/media?parent=395"}],"curies":[{"name":"wp","href":"https:\/\/api.w.org\/{rel}","templated":true}]}}