{"id":246,"date":"2018-03-15T11:22:55","date_gmt":"2018-03-15T09:22:55","guid":{"rendered":"https:\/\/www.tot-design.ro\/?page_id=246"},"modified":"2018-10-24T16:08:06","modified_gmt":"2018-10-24T13:08:06","slug":"colantari-cu-folii-solare","status":"publish","type":"page","link":"https:\/\/www.tot-design.ro\/bacau\/portofoliu\/colantari-cu-folii-solare\/","title":{"rendered":"Colant\u0103ri cu folii solare"},"content":{"rendered":"<p><strong>Foliile solare<\/strong> se folosesc \u00een general la colan\u0163area geamurilor cl\u0103dirilor cu suprafe\u0163e vitrate mari, pozi\u0163ionate cu fa\u0163a la soare (cl\u0103diri de birouri, magazine, spa\u0163ii de locuit, etc.). Aceste folii au diferite grade de protec\u0163ie solar\u0103, ajung\u00e2nd p\u00e2n\u0103 la 70%.<\/p>\n\n\t\t\t<style type='text\/css'>\n\t\t\t\t#gallery-1 {\n\t\t\t\t\tmargin: auto;\n\t\t\t\t}\n\t\t\t\t#gallery-1 .gallery-item {\n\t\t\t\t\tfloat: left;\n\t\t\t\t\tmargin-top: 10px;\n\t\t\t\t\ttext-align: center;\n\t\t\t\t\twidth: 33.33%;\n\t\t\t\t}\n\t\t\t\t#gallery-1 img {\n\t\t\t\t\tborder: 2px solid #cfcfcf;\n\t\t\t\t}\n\t\t\t\t#gallery-1 .gallery-caption {\n\t\t\t\t\tmargin-left: 0;\n\t\t\t\t}\n\t\t\t\t\/* see gallery_shortcode() in wp-includes\/media.php *\/\n\t\t\t<\/style>\n\t\t<div id='gallery-1' class='gallery galleryid-246 gallery-columns-3 gallery-size-large file'><dl class='gallery-item'>\n\t\t\t\t<dt class='gallery-icon landscape'>\n\t\t\t\t\t<a href='https:\/\/www.tot-design.ro\/bacau\/wp-content\/uploads\/2018\/03\/Colantari-cu-folii-solare-1.jpg'><img width=\"800\" height=\"449\" src=\"https:\/\/www.tot-design.ro\/bacau\/wp-content\/uploads\/2018\/03\/Colantari-cu-folii-solare-1-800x449.jpg\" class=\"attachment-large size-large\" alt=\"\" decoding=\"async\" loading=\"lazy\" srcset=\"https:\/\/www.tot-design.ro\/bacau\/wp-content\/uploads\/2018\/03\/Colantari-cu-folii-solare-1.jpg 800w, https:\/\/www.tot-design.ro\/bacau\/wp-content\/uploads\/2018\/03\/Colantari-cu-folii-solare-1-300x168.jpg 300w, https:\/\/www.tot-design.ro\/bacau\/wp-content\/uploads\/2018\/03\/Colantari-cu-folii-solare-1-768x431.jpg 768w, https:\/\/www.tot-design.ro\/bacau\/wp-content\/uploads\/2018\/03\/Colantari-cu-folii-solare-1-260x146.jpg 260w, https:\/\/www.tot-design.ro\/bacau\/wp-content\/uploads\/2018\/03\/Colantari-cu-folii-solare-1-50x28.jpg 50w, https:\/\/www.tot-design.ro\/bacau\/wp-content\/uploads\/2018\/03\/Colantari-cu-folii-solare-1-134x75.jpg 134w\" sizes=\"(max-width: 800px) 100vw, 800px\" \/><\/a>\n\t\t\t\t<\/dt><\/dl><dl class='gallery-item'>\n\t\t\t\t<dt class='gallery-icon landscape'>\n\t\t\t\t\t<a href='https:\/\/www.tot-design.ro\/bacau\/wp-content\/uploads\/2018\/03\/Colantari-cu-folii-solare-2.jpg'><img width=\"800\" height=\"449\" src=\"https:\/\/www.tot-design.ro\/bacau\/wp-content\/uploads\/2018\/03\/Colantari-cu-folii-solare-2-800x449.jpg\" class=\"attachment-large size-large\" alt=\"\" decoding=\"async\" loading=\"lazy\" srcset=\"https:\/\/www.tot-design.ro\/bacau\/wp-content\/uploads\/2018\/03\/Colantari-cu-folii-solare-2.jpg 800w, https:\/\/www.tot-design.ro\/bacau\/wp-content\/uploads\/2018\/03\/Colantari-cu-folii-solare-2-300x168.jpg 300w, https:\/\/www.tot-design.ro\/bacau\/wp-content\/uploads\/2018\/03\/Colantari-cu-folii-solare-2-768x431.jpg 768w, https:\/\/www.tot-design.ro\/bacau\/wp-content\/uploads\/2018\/03\/Colantari-cu-folii-solare-2-260x146.jpg 260w, https:\/\/www.tot-design.ro\/bacau\/wp-content\/uploads\/2018\/03\/Colantari-cu-folii-solare-2-50x28.jpg 50w, https:\/\/www.tot-design.ro\/bacau\/wp-content\/uploads\/2018\/03\/Colantari-cu-folii-solare-2-134x75.jpg 134w\" sizes=\"(max-width: 800px) 100vw, 800px\" \/><\/a>\n\t\t\t\t<\/dt><\/dl><dl class='gallery-item'>\n\t\t\t\t<dt class='gallery-icon landscape'>\n\t\t\t\t\t<a href='https:\/\/www.tot-design.ro\/bacau\/wp-content\/uploads\/2018\/03\/Colantari-cu-folii-solare-3.jpg'><img width=\"800\" height=\"449\" src=\"https:\/\/www.tot-design.ro\/bacau\/wp-content\/uploads\/2018\/03\/Colantari-cu-folii-solare-3-800x449.jpg\" class=\"attachment-large size-large\" alt=\"\" decoding=\"async\" loading=\"lazy\" srcset=\"https:\/\/www.tot-design.ro\/bacau\/wp-content\/uploads\/2018\/03\/Colantari-cu-folii-solare-3.jpg 800w, https:\/\/www.tot-design.ro\/bacau\/wp-content\/uploads\/2018\/03\/Colantari-cu-folii-solare-3-300x168.jpg 300w, https:\/\/www.tot-design.ro\/bacau\/wp-content\/uploads\/2018\/03\/Colantari-cu-folii-solare-3-768x431.jpg 768w, https:\/\/www.tot-design.ro\/bacau\/wp-content\/uploads\/2018\/03\/Colantari-cu-folii-solare-3-260x146.jpg 260w, https:\/\/www.tot-design.ro\/bacau\/wp-content\/uploads\/2018\/03\/Colantari-cu-folii-solare-3-50x28.jpg 50w, https:\/\/www.tot-design.ro\/bacau\/wp-content\/uploads\/2018\/03\/Colantari-cu-folii-solare-3-134x75.jpg 134w\" sizes=\"(max-width: 800px) 100vw, 800px\" \/><\/a>\n\t\t\t\t<\/dt><\/dl><br style=\"clear: both\" \/><dl class='gallery-item'>\n\t\t\t\t<dt class='gallery-icon landscape'>\n\t\t\t\t\t<a href='https:\/\/www.tot-design.ro\/bacau\/wp-content\/uploads\/2018\/03\/Colantari-cu-folii-solare-4.jpg'><img width=\"800\" height=\"449\" src=\"https:\/\/www.tot-design.ro\/bacau\/wp-content\/uploads\/2018\/03\/Colantari-cu-folii-solare-4-800x449.jpg\" class=\"attachment-large size-large\" alt=\"\" decoding=\"async\" loading=\"lazy\" srcset=\"https:\/\/www.tot-design.ro\/bacau\/wp-content\/uploads\/2018\/03\/Colantari-cu-folii-solare-4.jpg 800w, https:\/\/www.tot-design.ro\/bacau\/wp-content\/uploads\/2018\/03\/Colantari-cu-folii-solare-4-300x168.jpg 300w, https:\/\/www.tot-design.ro\/bacau\/wp-content\/uploads\/2018\/03\/Colantari-cu-folii-solare-4-768x431.jpg 768w, https:\/\/www.tot-design.ro\/bacau\/wp-content\/uploads\/2018\/03\/Colantari-cu-folii-solare-4-260x146.jpg 260w, https:\/\/www.tot-design.ro\/bacau\/wp-content\/uploads\/2018\/03\/Colantari-cu-folii-solare-4-50x28.jpg 50w, https:\/\/www.tot-design.ro\/bacau\/wp-content\/uploads\/2018\/03\/Colantari-cu-folii-solare-4-134x75.jpg 134w\" sizes=\"(max-width: 800px) 100vw, 800px\" \/><\/a>\n\t\t\t\t<\/dt><\/dl><dl class='gallery-item'>\n\t\t\t\t<dt class='gallery-icon landscape'>\n\t\t\t\t\t<a href='https:\/\/www.tot-design.ro\/bacau\/wp-content\/uploads\/2018\/03\/Colantari-cu-folii-solare-5.jpg'><img width=\"800\" height=\"449\" src=\"https:\/\/www.tot-design.ro\/bacau\/wp-content\/uploads\/2018\/03\/Colantari-cu-folii-solare-5-800x449.jpg\" class=\"attachment-large size-large\" alt=\"\" decoding=\"async\" loading=\"lazy\" srcset=\"https:\/\/www.tot-design.ro\/bacau\/wp-content\/uploads\/2018\/03\/Colantari-cu-folii-solare-5.jpg 800w, https:\/\/www.tot-design.ro\/bacau\/wp-content\/uploads\/2018\/03\/Colantari-cu-folii-solare-5-300x168.jpg 300w, https:\/\/www.tot-design.ro\/bacau\/wp-content\/uploads\/2018\/03\/Colantari-cu-folii-solare-5-768x431.jpg 768w, https:\/\/www.tot-design.ro\/bacau\/wp-content\/uploads\/2018\/03\/Colantari-cu-folii-solare-5-260x146.jpg 260w, https:\/\/www.tot-design.ro\/bacau\/wp-content\/uploads\/2018\/03\/Colantari-cu-folii-solare-5-50x28.jpg 50w, https:\/\/www.tot-design.ro\/bacau\/wp-content\/uploads\/2018\/03\/Colantari-cu-folii-solare-5-134x75.jpg 134w\" sizes=\"(max-width: 800px) 100vw, 800px\" \/><\/a>\n\t\t\t\t<\/dt><\/dl>\n\t\t\t\t<br style='clear: both' \/>\n\t\t\t<\/div>\n\n","protected":false},"excerpt":{"rendered":"<p>Foliile solare se folosesc \u00een general la colan\u0163area geamurilor cl\u0103dirilor cu suprafe\u0163e vitrate mari, pozi\u0163ionate cu fa\u0163a la soare (cl\u0103diri de birouri, magazine, spa\u0163ii de locuit,<span class=\"excerpt-hellip\"> [\u2026]<\/span><\/p>\n","protected":false},"author":1,"featured_media":0,"parent":131,"menu_order":0,"comment_status":"closed","ping_status":"closed","template":"","meta":{"footnotes":""},"aioseo_notices":[],"_links":{"self":[{"href":"https:\/\/www.tot-design.ro\/bacau\/wp-json\/wp\/v2\/pages\/246"}],"collection":[{"href":"https:\/\/www.tot-design.ro\/bacau\/wp-json\/wp\/v2\/pages"}],"about":[{"href":"https:\/\/www.tot-design.ro\/bacau\/wp-json\/wp\/v2\/types\/page"}],"author":[{"embeddable":true,"href":"https:\/\/www.tot-design.ro\/bacau\/wp-json\/wp\/v2\/users\/1"}],"replies":[{"embeddable":true,"href":"https:\/\/www.tot-design.ro\/bacau\/wp-json\/wp\/v2\/comments?post=246"}],"version-history":[{"count":6,"href":"https:\/\/www.tot-design.ro\/bacau\/wp-json\/wp\/v2\/pages\/246\/revisions"}],"predecessor-version":[{"id":779,"href":"https:\/\/www.tot-design.ro\/bacau\/wp-json\/wp\/v2\/pages\/246\/revisions\/779"}],"up":[{"embeddable":true,"href":"https:\/\/www.tot-design.ro\/bacau\/wp-json\/wp\/v2\/pages\/131"}],"wp:attachment":[{"href":"https:\/\/www.tot-design.ro\/bacau\/wp-json\/wp\/v2\/media?parent=246"}],"curies":[{"name":"wp","href":"https:\/\/api.w.org\/{rel}","templated":true}]}}